{"id":1078,"date":"2023-12-18T10:01:15","date_gmt":"2023-12-18T09:01:15","guid":{"rendered":"https:\/\/osir.dev-stage.site\/?page_id=1078"},"modified":"2023-12-21T21:44:13","modified_gmt":"2023-12-21T20:44:13","slug":"historia","status":"publish","type":"page","link":"https:\/\/www.osirgorakalwaria.pl\/en\/historia\/","title":{"rendered":"Historia"},"content":{"rendered":"<p>O\u015brodek Sportu i Rekreacji w G\u00f3rze Kalwarii powsta\u0142 w roku 1986.<\/p>\n\n\n\n<p>Jedynym obiektem podlegaj\u0105cym pod OSiR w tym czasie by\u0142 ju\u017c wcze\u015bniej istniej\u0105cy stadion miejski.<\/p>\n\n\n\n<p>W 1999 roku zosta\u0142 w\u0142\u0105czony do OSiR-u nowo wybudowany kompleks basenowy, w\u00f3wczas by\u0142 to jeden z najnowocze\u015bniejszych basen\u00f3w w okolicy. Uroczyste otwarcie basenu z udzia\u0142em W\u0142odarzy Miasta G\u00f3ry Kalwarii oraz \u00f3wczesnego Ministra Sportu odby\u0142o si\u0119 16 pa\u017adziernika 1999 roku.<\/p>\n\n\n\n<p>Basen zdoby\u0142 nagrod\u0119 II stopnia w Konkursie Polskiego Zwi\u0105zku In\u017cynier\u00f3w i Technik\u00f3w &#8211; Budowa Roku. <\/p>\n\n\n\n<p>W 2003 roku OSiR zosta\u0142 w\u0142\u0105czony do Zespo\u0142u Plac\u00f3wek O\u015bwiatowych, a basen sta\u0142 si\u0119 odr\u0119bn\u0105 jednostk\u0105 bud\u017cetow\u0105 o nazwie Miejski Zesp\u00f3\u0142 Basenowo-Rekreacyjny. <\/p>\n\n\n\n<p>W 2011 roku decyzj\u0105 Rady Miasta i Gminy G\u00f3ra Kalwaria utworzono ponownie O\u015brodek Sportu i Rekreacji, a MZB-R zosta\u0142 do niego w\u0142\u0105czony. <\/p>\n\n\n\n<p>OSiR przyj\u0105\u0142 w zarz\u0105d obiekty sportowe: stadion miejski przy ul. Wojska Polskiego w G\u00f3rze Kalwarii, stadion i orlik w Baniosze, orlik przy ul. Kalwaryjskiej w G\u00f3rze Kalwarii, boisko wielofunkcyjne, skate park, plac zabaw, si\u0142owni\u0119 zewn\u0119trzn\u0105 oraz lodowisko znajduj\u0105ce si\u0119 przy ul. Pijarskiej 119. Najnowszym obiektem jest hala sportowa przy ul. por. J. Bia\u0142ka w G\u00f3rze Kalwarii. <\/p>\n\n\n\n<p>Od pocz\u0105tku istnienia O\u015brodka Sportu i Rekreacji funkcj\u0119 dyrektor\u00f3w pe\u0142nili: Zygmunt Gromadzki, Krzysztof Stefa\u0144ski, Pawe\u0142 Tomaszewski, Henryk Chromi\u0144ski, Andrzej Wadas, Jerzy Sztyber, Pawe\u0142 Maciejewski. Obecnie funkcj\u0119 dyrektora OSiR pe\u0142ni Monika Koz\u0142owska.<\/p>","protected":false},"excerpt":{"rendered":"<p>O\u015brodek Sportu i Rekreacji w G\u00f3rze Kalwarii powsta\u0142 w roku 1986. Jedynym obiektem podlegaj\u0105cym pod OSiR w tym czasie by\u0142 [&hellip;]<\/p>","protected":false},"author":4,"featured_media":0,"parent":0,"menu_order":0,"comment_status":"closed","ping_status":"closed","template":"page-templates\/full-width.php","meta":{"_acf_changed":false,"footnotes":""},"class_list":["post-1078","page","type-page","status-publish","hentry"],"acf":[],"yoast_head":"<!-- This site is optimized with the Yoast SEO plugin v25.4 - https:\/\/yoast.com\/wordpress\/plugins\/seo\/ -->\n<title>Historia - OSiR G\u00f3ra Kalwaria<\/title>\n<meta name=\"robots\" content=\"index, follow, max-snippet:-1, max-image-preview:large, max-video-preview:-1\" \/>\n<link rel=\"canonical\" href=\"https:\/\/www.osirgorakalwaria.pl\/en\/historia\/\" \/>\n<meta property=\"og:locale\" content=\"en_US\" \/>\n<meta property=\"og:type\" content=\"article\" \/>\n<meta property=\"og:title\" content=\"Historia - OSiR G\u00f3ra Kalwaria\" \/>\n<meta property=\"og:description\" content=\"O\u015brodek Sportu i Rekreacji w G\u00f3rze Kalwarii powsta\u0142 w roku 1986. Jedynym obiektem podlegaj\u0105cym pod OSiR w tym czasie by\u0142 [&hellip;]\" \/>\n<meta property=\"og:url\" content=\"https:\/\/www.osirgorakalwaria.pl\/en\/historia\/\" \/>\n<meta property=\"og:site_name\" content=\"OSiR G\u00f3ra Kalwaria\" \/>\n<meta property=\"article:publisher\" content=\"https:\/\/www.facebook.com\/p\/OSiR-G%c3%b3ra-Kalwaria-100060829345584\/?locale=pl_PL\" \/>\n<meta property=\"article:modified_time\" content=\"2023-12-21T20:44:13+00:00\" \/>\n<meta name=\"twitter:card\" content=\"summary_large_image\" \/>\n<meta name=\"twitter:label1\" content=\"Est. reading time\" \/>\n\t<meta name=\"twitter:data1\" content=\"1 minute\" \/>\n<script type=\"application\/ld+json\" class=\"yoast-schema-graph\">{\"@context\":\"https:\/\/schema.org\",\"@graph\":[{\"@type\":\"WebPage\",\"@id\":\"https:\/\/www.osirgorakalwaria.pl\/historia\/\",\"url\":\"https:\/\/www.osirgorakalwaria.pl\/historia\/\",\"name\":\"Historia - OSiR G\u00f3ra Kalwaria\",\"isPartOf\":{\"@id\":\"https:\/\/www.osirgorakalwaria.pl\/#website\"},\"datePublished\":\"2023-12-18T09:01:15+00:00\",\"dateModified\":\"2023-12-21T20:44:13+00:00\",\"breadcrumb\":{\"@id\":\"https:\/\/www.osirgorakalwaria.pl\/historia\/#breadcrumb\"},\"inLanguage\":\"en-US\",\"potentialAction\":[{\"@type\":\"ReadAction\",\"target\":[\"https:\/\/www.osirgorakalwaria.pl\/historia\/\"]}]},{\"@type\":\"BreadcrumbList\",\"@id\":\"https:\/\/www.osirgorakalwaria.pl\/historia\/#breadcrumb\",\"itemListElement\":[{\"@type\":\"ListItem\",\"position\":1,\"name\":\"Strona g\u0142\u00f3wna\",\"item\":\"https:\/\/www.osirgorakalwaria.pl\/\"},{\"@type\":\"ListItem\",\"position\":2,\"name\":\"Historia\"}]},{\"@type\":\"WebSite\",\"@id\":\"https:\/\/www.osirgorakalwaria.pl\/#website\",\"url\":\"https:\/\/www.osirgorakalwaria.pl\/\",\"name\":\"OSiR G\u00f3ra Kalwaria\",\"description\":\"\",\"alternateName\":\"O\u015brodek Sportu i Rekreacji w G\u00f3rze Kalwarii\",\"potentialAction\":[{\"@type\":\"SearchAction\",\"target\":{\"@type\":\"EntryPoint\",\"urlTemplate\":\"https:\/\/www.osirgorakalwaria.pl\/?s={search_term_string}\"},\"query-input\":{\"@type\":\"PropertyValueSpecification\",\"valueRequired\":true,\"valueName\":\"search_term_string\"}}],\"inLanguage\":\"en-US\"}]}<\/script>\n<!-- \/ Yoast SEO plugin. -->","yoast_head_json":{"title":"Historia - OSiR G\u00f3ra Kalwaria","robots":{"index":"index","follow":"follow","max-snippet":"max-snippet:-1","max-image-preview":"max-image-preview:large","max-video-preview":"max-video-preview:-1"},"canonical":"https:\/\/www.osirgorakalwaria.pl\/en\/historia\/","og_locale":"en_US","og_type":"article","og_title":"Historia - OSiR G\u00f3ra Kalwaria","og_description":"O\u015brodek Sportu i Rekreacji w G\u00f3rze Kalwarii powsta\u0142 w roku 1986. Jedynym obiektem podlegaj\u0105cym pod OSiR w tym czasie by\u0142 [&hellip;]","og_url":"https:\/\/www.osirgorakalwaria.pl\/en\/historia\/","og_site_name":"OSiR G\u00f3ra Kalwaria","article_publisher":"https:\/\/www.facebook.com\/p\/OSiR-G%c3%b3ra-Kalwaria-100060829345584\/?locale=pl_PL","article_modified_time":"2023-12-21T20:44:13+00:00","twitter_card":"summary_large_image","twitter_misc":{"Est. reading time":"1 minute"},"schema":{"@context":"https:\/\/schema.org","@graph":[{"@type":"WebPage","@id":"https:\/\/www.osirgorakalwaria.pl\/historia\/","url":"https:\/\/www.osirgorakalwaria.pl\/historia\/","name":"Historia - OSiR G\u00f3ra Kalwaria","isPartOf":{"@id":"https:\/\/www.osirgorakalwaria.pl\/#website"},"datePublished":"2023-12-18T09:01:15+00:00","dateModified":"2023-12-21T20:44:13+00:00","breadcrumb":{"@id":"https:\/\/www.osirgorakalwaria.pl\/historia\/#breadcrumb"},"inLanguage":"en-US","potentialAction":[{"@type":"ReadAction","target":["https:\/\/www.osirgorakalwaria.pl\/historia\/"]}]},{"@type":"BreadcrumbList","@id":"https:\/\/www.osirgorakalwaria.pl\/historia\/#breadcrumb","itemListElement":[{"@type":"ListItem","position":1,"name":"Strona g\u0142\u00f3wna","item":"https:\/\/www.osirgorakalwaria.pl\/"},{"@type":"ListItem","position":2,"name":"Historia"}]},{"@type":"WebSite","@id":"https:\/\/www.osirgorakalwaria.pl\/#website","url":"https:\/\/www.osirgorakalwaria.pl\/","name":"OSiR G\u00f3ra Kalwaria","description":"","alternateName":"O\u015brodek Sportu i Rekreacji w G\u00f3rze Kalwarii","potentialAction":[{"@type":"SearchAction","target":{"@type":"EntryPoint","urlTemplate":"https:\/\/www.osirgorakalwaria.pl\/?s={search_term_string}"},"query-input":{"@type":"PropertyValueSpecification","valueRequired":true,"valueName":"search_term_string"}}],"inLanguage":"en-US"}]}},"_links":{"self":[{"href":"https:\/\/www.osirgorakalwaria.pl\/en\/wp-json\/wp\/v2\/pages\/1078","targetHints":{"allow":["GET"]}}],"collection":[{"href":"https:\/\/www.osirgorakalwaria.pl\/en\/wp-json\/wp\/v2\/pages"}],"about":[{"href":"https:\/\/www.osirgorakalwaria.pl\/en\/wp-json\/wp\/v2\/types\/page"}],"author":[{"embeddable":true,"href":"https:\/\/www.osirgorakalwaria.pl\/en\/wp-json\/wp\/v2\/users\/4"}],"replies":[{"embeddable":true,"href":"https:\/\/www.osirgorakalwaria.pl\/en\/wp-json\/wp\/v2\/comments?post=1078"}],"version-history":[{"count":5,"href":"https:\/\/www.osirgorakalwaria.pl\/en\/wp-json\/wp\/v2\/pages\/1078\/revisions"}],"predecessor-version":[{"id":1279,"href":"https:\/\/www.osirgorakalwaria.pl\/en\/wp-json\/wp\/v2\/pages\/1078\/revisions\/1279"}],"wp:attachment":[{"href":"https:\/\/www.osirgorakalwaria.pl\/en\/wp-json\/wp\/v2\/media?parent=1078"}],"curies":[{"name":"wp","href":"https:\/\/api.w.org\/{rel}","templated":true}]}}