{"id":1080,"date":"2023-12-18T10:01:40","date_gmt":"2023-12-18T09:01:40","guid":{"rendered":"https:\/\/osir.dev-stage.site\/?page_id=1080"},"modified":"2025-03-04T14:43:37","modified_gmt":"2025-03-04T13:43:37","slug":"zespol","status":"publish","type":"page","link":"https:\/\/www.osirgorakalwaria.pl\/en\/zespol\/","title":{"rendered":"Zesp\u00f3\u0142"},"content":{"rendered":"<p><\/p>\n\n\n\n<p><strong>Dyrektor:<\/strong><br>Piotr Bernaciak<br>tel.: 530 958 468<br>e-mail: dyrektor@osirgorakalwaria.pl<\/p>\n\n\n\n<p><strong>Kierownik obiekt\u00f3w sportowych:<\/strong><br>tel.: 531 733 538<br>e-mail: kierownik@osirgorakalwaria.pl<\/p>\n\n\n\n<p><strong>Organizator imprez sportowych:<\/strong><br><br>e-mail: organizator@osirgorakalwaria.pl<\/p>\n\n\n\n<p><strong>Administracja:<\/strong><br>e-mail: kontakt@osirgorakalwaria.pl<\/p>\n\n\n\n<p><strong>Ksi\u0119gowo\u015b\u0107:<\/strong><br>Tel.: 22 727-48-61 wew. 3<br>e-mail: ksiegowosc@osirgorakalwaria.pl<\/p>\n\n\n\n<p><strong>Instruktorzy Nauki P\u0142ywania:<\/strong><br>Marta: 508 379 931<br>Magda: 661 412 558<br>Krystyna: 693 476 649<br>Mateusz: 514 868 121<br>Robert: 602 235 890<br>Krzysztof: 602 270 734<br>Damian: 512 154 876<\/p>\n\n\n\n<p><strong>Obiekty:<br><\/strong>ZESP\u00d3\u0141 BASENOWY &#8211; Recepcja: 22 727 48 61<br>HALA SPORTOWA &#8211; Gospodarz Obiektu: 577 200 421<br>STADION BANIOCHA &#8211; Gospodarz Obiektu 516 596 474<br>ORLIK BANIOCHA &#8211; Gospodarz Obiektu: 516 596 474<br>STADION Miejski G\u00d3RA KALWARIA &#8211; Gospodarz Obiektu: 535 932 366<br>ORLIK G\u00d3RA KALWARIA &#8211; Gospodarz Obiektu: 574 333 289<\/p>\n\n\n\n<p><\/p>\n\n\n\n<p><br><\/p>\n\n\n\n<p><\/p>","protected":false},"excerpt":{"rendered":"<p>Dyrektor:Piotr Bernaciaktel.: 530 958 468e-mail: dyrektor@osirgorakalwaria.pl Kierownik obiekt\u00f3w sportowych:tel.: 531 733 538e-mail: kierownik@osirgorakalwaria.pl Organizator imprez sportowych: e-mail: organizator@osirgorakalwaria.pl Administracja:e-mail: kontakt@osirgorakalwaria.pl [&hellip;]<\/p>","protected":false},"author":4,"featured_media":0,"parent":0,"menu_order":0,"comment_status":"closed","ping_status":"closed","template":"page-templates\/full-width.php","meta":{"_acf_changed":false,"footnotes":""},"class_list":["post-1080","page","type-page","status-publish","hentry"],"acf":[],"yoast_head":"<!-- This site is optimized with the Yoast SEO plugin v25.4 - https:\/\/yoast.com\/wordpress\/plugins\/seo\/ -->\n<title>Zesp\u00f3\u0142 - OSiR G\u00f3ra Kalwaria<\/title>\n<meta name=\"robots\" content=\"index, follow, max-snippet:-1, max-image-preview:large, max-video-preview:-1\" \/>\n<link rel=\"canonical\" href=\"https:\/\/www.osirgorakalwaria.pl\/en\/zespol\/\" \/>\n<meta property=\"og:locale\" content=\"en_US\" \/>\n<meta property=\"og:type\" content=\"article\" \/>\n<meta property=\"og:title\" content=\"Zesp\u00f3\u0142 - OSiR G\u00f3ra Kalwaria\" \/>\n<meta property=\"og:description\" content=\"Dyrektor:Piotr Bernaciaktel.: 530 958 468e-mail: dyrektor@osirgorakalwaria.pl Kierownik obiekt\u00f3w sportowych:tel.: 531 733 538e-mail: kierownik@osirgorakalwaria.pl Organizator imprez sportowych: e-mail: organizator@osirgorakalwaria.pl Administracja:e-mail: kontakt@osirgorakalwaria.pl [&hellip;]\" \/>\n<meta property=\"og:url\" content=\"https:\/\/www.osirgorakalwaria.pl\/en\/zespol\/\" \/>\n<meta property=\"og:site_name\" content=\"OSiR G\u00f3ra Kalwaria\" \/>\n<meta property=\"article:publisher\" content=\"https:\/\/www.facebook.com\/p\/OSiR-G%c3%b3ra-Kalwaria-100060829345584\/?locale=pl_PL\" \/>\n<meta property=\"article:modified_time\" content=\"2025-03-04T13:43:37+00:00\" \/>\n<meta name=\"twitter:card\" content=\"summary_large_image\" \/>\n<script type=\"application\/ld+json\" class=\"yoast-schema-graph\">{\"@context\":\"https:\/\/schema.org\",\"@graph\":[{\"@type\":\"WebPage\",\"@id\":\"https:\/\/www.osirgorakalwaria.pl\/zespol\/\",\"url\":\"https:\/\/www.osirgorakalwaria.pl\/zespol\/\",\"name\":\"Zesp\u00f3\u0142 - OSiR G\u00f3ra Kalwaria\",\"isPartOf\":{\"@id\":\"https:\/\/www.osirgorakalwaria.pl\/#website\"},\"datePublished\":\"2023-12-18T09:01:40+00:00\",\"dateModified\":\"2025-03-04T13:43:37+00:00\",\"breadcrumb\":{\"@id\":\"https:\/\/www.osirgorakalwaria.pl\/zespol\/#breadcrumb\"},\"inLanguage\":\"en-US\",\"potentialAction\":[{\"@type\":\"ReadAction\",\"target\":[\"https:\/\/www.osirgorakalwaria.pl\/zespol\/\"]}]},{\"@type\":\"BreadcrumbList\",\"@id\":\"https:\/\/www.osirgorakalwaria.pl\/zespol\/#breadcrumb\",\"itemListElement\":[{\"@type\":\"ListItem\",\"position\":1,\"name\":\"Strona g\u0142\u00f3wna\",\"item\":\"https:\/\/www.osirgorakalwaria.pl\/\"},{\"@type\":\"ListItem\",\"position\":2,\"name\":\"Zesp\u00f3\u0142\"}]},{\"@type\":\"WebSite\",\"@id\":\"https:\/\/www.osirgorakalwaria.pl\/#website\",\"url\":\"https:\/\/www.osirgorakalwaria.pl\/\",\"name\":\"OSiR G\u00f3ra Kalwaria\",\"description\":\"\",\"alternateName\":\"O\u015brodek Sportu i Rekreacji w G\u00f3rze Kalwarii\",\"potentialAction\":[{\"@type\":\"SearchAction\",\"target\":{\"@type\":\"EntryPoint\",\"urlTemplate\":\"https:\/\/www.osirgorakalwaria.pl\/?s={search_term_string}\"},\"query-input\":{\"@type\":\"PropertyValueSpecification\",\"valueRequired\":true,\"valueName\":\"search_term_string\"}}],\"inLanguage\":\"en-US\"}]}<\/script>\n<!-- \/ Yoast SEO plugin. -->","yoast_head_json":{"title":"Zesp\u00f3\u0142 - OSiR G\u00f3ra Kalwaria","robots":{"index":"index","follow":"follow","max-snippet":"max-snippet:-1","max-image-preview":"max-image-preview:large","max-video-preview":"max-video-preview:-1"},"canonical":"https:\/\/www.osirgorakalwaria.pl\/en\/zespol\/","og_locale":"en_US","og_type":"article","og_title":"Zesp\u00f3\u0142 - OSiR G\u00f3ra Kalwaria","og_description":"Dyrektor:Piotr Bernaciaktel.: 530 958 468e-mail: dyrektor@osirgorakalwaria.pl Kierownik obiekt\u00f3w sportowych:tel.: 531 733 538e-mail: kierownik@osirgorakalwaria.pl Organizator imprez sportowych: e-mail: organizator@osirgorakalwaria.pl Administracja:e-mail: kontakt@osirgorakalwaria.pl [&hellip;]","og_url":"https:\/\/www.osirgorakalwaria.pl\/en\/zespol\/","og_site_name":"OSiR G\u00f3ra Kalwaria","article_publisher":"https:\/\/www.facebook.com\/p\/OSiR-G%c3%b3ra-Kalwaria-100060829345584\/?locale=pl_PL","article_modified_time":"2025-03-04T13:43:37+00:00","twitter_card":"summary_large_image","schema":{"@context":"https:\/\/schema.org","@graph":[{"@type":"WebPage","@id":"https:\/\/www.osirgorakalwaria.pl\/zespol\/","url":"https:\/\/www.osirgorakalwaria.pl\/zespol\/","name":"Zesp\u00f3\u0142 - OSiR G\u00f3ra Kalwaria","isPartOf":{"@id":"https:\/\/www.osirgorakalwaria.pl\/#website"},"datePublished":"2023-12-18T09:01:40+00:00","dateModified":"2025-03-04T13:43:37+00:00","breadcrumb":{"@id":"https:\/\/www.osirgorakalwaria.pl\/zespol\/#breadcrumb"},"inLanguage":"en-US","potentialAction":[{"@type":"ReadAction","target":["https:\/\/www.osirgorakalwaria.pl\/zespol\/"]}]},{"@type":"BreadcrumbList","@id":"https:\/\/www.osirgorakalwaria.pl\/zespol\/#breadcrumb","itemListElement":[{"@type":"ListItem","position":1,"name":"Strona g\u0142\u00f3wna","item":"https:\/\/www.osirgorakalwaria.pl\/"},{"@type":"ListItem","position":2,"name":"Zesp\u00f3\u0142"}]},{"@type":"WebSite","@id":"https:\/\/www.osirgorakalwaria.pl\/#website","url":"https:\/\/www.osirgorakalwaria.pl\/","name":"OSiR G\u00f3ra Kalwaria","description":"","alternateName":"O\u015brodek Sportu i Rekreacji w G\u00f3rze Kalwarii","potentialAction":[{"@type":"SearchAction","target":{"@type":"EntryPoint","urlTemplate":"https:\/\/www.osirgorakalwaria.pl\/?s={search_term_string}"},"query-input":{"@type":"PropertyValueSpecification","valueRequired":true,"valueName":"search_term_string"}}],"inLanguage":"en-US"}]}},"_links":{"self":[{"href":"https:\/\/www.osirgorakalwaria.pl\/en\/wp-json\/wp\/v2\/pages\/1080","targetHints":{"allow":["GET"]}}],"collection":[{"href":"https:\/\/www.osirgorakalwaria.pl\/en\/wp-json\/wp\/v2\/pages"}],"about":[{"href":"https:\/\/www.osirgorakalwaria.pl\/en\/wp-json\/wp\/v2\/types\/page"}],"author":[{"embeddable":true,"href":"https:\/\/www.osirgorakalwaria.pl\/en\/wp-json\/wp\/v2\/users\/4"}],"replies":[{"embeddable":true,"href":"https:\/\/www.osirgorakalwaria.pl\/en\/wp-json\/wp\/v2\/comments?post=1080"}],"version-history":[{"count":7,"href":"https:\/\/www.osirgorakalwaria.pl\/en\/wp-json\/wp\/v2\/pages\/1080\/revisions"}],"predecessor-version":[{"id":1825,"href":"https:\/\/www.osirgorakalwaria.pl\/en\/wp-json\/wp\/v2\/pages\/1080\/revisions\/1825"}],"wp:attachment":[{"href":"https:\/\/www.osirgorakalwaria.pl\/en\/wp-json\/wp\/v2\/media?parent=1080"}],"curies":[{"name":"wp","href":"https:\/\/api.w.org\/{rel}","templated":true}]}}