{"id":1098,"date":"2023-12-18T10:14:32","date_gmt":"2023-12-18T09:14:32","guid":{"rendered":"https:\/\/osir.dev-stage.site\/?page_id=1098"},"modified":"2023-12-21T21:44:07","modified_gmt":"2023-12-21T20:44:07","slug":"hala","status":"publish","type":"page","link":"https:\/\/www.osirgorakalwaria.pl\/en\/hala\/","title":{"rendered":"Hala"},"content":{"rendered":"<p><\/p>\n\n\n\n<p>Hala sportowa znajduje si\u0119 przy ulicy Jana Bia\u0142ka 7 w G\u00f3rze Kalwarii.<\/p>\n\n\n\n<p>Jest to nowoczesny obiekt z pe\u0142nowymiarowym boiskiem o wymiarach 45 x 20 przeznaczonym do: pi\u0142ki r\u0119cznej, koszyk\u00f3wki, siatk\u00f3wki oraz pi\u0142ki no\u017cnej halowej.<br>Mamy mo\u017cliwo\u015b\u0107 dzielenia boiska hali na 3 sektory. Dla naszych kibic\u00f3w posiadamy trybuny, kt\u00f3re pomieszcz\u0105 300 os\u00f3b. Dodatkowo poza boiskiem mamy r\u00f3wnie\u017c do dyspozycji 3 salki: salka fitness, salka sztuk walki oraz salka gimnastyczna.<br>Mamy te\u017c hol wyposa\u017cony w sprz\u0119t sportowy oraz krzes\u0142a konferencyjne. Istnieje mo\u017cliwo\u015b\u0107 wynajmu holu wg cennika OSiRu.<br>Hala Sportowa czynna jest od poniedzia\u0142ku do pi\u0105tku w godzinach 16.00 &#8211; 22.00.<br>Gospodarz Obiektu: 577-200-421<\/p>\n\n\n\n<p><br><a href=\"https:\/\/www.osirgorakalwaria.pl\/wp-content\/uploads\/2023\/12\/Cennik_hala.pdf\" data-type=\"link\" data-id=\"https:\/\/www.osirgorakalwaria.pl\/wp-content\/uploads\/2023\/12\/Cennik_hala_sportowa.pdf\" target=\"_blank\" rel=\"noreferrer noopener\"><mark style=\"background-color:rgba(0, 0, 0, 0)\" class=\"has-inline-color has-vivid-cyan-blue-color\">Cennik wynaj\u0119cia hali (PDF)<\/mark><\/a><\/p>\n\n\n<div class=\"wp-block-image\">\n<figure class=\"aligncenter size-full is-resized\"><img loading=\"lazy\" decoding=\"async\" width=\"800\" height=\"450\" src=\"https:\/\/www.osirgorakalwaria.pl\/wp-content\/uploads\/2023\/12\/hala3.jpg\" alt=\"\" class=\"wp-image-1238\" style=\"width:1138px;height:auto\" srcset=\"https:\/\/www.osirgorakalwaria.pl\/wp-content\/uploads\/2023\/12\/hala3.jpg 800w, https:\/\/www.osirgorakalwaria.pl\/wp-content\/uploads\/2023\/12\/hala3-300x169.jpg 300w, https:\/\/www.osirgorakalwaria.pl\/wp-content\/uploads\/2023\/12\/hala3-768x432.jpg 768w\" sizes=\"auto, (max-width: 800px) 100vw, 800px\" \/><\/figure>\n<\/div>\n\n\n<p><\/p>","protected":false},"excerpt":{"rendered":"<p>Hala sportowa znajduje si\u0119 przy ulicy Jana Bia\u0142ka 7 w G\u00f3rze Kalwarii. Jest to nowoczesny obiekt z pe\u0142nowymiarowym boiskiem o [&hellip;]<\/p>","protected":false},"author":4,"featured_media":0,"parent":0,"menu_order":0,"comment_status":"closed","ping_status":"closed","template":"page-templates\/pagebuilder.php","meta":{"_acf_changed":false,"footnotes":""},"class_list":["post-1098","page","type-page","status-publish","hentry"],"acf":[],"yoast_head":"<!-- This site is optimized with the Yoast SEO plugin v25.4 - https:\/\/yoast.com\/wordpress\/plugins\/seo\/ -->\n<title>Hala - OSiR G\u00f3ra Kalwaria<\/title>\n<meta name=\"robots\" content=\"index, follow, max-snippet:-1, max-image-preview:large, max-video-preview:-1\" \/>\n<link rel=\"canonical\" href=\"https:\/\/www.osirgorakalwaria.pl\/en\/hala\/\" \/>\n<meta property=\"og:locale\" content=\"en_US\" \/>\n<meta property=\"og:type\" content=\"article\" \/>\n<meta property=\"og:title\" content=\"Hala - OSiR G\u00f3ra Kalwaria\" \/>\n<meta property=\"og:description\" content=\"Hala sportowa znajduje si\u0119 przy ulicy Jana Bia\u0142ka 7 w G\u00f3rze Kalwarii. Jest to nowoczesny obiekt z pe\u0142nowymiarowym boiskiem o [&hellip;]\" \/>\n<meta property=\"og:url\" content=\"https:\/\/www.osirgorakalwaria.pl\/en\/hala\/\" \/>\n<meta property=\"og:site_name\" content=\"OSiR G\u00f3ra Kalwaria\" \/>\n<meta property=\"article:publisher\" content=\"https:\/\/www.facebook.com\/p\/OSiR-G%c3%b3ra-Kalwaria-100060829345584\/?locale=pl_PL\" \/>\n<meta property=\"article:modified_time\" content=\"2023-12-21T20:44:07+00:00\" \/>\n<meta property=\"og:image\" content=\"https:\/\/www.osirgorakalwaria.pl\/wp-content\/uploads\/2023\/12\/hala3.jpg\" \/>\n<meta name=\"twitter:card\" content=\"summary_large_image\" \/>\n<meta name=\"twitter:label1\" content=\"Est. reading time\" \/>\n\t<meta name=\"twitter:data1\" content=\"1 minute\" \/>\n<script type=\"application\/ld+json\" class=\"yoast-schema-graph\">{\"@context\":\"https:\/\/schema.org\",\"@graph\":[{\"@type\":\"WebPage\",\"@id\":\"https:\/\/www.osirgorakalwaria.pl\/hala\/\",\"url\":\"https:\/\/www.osirgorakalwaria.pl\/hala\/\",\"name\":\"Hala - OSiR G\u00f3ra Kalwaria\",\"isPartOf\":{\"@id\":\"https:\/\/www.osirgorakalwaria.pl\/#website\"},\"primaryImageOfPage\":{\"@id\":\"https:\/\/www.osirgorakalwaria.pl\/hala\/#primaryimage\"},\"image\":{\"@id\":\"https:\/\/www.osirgorakalwaria.pl\/hala\/#primaryimage\"},\"thumbnailUrl\":\"https:\/\/www.osirgorakalwaria.pl\/wp-content\/uploads\/2023\/12\/hala3.jpg\",\"datePublished\":\"2023-12-18T09:14:32+00:00\",\"dateModified\":\"2023-12-21T20:44:07+00:00\",\"breadcrumb\":{\"@id\":\"https:\/\/www.osirgorakalwaria.pl\/hala\/#breadcrumb\"},\"inLanguage\":\"en-US\",\"potentialAction\":[{\"@type\":\"ReadAction\",\"target\":[\"https:\/\/www.osirgorakalwaria.pl\/hala\/\"]}]},{\"@type\":\"ImageObject\",\"inLanguage\":\"en-US\",\"@id\":\"https:\/\/www.osirgorakalwaria.pl\/hala\/#primaryimage\",\"url\":\"https:\/\/www.osirgorakalwaria.pl\/wp-content\/uploads\/2023\/12\/hala3.jpg\",\"contentUrl\":\"https:\/\/www.osirgorakalwaria.pl\/wp-content\/uploads\/2023\/12\/hala3.jpg\"},{\"@type\":\"BreadcrumbList\",\"@id\":\"https:\/\/www.osirgorakalwaria.pl\/hala\/#breadcrumb\",\"itemListElement\":[{\"@type\":\"ListItem\",\"position\":1,\"name\":\"Strona g\u0142\u00f3wna\",\"item\":\"https:\/\/www.osirgorakalwaria.pl\/\"},{\"@type\":\"ListItem\",\"position\":2,\"name\":\"Hala\"}]},{\"@type\":\"WebSite\",\"@id\":\"https:\/\/www.osirgorakalwaria.pl\/#website\",\"url\":\"https:\/\/www.osirgorakalwaria.pl\/\",\"name\":\"OSiR G\u00f3ra Kalwaria\",\"description\":\"\",\"alternateName\":\"O\u015brodek Sportu i Rekreacji w G\u00f3rze Kalwarii\",\"potentialAction\":[{\"@type\":\"SearchAction\",\"target\":{\"@type\":\"EntryPoint\",\"urlTemplate\":\"https:\/\/www.osirgorakalwaria.pl\/?s={search_term_string}\"},\"query-input\":{\"@type\":\"PropertyValueSpecification\",\"valueRequired\":true,\"valueName\":\"search_term_string\"}}],\"inLanguage\":\"en-US\"}]}<\/script>\n<!-- \/ Yoast SEO plugin. -->","yoast_head_json":{"title":"Hala - OSiR G\u00f3ra Kalwaria","robots":{"index":"index","follow":"follow","max-snippet":"max-snippet:-1","max-image-preview":"max-image-preview:large","max-video-preview":"max-video-preview:-1"},"canonical":"https:\/\/www.osirgorakalwaria.pl\/en\/hala\/","og_locale":"en_US","og_type":"article","og_title":"Hala - OSiR G\u00f3ra Kalwaria","og_description":"Hala sportowa znajduje si\u0119 przy ulicy Jana Bia\u0142ka 7 w G\u00f3rze Kalwarii. Jest to nowoczesny obiekt z pe\u0142nowymiarowym boiskiem o [&hellip;]","og_url":"https:\/\/www.osirgorakalwaria.pl\/en\/hala\/","og_site_name":"OSiR G\u00f3ra Kalwaria","article_publisher":"https:\/\/www.facebook.com\/p\/OSiR-G%c3%b3ra-Kalwaria-100060829345584\/?locale=pl_PL","article_modified_time":"2023-12-21T20:44:07+00:00","og_image":[{"url":"https:\/\/www.osirgorakalwaria.pl\/wp-content\/uploads\/2023\/12\/hala3.jpg","type":"","width":"","height":""}],"twitter_card":"summary_large_image","twitter_misc":{"Est. reading time":"1 minute"},"schema":{"@context":"https:\/\/schema.org","@graph":[{"@type":"WebPage","@id":"https:\/\/www.osirgorakalwaria.pl\/hala\/","url":"https:\/\/www.osirgorakalwaria.pl\/hala\/","name":"Hala - OSiR G\u00f3ra Kalwaria","isPartOf":{"@id":"https:\/\/www.osirgorakalwaria.pl\/#website"},"primaryImageOfPage":{"@id":"https:\/\/www.osirgorakalwaria.pl\/hala\/#primaryimage"},"image":{"@id":"https:\/\/www.osirgorakalwaria.pl\/hala\/#primaryimage"},"thumbnailUrl":"https:\/\/www.osirgorakalwaria.pl\/wp-content\/uploads\/2023\/12\/hala3.jpg","datePublished":"2023-12-18T09:14:32+00:00","dateModified":"2023-12-21T20:44:07+00:00","breadcrumb":{"@id":"https:\/\/www.osirgorakalwaria.pl\/hala\/#breadcrumb"},"inLanguage":"en-US","potentialAction":[{"@type":"ReadAction","target":["https:\/\/www.osirgorakalwaria.pl\/hala\/"]}]},{"@type":"ImageObject","inLanguage":"en-US","@id":"https:\/\/www.osirgorakalwaria.pl\/hala\/#primaryimage","url":"https:\/\/www.osirgorakalwaria.pl\/wp-content\/uploads\/2023\/12\/hala3.jpg","contentUrl":"https:\/\/www.osirgorakalwaria.pl\/wp-content\/uploads\/2023\/12\/hala3.jpg"},{"@type":"BreadcrumbList","@id":"https:\/\/www.osirgorakalwaria.pl\/hala\/#breadcrumb","itemListElement":[{"@type":"ListItem","position":1,"name":"Strona g\u0142\u00f3wna","item":"https:\/\/www.osirgorakalwaria.pl\/"},{"@type":"ListItem","position":2,"name":"Hala"}]},{"@type":"WebSite","@id":"https:\/\/www.osirgorakalwaria.pl\/#website","url":"https:\/\/www.osirgorakalwaria.pl\/","name":"OSiR G\u00f3ra Kalwaria","description":"","alternateName":"O\u015brodek Sportu i Rekreacji w G\u00f3rze Kalwarii","potentialAction":[{"@type":"SearchAction","target":{"@type":"EntryPoint","urlTemplate":"https:\/\/www.osirgorakalwaria.pl\/?s={search_term_string}"},"query-input":{"@type":"PropertyValueSpecification","valueRequired":true,"valueName":"search_term_string"}}],"inLanguage":"en-US"}]}},"_links":{"self":[{"href":"https:\/\/www.osirgorakalwaria.pl\/en\/wp-json\/wp\/v2\/pages\/1098","targetHints":{"allow":["GET"]}}],"collection":[{"href":"https:\/\/www.osirgorakalwaria.pl\/en\/wp-json\/wp\/v2\/pages"}],"about":[{"href":"https:\/\/www.osirgorakalwaria.pl\/en\/wp-json\/wp\/v2\/types\/page"}],"author":[{"embeddable":true,"href":"https:\/\/www.osirgorakalwaria.pl\/en\/wp-json\/wp\/v2\/users\/4"}],"replies":[{"embeddable":true,"href":"https:\/\/www.osirgorakalwaria.pl\/en\/wp-json\/wp\/v2\/comments?post=1098"}],"version-history":[{"count":9,"href":"https:\/\/www.osirgorakalwaria.pl\/en\/wp-json\/wp\/v2\/pages\/1098\/revisions"}],"predecessor-version":[{"id":1366,"href":"https:\/\/www.osirgorakalwaria.pl\/en\/wp-json\/wp\/v2\/pages\/1098\/revisions\/1366"}],"wp:attachment":[{"href":"https:\/\/www.osirgorakalwaria.pl\/en\/wp-json\/wp\/v2\/media?parent=1098"}],"curies":[{"name":"wp","href":"https:\/\/api.w.org\/{rel}","templated":true}]}}