{"id":1100,"date":"2023-12-18T10:24:10","date_gmt":"2023-12-18T09:24:10","guid":{"rendered":"https:\/\/osir.dev-stage.site\/?page_id=1100"},"modified":"2023-12-21T21:43:51","modified_gmt":"2023-12-21T20:43:51","slug":"boiska-i-obiekty","status":"publish","type":"page","link":"https:\/\/www.osirgorakalwaria.pl\/en\/boiska-i-obiekty\/","title":{"rendered":"Boiska i obiekty"},"content":{"rendered":"<p><\/p>\n\n\n\n<p><\/p>\n\n\n\n<p><strong>ORLIK G\u00d3RA KALWARIA<\/strong><\/p>\n\n\n\n<p>Kompleks Orlik zlokalizowany jest przy ulicy Kalwaryjskiej 3 w G\u00f3rze Kalwarii.<br>Sk\u0142ada si\u0119 z boiska pi\u0142karskiego ze sztuczn\u0105 traw\u0105, boiska wielofunkcyjnego z nawierzchni\u0105 tartanow\u0105 oraz kompleksu sanitarno-szatniowego.<br>Boiska s\u0105 ogrodzone i o\u015bwietlone co zapewnia bezpiecze\u0144stwo podczas korzystania.<br>Orlik czynny jest od poniedzia\u0142ku do pi\u0105tku w godz.: 17.00 &#8211; 21.30. W dniach sobota &#8211; niedziela w godz. 12.00 &#8211; 18.00.<br>Gospodarz Obiektu: 574-333-289.<\/p>\n\n\n\n<p><\/p>\n\n\n\n<p><strong>STADION G\u00d3RA KALWARIA<\/strong><\/p>\n\n\n\n<p>Stadion miejski mie\u015bci si\u0119 przy ulicy Wojska Polskiego 44 w G\u00f3rze Kalwarii.<br>Obiekt powsta\u0142 11 wrze\u015bnia 1966 roku. Sk\u0142ada si\u0119 z trzech boisk: g\u0142\u00f3wnego o wymiarach 105 x 68 m, bocznego o wymiarach 92 x 54 m oraz ma\u0142ego o wymiarach 50 x 30 m. Opr\u00f3cz tego posiadamy bie\u017cni\u0119 dooko\u0142a g\u0142\u00f3wnego boiska. Obiekt posiada budynek gospodarczy z zapleczem sanitarno-szatniowym. W budynku mie\u015bci si\u0119 biuro klubu MKS Korona G\u00f3ra Kalwaria.<\/p>\n\n\n\n<p>Stadion czynny jest od poniedzia\u0142ku do pi\u0105tku w godzinach 16.00 &#8211; 21.00.<br>Inne dni i godziny po ustaleniu z gospodarzem obiektu.<br>Gospodarz Obiektu: 535-932-366.<\/p>\n\n\n\n<p><\/p>\n\n\n\n<p><strong>ORLIK BANIOCHA<\/strong><\/p>\n\n\n\n<p>Boisko Orlik mie\u015bci si\u0119 przy ul. Szkolnej w Baniosze.<br>Na boisku pi\u0142karskim ze sztuczn\u0105 nawierzchni\u0105 mo\u017cemy gra\u0107 w pi\u0142k\u0119 no\u017cn\u0105. Na bocznym boisku wielofunkcyjnym z nawierzchni\u0105 tartanow\u0105 mo\u017cemy gra\u0107 w pi\u0142k\u0119 r\u0119czn\u0105, koszyk\u00f3wk\u0119 oraz siatk\u00f3wk\u0119.<br>Zaplecze stanowi budynek sanitarno-szatniowy. Ca\u0142y obiekt jest o\u015bwietlony i ogrodzony, co zapewnia bezpiecze\u0144stwo podczas korzystania.<br>Orlik czynny jest od poniedzia\u0142ku do pi\u0105tku w godzinach 17.00 &#8211; 21.30.<br>Sobota \u2013 niedziela po ustaleniu z gospodarzem obiektu.<br>Gospodarz Obiektu: 516-596-474.<\/p>\n\n\n\n<p><\/p>\n\n\n\n<p><strong>STADION BANIOCHA<\/strong><\/p>\n\n\n\n<p>Stadion mie\u015bci si\u0119 przy ulicy Szkolnej 1 w Baniosze.<br>Stadion sk\u0142ada si\u0119 trawiastego boiska do pi\u0142ki no\u017cnej, kort\u00f3w tenisowych ze sztuczn\u0105 traw\u0105, tartanowej bie\u017cni oraz trybun dla kibic\u00f3w. W budynku mie\u015bci si\u0119 biuro klubu pi\u0142karskiego KS Orze\u0142 Baniocha.<br>Stadion czynny jest od poniedzia\u0142ku do pi\u0105tku w godzinach 14.00 &#8211; 21.00.<br>Sobota &#8211; niedziela po uzgodnieniu z gospodarzem obiektu.<br>Gospodarz Obiektu: 516-596-474.<\/p>\n\n\n\n<p><\/p>","protected":false},"excerpt":{"rendered":"<p>ORLIK G\u00d3RA KALWARIA Kompleks Orlik zlokalizowany jest przy ulicy Kalwaryjskiej 3 w G\u00f3rze Kalwarii.Sk\u0142ada si\u0119 z boiska pi\u0142karskiego ze sztuczn\u0105 [&hellip;]<\/p>","protected":false},"author":4,"featured_media":0,"parent":0,"menu_order":0,"comment_status":"closed","ping_status":"closed","template":"page-templates\/pagebuilder.php","meta":{"_acf_changed":false,"footnotes":""},"class_list":["post-1100","page","type-page","status-publish","hentry"],"acf":[],"yoast_head":"<!-- This site is optimized with the Yoast SEO plugin v25.4 - https:\/\/yoast.com\/wordpress\/plugins\/seo\/ -->\n<title>Boiska i obiekty - OSiR G\u00f3ra Kalwaria<\/title>\n<meta name=\"robots\" content=\"index, follow, max-snippet:-1, max-image-preview:large, max-video-preview:-1\" \/>\n<link rel=\"canonical\" href=\"https:\/\/www.osirgorakalwaria.pl\/en\/boiska-i-obiekty\/\" \/>\n<meta property=\"og:locale\" content=\"en_US\" \/>\n<meta property=\"og:type\" content=\"article\" \/>\n<meta property=\"og:title\" content=\"Boiska i obiekty - OSiR G\u00f3ra Kalwaria\" \/>\n<meta property=\"og:description\" content=\"ORLIK G\u00d3RA KALWARIA Kompleks Orlik zlokalizowany jest przy ulicy Kalwaryjskiej 3 w G\u00f3rze Kalwarii.Sk\u0142ada si\u0119 z boiska pi\u0142karskiego ze sztuczn\u0105 [&hellip;]\" \/>\n<meta property=\"og:url\" content=\"https:\/\/www.osirgorakalwaria.pl\/en\/boiska-i-obiekty\/\" \/>\n<meta property=\"og:site_name\" content=\"OSiR G\u00f3ra Kalwaria\" \/>\n<meta property=\"article:publisher\" content=\"https:\/\/www.facebook.com\/p\/OSiR-G%c3%b3ra-Kalwaria-100060829345584\/?locale=pl_PL\" \/>\n<meta property=\"article:modified_time\" content=\"2023-12-21T20:43:51+00:00\" \/>\n<meta name=\"twitter:card\" content=\"summary_large_image\" \/>\n<meta name=\"twitter:label1\" content=\"Est. reading time\" \/>\n\t<meta name=\"twitter:data1\" content=\"2 minutes\" \/>\n<script type=\"application\/ld+json\" class=\"yoast-schema-graph\">{\"@context\":\"https:\/\/schema.org\",\"@graph\":[{\"@type\":\"WebPage\",\"@id\":\"https:\/\/www.osirgorakalwaria.pl\/boiska-i-obiekty\/\",\"url\":\"https:\/\/www.osirgorakalwaria.pl\/boiska-i-obiekty\/\",\"name\":\"Boiska i obiekty - OSiR G\u00f3ra Kalwaria\",\"isPartOf\":{\"@id\":\"https:\/\/www.osirgorakalwaria.pl\/#website\"},\"datePublished\":\"2023-12-18T09:24:10+00:00\",\"dateModified\":\"2023-12-21T20:43:51+00:00\",\"breadcrumb\":{\"@id\":\"https:\/\/www.osirgorakalwaria.pl\/boiska-i-obiekty\/#breadcrumb\"},\"inLanguage\":\"en-US\",\"potentialAction\":[{\"@type\":\"ReadAction\",\"target\":[\"https:\/\/www.osirgorakalwaria.pl\/boiska-i-obiekty\/\"]}]},{\"@type\":\"BreadcrumbList\",\"@id\":\"https:\/\/www.osirgorakalwaria.pl\/boiska-i-obiekty\/#breadcrumb\",\"itemListElement\":[{\"@type\":\"ListItem\",\"position\":1,\"name\":\"Strona g\u0142\u00f3wna\",\"item\":\"https:\/\/www.osirgorakalwaria.pl\/\"},{\"@type\":\"ListItem\",\"position\":2,\"name\":\"Boiska i obiekty\"}]},{\"@type\":\"WebSite\",\"@id\":\"https:\/\/www.osirgorakalwaria.pl\/#website\",\"url\":\"https:\/\/www.osirgorakalwaria.pl\/\",\"name\":\"OSiR G\u00f3ra Kalwaria\",\"description\":\"\",\"alternateName\":\"O\u015brodek Sportu i Rekreacji w G\u00f3rze Kalwarii\",\"potentialAction\":[{\"@type\":\"SearchAction\",\"target\":{\"@type\":\"EntryPoint\",\"urlTemplate\":\"https:\/\/www.osirgorakalwaria.pl\/?s={search_term_string}\"},\"query-input\":{\"@type\":\"PropertyValueSpecification\",\"valueRequired\":true,\"valueName\":\"search_term_string\"}}],\"inLanguage\":\"en-US\"}]}<\/script>\n<!-- \/ Yoast SEO plugin. -->","yoast_head_json":{"title":"Boiska i obiekty - OSiR G\u00f3ra Kalwaria","robots":{"index":"index","follow":"follow","max-snippet":"max-snippet:-1","max-image-preview":"max-image-preview:large","max-video-preview":"max-video-preview:-1"},"canonical":"https:\/\/www.osirgorakalwaria.pl\/en\/boiska-i-obiekty\/","og_locale":"en_US","og_type":"article","og_title":"Boiska i obiekty - OSiR G\u00f3ra Kalwaria","og_description":"ORLIK G\u00d3RA KALWARIA Kompleks Orlik zlokalizowany jest przy ulicy Kalwaryjskiej 3 w G\u00f3rze Kalwarii.Sk\u0142ada si\u0119 z boiska pi\u0142karskiego ze sztuczn\u0105 [&hellip;]","og_url":"https:\/\/www.osirgorakalwaria.pl\/en\/boiska-i-obiekty\/","og_site_name":"OSiR G\u00f3ra Kalwaria","article_publisher":"https:\/\/www.facebook.com\/p\/OSiR-G%c3%b3ra-Kalwaria-100060829345584\/?locale=pl_PL","article_modified_time":"2023-12-21T20:43:51+00:00","twitter_card":"summary_large_image","twitter_misc":{"Est. reading time":"2 minutes"},"schema":{"@context":"https:\/\/schema.org","@graph":[{"@type":"WebPage","@id":"https:\/\/www.osirgorakalwaria.pl\/boiska-i-obiekty\/","url":"https:\/\/www.osirgorakalwaria.pl\/boiska-i-obiekty\/","name":"Boiska i obiekty - OSiR G\u00f3ra Kalwaria","isPartOf":{"@id":"https:\/\/www.osirgorakalwaria.pl\/#website"},"datePublished":"2023-12-18T09:24:10+00:00","dateModified":"2023-12-21T20:43:51+00:00","breadcrumb":{"@id":"https:\/\/www.osirgorakalwaria.pl\/boiska-i-obiekty\/#breadcrumb"},"inLanguage":"en-US","potentialAction":[{"@type":"ReadAction","target":["https:\/\/www.osirgorakalwaria.pl\/boiska-i-obiekty\/"]}]},{"@type":"BreadcrumbList","@id":"https:\/\/www.osirgorakalwaria.pl\/boiska-i-obiekty\/#breadcrumb","itemListElement":[{"@type":"ListItem","position":1,"name":"Strona g\u0142\u00f3wna","item":"https:\/\/www.osirgorakalwaria.pl\/"},{"@type":"ListItem","position":2,"name":"Boiska i obiekty"}]},{"@type":"WebSite","@id":"https:\/\/www.osirgorakalwaria.pl\/#website","url":"https:\/\/www.osirgorakalwaria.pl\/","name":"OSiR G\u00f3ra Kalwaria","description":"","alternateName":"O\u015brodek Sportu i Rekreacji w G\u00f3rze Kalwarii","potentialAction":[{"@type":"SearchAction","target":{"@type":"EntryPoint","urlTemplate":"https:\/\/www.osirgorakalwaria.pl\/?s={search_term_string}"},"query-input":{"@type":"PropertyValueSpecification","valueRequired":true,"valueName":"search_term_string"}}],"inLanguage":"en-US"}]}},"_links":{"self":[{"href":"https:\/\/www.osirgorakalwaria.pl\/en\/wp-json\/wp\/v2\/pages\/1100","targetHints":{"allow":["GET"]}}],"collection":[{"href":"https:\/\/www.osirgorakalwaria.pl\/en\/wp-json\/wp\/v2\/pages"}],"about":[{"href":"https:\/\/www.osirgorakalwaria.pl\/en\/wp-json\/wp\/v2\/types\/page"}],"author":[{"embeddable":true,"href":"https:\/\/www.osirgorakalwaria.pl\/en\/wp-json\/wp\/v2\/users\/4"}],"replies":[{"embeddable":true,"href":"https:\/\/www.osirgorakalwaria.pl\/en\/wp-json\/wp\/v2\/comments?post=1100"}],"version-history":[{"count":5,"href":"https:\/\/www.osirgorakalwaria.pl\/en\/wp-json\/wp\/v2\/pages\/1100\/revisions"}],"predecessor-version":[{"id":1972,"href":"https:\/\/www.osirgorakalwaria.pl\/en\/wp-json\/wp\/v2\/pages\/1100\/revisions\/1972"}],"wp:attachment":[{"href":"https:\/\/www.osirgorakalwaria.pl\/en\/wp-json\/wp\/v2\/media?parent=1100"}],"curies":[{"name":"wp","href":"https:\/\/api.w.org\/{rel}","templated":true}]}}