{"id":1104,"date":"2023-12-18T10:16:04","date_gmt":"2023-12-18T09:16:04","guid":{"rendered":"https:\/\/osir.dev-stage.site\/?page_id=1104"},"modified":"2025-09-26T08:53:51","modified_gmt":"2025-09-26T06:53:51","slug":"sekcje-i-zajecia-w-osir","status":"publish","type":"page","link":"https:\/\/www.osirgorakalwaria.pl\/en\/sekcje-i-zajecia-w-osir\/","title":{"rendered":"Sekcje i zaj\u0119cia"},"content":{"rendered":"<p><\/p>\n\n\n\n<p class=\"has-text-align-center\"><strong>Zaj\u0119cia sportowe w Gminie G\u00f3ra Kalwaria<\/strong><\/p>\n\n\n\n<figure class=\"wp-block-table\"><table><tbody><tr><td><strong>Rodzaj zaj\u0119\u0107<\/strong><\/td><td><strong>Miejsce<\/strong><\/td><td><strong>Dla kogo?<\/strong><\/td><td><strong>Organizator<\/strong><\/td><td><strong>Kontakt<\/strong><\/td><\/tr><tr><td><strong>P\u0142ywanie <\/strong><\/td><td>P\u0142ywalnia OSiR, G\u00f3ra Kalwaria, ul. Pijarska 119<\/td><td>\u00a0Dzieci i doro\u015bli<\/td><td>G\u00f3ra P\u0142ywa<\/td><td>Robert &#8211; 602-235-890<br>Krzysztof &#8211; 602 270 734<br>Krystyna &#8211; 693 476 649 <br>Marta &#8211; 508 379 931<br>Magda &#8211; 661 412 558<br>Mateusz &#8211; 514 868 121<\/td><\/tr><tr><td><strong>P\u0142ywanie<\/strong><\/td><td>P\u0142ywalnia OSiR, G\u00f3ra Kalwaria, ul. Pijarska 119<\/td><td>&nbsp;<\/td><td>UKS Skalar<\/td><td>Andrzej Janas <a href=\"mailto:andrzejanas@vp.pl\">andrzejanas@vp.pl<\/a> Facebook: UKS Skalar G\u00f3ra Kalwaria<\/td><\/tr><tr><td><\/td><td><\/td><td><\/td><td><\/td><td><\/td><\/tr><tr><td><strong>Kursy na ratownika wodnego<\/strong><\/td><td>P\u0142ywalnia OSiR, G\u00f3ra Kalwaria, ul. Pijarska 119<\/td><td>&nbsp;<\/td><td>WOPR<\/td><td>tel.: 507 119 410<\/td><\/tr><tr><td><strong>AQUA Aerobik<\/strong><\/td><td>P\u0142ywalnia OSiR, G\u00f3ra Kalwaria, ul. Pijarska 119<\/td><td>&nbsp;<\/td><td>OSiR<\/td><td>Renata Grochowska 507-836-141<\/td><\/tr><tr><td><strong>Si\u0142ownia<\/strong><\/td><td>P\u0142ywalnia OSiR, G\u00f3ra Kalwaria, ul. Pijarska 119<\/td><td>&nbsp;<\/td><td>OSiR<\/td><td>tel: 22&nbsp;727-48-61, 22&nbsp;727-48-71 <a href=\"mailto:kontakt@osirgorakalwaria.pl\">kontakt@osirgorakalwaria.pl<\/a> <a href=\"http:\/\/www.osirgorakalwaria.pl\/en\/\">www.osirgorakalwaria.pl<\/a> Facebook: OSiR G\u00f3ra Kalwaria<\/td><\/tr><tr><td><strong>Koszyk\u00f3wka<\/strong> <strong>Siatk\u00f3wka<\/strong> <strong>Tenis sto\u0142owy<\/strong><\/td><td>G\u00f3ra Kalwaria ul.Budowlanych 14&nbsp;<\/td><td>&nbsp;<\/td><td>UKS Budowlani<\/td><td>Tel: 506 616 616 e-mail:&nbsp;<a href=\"mailto:uks-budowlani@zsz-gk.pl\">uks-budowlani@zsz-gk.pl<\/a><\/td><\/tr><tr><td><strong>Pi\u0142ka no\u017cna<\/strong><\/td><td>Stadion Miejski G\u00f3ra Kalwaria, ul. Wojska Polskiego 44<\/td><td>Roczniki 2018-seniorzy<\/td><td>MKS Korona<\/td><td>533-107-827 (po godzinie 17:00) <a href=\"mailto:kontakt@mkskorona.pl\">kontakt@mkskorona.pl<\/a> <a href=\"http:\/\/www.mkskorona.pl\/\">www.mkskorona.pl<\/a> Facebook: MKS Korona G\u00f3ra Kalwaria<\/td><\/tr><tr><td><strong>Pi\u0142ka no\u017cna<\/strong><\/td><td>K\u0105ty, ul. Pu\u0142awska 4<\/td><td>Roczniki 2013-2017<\/td><td>UKS TKM<\/td><td>796-001-255 <a href=\"mailto:klub.ukstkm@gmail.com\">klub.ukstkm@gmail.com<\/a> Facebook: UKS TKM K\u0104TY<\/td><\/tr><tr><td><strong>Pi\u0142ka no\u017cna<\/strong><\/td><td>Krzaki Czaplinkowskie, ul. G\u0142\u00f3wna 81<\/td><td>Roczniki 2008-2018<\/td><td>KS Nadstal<\/td><td>606-598-478 <a href=\"mailto:klubsportowy.nadstal@gmail.com\">klubsportowy.nadstal@gmail.com<\/a> <a href=\"http:\/\/www.ksnadstal.sportbm.com\/\">www.ksnadstal.sportbm.com<\/a> Facebook: K.S. Nadstal<\/td><\/tr><tr><td><strong>Pi\u0142ka no\u017cna<\/strong><\/td><td>Baniocha, ul. Szkolna<\/td><td>Roczniki 2011-2017<\/td><td>Orze\u0142 Baniocha<\/td><td>508-286-043 <a href=\"mailto:ksorzelbaniocha@o2.pl\">ksorzelbaniocha@o2.pl<\/a> Facebook: KS Orze\u0142 Baniocha<\/td><\/tr><tr><td><strong>Siatk\u00f3wka<\/strong><\/td><td>Hala sportowa G\u00f3ra Kalwaria, ul. Bia\u0142ka 7<\/td><td>Roczniki 2010-2012<\/td><td>OSiR<\/td><td>Piotr Tabor 692-661-587<\/td><\/tr><tr><td><\/td><td><\/td><td><\/td><td><\/td><td><\/td><\/tr><tr><td><strong>Koszyk\u00f3wka dla dzieci i doros\u0142ych<\/strong><\/td><td>Hala sportowa G\u00f3ra Kalwaria, ul. Bia\u0142ka 7<\/td><td>Uczniowie klas II-VIII szk\u00f3\u0142 podstawowych\u00a0i doro\u015bli<\/td><td>\u00a0MKK GK<\/td><td>TEL: 572 197 383<br>e-mail: mkkoszgk@gmail.com<\/td><\/tr><tr><td><\/td><td><\/td><td>\u00a0<\/td><td><\/td><td><\/td><\/tr><tr><td><strong>Fitness<\/strong><\/td><td>Hala sportowa G\u00f3ra Kalwaria, ul. Bia\u0142ka 7<\/td><td>&nbsp;<\/td><td>OSiR<\/td><td>Renata Grochowska 507-836-141<\/td><\/tr><tr><td><\/td><td><\/td><td><\/td><td><\/td><td><\/td><\/tr><tr><td><strong>Capoeira<\/strong><\/td><td>Hala sportowa G\u00f3ra Kalwaria, ul. Bia\u0142ka 7<\/td><td>&nbsp;<\/td><td>OSiR<\/td><td>Dominika Rembelska 502-227-384 <a href=\"mailto:alegria@rootsofcapoeira.com\">alegria@rootsofcapoeira.com<\/a> <a href=\"http:\/\/www.capoeirawarszawa.pl\/\">www.capoeirawarszawa.pl<\/a> Facebook: International Capoeira Raiz &#8211; Warszawa<\/td><\/tr><tr><td><strong>Lekkoatletyka<\/strong><\/td><td>Stadion Miejski G\u00f3ra Kalwaria, ul. Wojska Polskiego 44<\/td><td>&nbsp;<\/td><td>G\u00f3ra Biega OSiR<\/td><td>Patryk Koz\u0142owski (Instruktor PZLA) 530-802-112 <a href=\"mailto:kontakt@gorabiega.pl\">kontakt@gorabiega.pl<\/a> Facebook: G\u00f3ra Biega<\/td><\/tr><tr><td><strong>Biegi na orientacj\u0119<\/strong><\/td><td>Stadion Miejski G\u00f3ra Kalwaria, ul. Wojska Polskiego 44<\/td><td>&nbsp;<\/td><td>OSiR<\/td><td>Ewa Dzwonkowska 604-298-246 <a href=\"mailto:uks.osir.bno@gmail.com\">uks.osir.bno@gmail.com<\/a> Facebook: UKS OSiR G\u00f3ra Kalwaria \u2013 orienteering club<\/td><\/tr><tr><td><strong>Taniec<\/strong><\/td><td>Hala sportowa G\u00f3ra Kalwaria, ul. Bia\u0142ka 7<\/td><td>&nbsp;<\/td><td>Szko\u0142a Ta\u0144ca Emotion<\/td><td>Jacek Stefa\u0144ski 697-397-288 .&nbsp; <a href=\"mailto:emotion@emotion.waw.pl\">emotion@emotion.waw.pl<\/a> <a href=\"http:\/\/www.emotion.waw.pl\/\">www.emotion.waw.pl<\/a> Facebook: Szko\u0142a Ta\u0144ca Emotion<\/td><\/tr><tr><td><strong>Taniec<\/strong><\/td><td>Hala sportowa G\u00f3ra Kalwaria, ul. Bia\u0142ka 7<\/td><td>Trzy grupy wiekowe od 4 lat wzwy\u017c<\/td><td>Formacja Taneczna \u201eBartek\u201d<\/td><td>Beata Skolimowska-P\u0142aczek 501-405-925 <a href=\"mailto:bartek@mgk.pl\">bartek@mgk.pl<\/a> Facebook: Formacja Taneczna \u201eBartek\u201d<\/td><\/tr><tr><td><strong>Karate Kyokushin<\/strong><\/td><td>Hala sportowa G\u00f3ra Kalwaria, ul. Bia\u0142ka 7<\/td><td>od 4 lat wzwy\u017c<\/td><td>Klub Karate Kyokushinkaikan \u201eKIME\u201d G\u00f3ra Kalwaria<\/td><td>Wioletta Gazda 607-033-812 <a href=\"mailto:wiolettagazda.76@o2.pl\">wiolettagazda.76@o2.pl<\/a> www.karatekime.pl Facebook: Klub Karate Kyokushin G\u00f3ra Kalwaria KIME &nbsp;<\/td><\/tr><tr><td><strong>Sztuki walki:<\/strong> <strong>Tang Soo Doo<\/strong> <strong>Taekwondo<\/strong> <strong>Kick Boxing<\/strong><\/td><td>Hala sportowa G\u00f3ra Kalwaria, ul. Bia\u0142ka 7<\/td><td>od 6 lat wzwy\u017c<\/td><td>Fight Club Centrum Tang Soo Do<\/td><td>Tomasz Nowicki 605 034&nbsp;633 e-mail:&nbsp;<a href=\"mailto:tomasz.nowicki@wp.pl\">tomasz.nowicki@wp.pl<\/a> Facebook:&nbsp;<a href=\"https:\/\/www.facebook.com\/TsdGoraKalwaria\">Fight Club Centrum Tang Soo Do G\u00f3ra Kalwaria<\/a> YouTube:&nbsp;<a href=\"https:\/\/www.youtube.com\/@centrumtangsoodo4570\">CentrumTangsoodo<\/a><\/td><\/tr><tr><td><strong>Karate<\/strong> <strong>Stretching<\/strong> <strong>Cross Workout<\/strong><\/td><td>Hala sportowa G\u00f3ra Kalwaria, ul. Bia\u0142ka 7<\/td><td>&nbsp;<\/td><td>Fighters Dojo<\/td><td>\u0141ukasz Helt 726-775-927 <a href=\"mailto:karate.gora.kalwaria@gmail.com\">karate.gora.kalwaria@gmail.com<\/a> <a href=\"mailto:lukhelt123@gmail.com\">lukhelt123@gmail.com<\/a> <a href=\"http:\/\/www.fightersdojo.com\/\">www.fightersdojo.com<\/a> Facebook: Fighters Dojo G\u00f3ra Kalwaria<\/td><\/tr><tr><td><\/td><td><\/td><td>&nbsp;<\/td><td><\/td><td><\/td><\/tr><tr><td><\/td><td><\/td><td><\/td><td><\/td><td><\/td><\/tr><tr><td><strong>Kickboxing<\/strong><\/td><td>Hala sportowa G\u00f3ra Kalwaria, ul. Bia\u0142ka 7<\/td><td>Dzieci 4-12 lat, m\u0142odzie\u017c 13+ oraz doro\u015bli<\/td><td>UKS Tom Bee Team<\/td><td>Tomasz B\u0105k 503-801-507 <a href=\"mailto:tombeeteam@gmail.com\">tombeeteam@gmail.com<\/a> www.tombee.pl Facebook: UKS Tom Bee Team \u2013 Sekcja Kickboxingu<\/td><\/tr><tr><td><\/td><td><\/td><td><\/td><td><\/td><td><\/td><\/tr><tr><td><strong>Taniec i balet<\/strong><\/td><td>OSiR, G\u00f3ra Kalwaria, ul. Pijarska 119 &nbsp; Hala sportowa G\u00f3ra Kalwaria, ul. Bia\u0142ka 7<\/td><td>Dzieci i m\u0142odzie\u017c od 5-17 lat<\/td><td>Akademia Sztuk Maestro<\/td><td>Andrzej Gozdecki 602 280&nbsp;086 <a href=\"mailto:sekretariat@szkolamaestro.art.pl\">sekretariat@szkolamaestro.art.pl<\/a> <a href=\"http:\/\/www.szkolamaestro.art.pl\/\">www.szkolamaestro.art.pl<\/a> Facebook: MAESTRO Szko\u0142a Muzyczna I stopnia, Szko\u0142a Ta\u0144ca i Baletu<\/td><\/tr><\/tbody><\/table><\/figure>","protected":false},"excerpt":{"rendered":"<p>Zaj\u0119cia sportowe w Gminie G\u00f3ra Kalwaria Rodzaj zaj\u0119\u0107 Miejsce Dla kogo? Organizator Kontakt P\u0142ywanie P\u0142ywalnia OSiR, G\u00f3ra Kalwaria, ul. Pijarska [&hellip;]<\/p>","protected":false},"author":4,"featured_media":0,"parent":0,"menu_order":0,"comment_status":"closed","ping_status":"closed","template":"page-templates\/pagebuilder.php","meta":{"_acf_changed":false,"footnotes":""},"class_list":["post-1104","page","type-page","status-publish","hentry"],"acf":[],"yoast_head":"<!-- This site is optimized with the Yoast SEO plugin v25.4 - https:\/\/yoast.com\/wordpress\/plugins\/seo\/ -->\n<title>Sekcje i zaj\u0119cia - OSiR G\u00f3ra Kalwaria<\/title>\n<meta name=\"robots\" content=\"index, follow, max-snippet:-1, max-image-preview:large, max-video-preview:-1\" \/>\n<link rel=\"canonical\" href=\"https:\/\/www.osirgorakalwaria.pl\/en\/sekcje-i-zajecia-w-osir\/\" \/>\n<meta property=\"og:locale\" content=\"en_US\" \/>\n<meta property=\"og:type\" content=\"article\" \/>\n<meta property=\"og:title\" content=\"Sekcje i zaj\u0119cia - OSiR G\u00f3ra Kalwaria\" \/>\n<meta property=\"og:description\" content=\"Zaj\u0119cia sportowe w Gminie G\u00f3ra Kalwaria Rodzaj zaj\u0119\u0107 Miejsce Dla kogo? Organizator Kontakt P\u0142ywanie P\u0142ywalnia OSiR, G\u00f3ra Kalwaria, ul. Pijarska [&hellip;]\" \/>\n<meta property=\"og:url\" content=\"https:\/\/www.osirgorakalwaria.pl\/en\/sekcje-i-zajecia-w-osir\/\" \/>\n<meta property=\"og:site_name\" content=\"OSiR G\u00f3ra Kalwaria\" \/>\n<meta property=\"article:publisher\" content=\"https:\/\/www.facebook.com\/p\/OSiR-G%c3%b3ra-Kalwaria-100060829345584\/?locale=pl_PL\" \/>\n<meta property=\"article:modified_time\" content=\"2025-09-26T06:53:51+00:00\" \/>\n<meta name=\"twitter:card\" content=\"summary_large_image\" \/>\n<meta name=\"twitter:label1\" content=\"Est. reading time\" \/>\n\t<meta name=\"twitter:data1\" content=\"4 minutes\" \/>\n<script type=\"application\/ld+json\" class=\"yoast-schema-graph\">{\"@context\":\"https:\/\/schema.org\",\"@graph\":[{\"@type\":\"WebPage\",\"@id\":\"https:\/\/www.osirgorakalwaria.pl\/sekcje-i-zajecia-w-osir\/\",\"url\":\"https:\/\/www.osirgorakalwaria.pl\/sekcje-i-zajecia-w-osir\/\",\"name\":\"Sekcje i zaj\u0119cia - OSiR G\u00f3ra Kalwaria\",\"isPartOf\":{\"@id\":\"https:\/\/www.osirgorakalwaria.pl\/#website\"},\"datePublished\":\"2023-12-18T09:16:04+00:00\",\"dateModified\":\"2025-09-26T06:53:51+00:00\",\"breadcrumb\":{\"@id\":\"https:\/\/www.osirgorakalwaria.pl\/sekcje-i-zajecia-w-osir\/#breadcrumb\"},\"inLanguage\":\"en-US\",\"potentialAction\":[{\"@type\":\"ReadAction\",\"target\":[\"https:\/\/www.osirgorakalwaria.pl\/sekcje-i-zajecia-w-osir\/\"]}]},{\"@type\":\"BreadcrumbList\",\"@id\":\"https:\/\/www.osirgorakalwaria.pl\/sekcje-i-zajecia-w-osir\/#breadcrumb\",\"itemListElement\":[{\"@type\":\"ListItem\",\"position\":1,\"name\":\"Strona g\u0142\u00f3wna\",\"item\":\"https:\/\/www.osirgorakalwaria.pl\/\"},{\"@type\":\"ListItem\",\"position\":2,\"name\":\"Sekcje i zaj\u0119cia\"}]},{\"@type\":\"WebSite\",\"@id\":\"https:\/\/www.osirgorakalwaria.pl\/#website\",\"url\":\"https:\/\/www.osirgorakalwaria.pl\/\",\"name\":\"OSiR G\u00f3ra Kalwaria\",\"description\":\"\",\"alternateName\":\"O\u015brodek Sportu i Rekreacji w G\u00f3rze Kalwarii\",\"potentialAction\":[{\"@type\":\"SearchAction\",\"target\":{\"@type\":\"EntryPoint\",\"urlTemplate\":\"https:\/\/www.osirgorakalwaria.pl\/?s={search_term_string}\"},\"query-input\":{\"@type\":\"PropertyValueSpecification\",\"valueRequired\":true,\"valueName\":\"search_term_string\"}}],\"inLanguage\":\"en-US\"}]}<\/script>\n<!-- \/ Yoast SEO plugin. -->","yoast_head_json":{"title":"Sekcje i zaj\u0119cia - OSiR G\u00f3ra Kalwaria","robots":{"index":"index","follow":"follow","max-snippet":"max-snippet:-1","max-image-preview":"max-image-preview:large","max-video-preview":"max-video-preview:-1"},"canonical":"https:\/\/www.osirgorakalwaria.pl\/en\/sekcje-i-zajecia-w-osir\/","og_locale":"en_US","og_type":"article","og_title":"Sekcje i zaj\u0119cia - OSiR G\u00f3ra Kalwaria","og_description":"Zaj\u0119cia sportowe w Gminie G\u00f3ra Kalwaria Rodzaj zaj\u0119\u0107 Miejsce Dla kogo? Organizator Kontakt P\u0142ywanie P\u0142ywalnia OSiR, G\u00f3ra Kalwaria, ul. Pijarska [&hellip;]","og_url":"https:\/\/www.osirgorakalwaria.pl\/en\/sekcje-i-zajecia-w-osir\/","og_site_name":"OSiR G\u00f3ra Kalwaria","article_publisher":"https:\/\/www.facebook.com\/p\/OSiR-G%c3%b3ra-Kalwaria-100060829345584\/?locale=pl_PL","article_modified_time":"2025-09-26T06:53:51+00:00","twitter_card":"summary_large_image","twitter_misc":{"Est. reading time":"4 minutes"},"schema":{"@context":"https:\/\/schema.org","@graph":[{"@type":"WebPage","@id":"https:\/\/www.osirgorakalwaria.pl\/sekcje-i-zajecia-w-osir\/","url":"https:\/\/www.osirgorakalwaria.pl\/sekcje-i-zajecia-w-osir\/","name":"Sekcje i zaj\u0119cia - OSiR G\u00f3ra Kalwaria","isPartOf":{"@id":"https:\/\/www.osirgorakalwaria.pl\/#website"},"datePublished":"2023-12-18T09:16:04+00:00","dateModified":"2025-09-26T06:53:51+00:00","breadcrumb":{"@id":"https:\/\/www.osirgorakalwaria.pl\/sekcje-i-zajecia-w-osir\/#breadcrumb"},"inLanguage":"en-US","potentialAction":[{"@type":"ReadAction","target":["https:\/\/www.osirgorakalwaria.pl\/sekcje-i-zajecia-w-osir\/"]}]},{"@type":"BreadcrumbList","@id":"https:\/\/www.osirgorakalwaria.pl\/sekcje-i-zajecia-w-osir\/#breadcrumb","itemListElement":[{"@type":"ListItem","position":1,"name":"Strona g\u0142\u00f3wna","item":"https:\/\/www.osirgorakalwaria.pl\/"},{"@type":"ListItem","position":2,"name":"Sekcje i zaj\u0119cia"}]},{"@type":"WebSite","@id":"https:\/\/www.osirgorakalwaria.pl\/#website","url":"https:\/\/www.osirgorakalwaria.pl\/","name":"OSiR G\u00f3ra Kalwaria","description":"","alternateName":"O\u015brodek Sportu i Rekreacji w G\u00f3rze Kalwarii","potentialAction":[{"@type":"SearchAction","target":{"@type":"EntryPoint","urlTemplate":"https:\/\/www.osirgorakalwaria.pl\/?s={search_term_string}"},"query-input":{"@type":"PropertyValueSpecification","valueRequired":true,"valueName":"search_term_string"}}],"inLanguage":"en-US"}]}},"_links":{"self":[{"href":"https:\/\/www.osirgorakalwaria.pl\/en\/wp-json\/wp\/v2\/pages\/1104","targetHints":{"allow":["GET"]}}],"collection":[{"href":"https:\/\/www.osirgorakalwaria.pl\/en\/wp-json\/wp\/v2\/pages"}],"about":[{"href":"https:\/\/www.osirgorakalwaria.pl\/en\/wp-json\/wp\/v2\/types\/page"}],"author":[{"embeddable":true,"href":"https:\/\/www.osirgorakalwaria.pl\/en\/wp-json\/wp\/v2\/users\/4"}],"replies":[{"embeddable":true,"href":"https:\/\/www.osirgorakalwaria.pl\/en\/wp-json\/wp\/v2\/comments?post=1104"}],"version-history":[{"count":12,"href":"https:\/\/www.osirgorakalwaria.pl\/en\/wp-json\/wp\/v2\/pages\/1104\/revisions"}],"predecessor-version":[{"id":2034,"href":"https:\/\/www.osirgorakalwaria.pl\/en\/wp-json\/wp\/v2\/pages\/1104\/revisions\/2034"}],"wp:attachment":[{"href":"https:\/\/www.osirgorakalwaria.pl\/en\/wp-json\/wp\/v2\/media?parent=1104"}],"curies":[{"name":"wp","href":"https:\/\/api.w.org\/{rel}","templated":true}]}}