{"id":1107,"date":"2023-12-18T10:16:43","date_gmt":"2023-12-18T09:16:43","guid":{"rendered":"https:\/\/osir.dev-stage.site\/?page_id=1107"},"modified":"2025-09-30T11:42:16","modified_gmt":"2025-09-30T09:42:16","slug":"kalendarz","status":"publish","type":"page","link":"https:\/\/www.osirgorakalwaria.pl\/en\/kalendarz\/","title":{"rendered":"Kalendarz"},"content":{"rendered":"<p><\/p>\n\n\n\n<p><strong>Kalendarium wydarze\u0144 2025<\/strong><\/p>\n\n\n\n<p class=\"has-text-align-center\"><strong>Kalendarium wydarze\u0144 2025<\/strong><\/p>\n\n\n\n<figure class=\"wp-block-table\"><table class=\"has-fixed-layout\"><tbody><tr><td><strong>Nazwa imprezy<\/strong><strong><\/strong><\/td><td><strong>Termin<\/strong><\/td><td><strong>Miejsce<\/strong><\/td><td><strong>Organizator<\/strong><\/td><\/tr><tr><td>Noc Basenowa<\/td><td>18 pa\u017adziernika<\/td><td>OSiR &#8211; basen<\/td><td>OSIR<\/td><\/tr><tr><td>Bieg &#8222;Ucieknij depresji&#8221;<\/td><td>19 pa\u017adziernik <\/td><td>Ulice G.K. <\/td><td>OSIR<\/td><\/tr><tr><td>Bieg Niepodleg\u0142o\u015bci<\/td><td>11 Listopada<\/td><td>Ulice G.K.<\/td><td>OSIR<\/td><\/tr><tr><td>Turniej ta\u0144ca EMOTION<\/td><td>16 Listopada<\/td><td>Hala Bia\u0142ka<\/td><td>OSIR<\/td><\/tr><tr><td>Taneczne Pejza\u017ce Gala Ta\u0144ca<\/td><td>22 listopada<\/td><td>Hala Bia\u0142ka<\/td><td>OSIR, Formacja Taneczna Bartek<\/td><\/tr><tr><td>Otwarcie lodowiska<\/td><td>6 grudnia<\/td><td>OSiR &#8211; teren przy basenie<\/td><td>OSIR<\/td><\/tr><\/tbody><\/table><\/figure>\n\n\n\n\n\n<div class=\"wp-block-columns is-layout-flex wp-container-core-columns-is-layout-9d6595d7 wp-block-columns-is-layout-flex\">\n<div class=\"wp-block-column is-layout-flow wp-block-column-is-layout-flow\"><\/div>\n<\/div>","protected":false},"excerpt":{"rendered":"<p>Kalendarium wydarze\u0144 2025 Kalendarium wydarze\u0144 2025 Nazwa imprezy Termin Miejsce Organizator Noc Basenowa 18 pa\u017adziernika OSiR &#8211; basen OSIR Bieg [&hellip;]<\/p>","protected":false},"author":4,"featured_media":0,"parent":0,"menu_order":0,"comment_status":"closed","ping_status":"closed","template":"page-templates\/pagebuilder.php","meta":{"_acf_changed":false,"footnotes":""},"class_list":["post-1107","page","type-page","status-publish","hentry"],"acf":[],"yoast_head":"<!-- This site is optimized with the Yoast SEO plugin v25.4 - https:\/\/yoast.com\/wordpress\/plugins\/seo\/ -->\n<title>Kalendarz - OSiR G\u00f3ra Kalwaria<\/title>\n<meta name=\"robots\" content=\"index, follow, max-snippet:-1, max-image-preview:large, max-video-preview:-1\" \/>\n<link rel=\"canonical\" href=\"https:\/\/www.osirgorakalwaria.pl\/en\/kalendarz\/\" \/>\n<meta property=\"og:locale\" content=\"en_US\" \/>\n<meta property=\"og:type\" content=\"article\" \/>\n<meta property=\"og:title\" content=\"Kalendarz - OSiR G\u00f3ra Kalwaria\" \/>\n<meta property=\"og:description\" content=\"Kalendarium wydarze\u0144 2025 Kalendarium wydarze\u0144 2025 Nazwa imprezy Termin Miejsce Organizator Noc Basenowa 18 pa\u017adziernika OSiR &#8211; basen OSIR Bieg [&hellip;]\" \/>\n<meta property=\"og:url\" content=\"https:\/\/www.osirgorakalwaria.pl\/en\/kalendarz\/\" \/>\n<meta property=\"og:site_name\" content=\"OSiR G\u00f3ra Kalwaria\" \/>\n<meta property=\"article:publisher\" content=\"https:\/\/www.facebook.com\/p\/OSiR-G%c3%b3ra-Kalwaria-100060829345584\/?locale=pl_PL\" \/>\n<meta property=\"article:modified_time\" content=\"2025-09-30T09:42:16+00:00\" \/>\n<meta name=\"twitter:card\" content=\"summary_large_image\" \/>\n<meta name=\"twitter:label1\" content=\"Est. reading time\" \/>\n\t<meta name=\"twitter:data1\" content=\"1 minute\" \/>\n<script type=\"application\/ld+json\" class=\"yoast-schema-graph\">{\"@context\":\"https:\/\/schema.org\",\"@graph\":[{\"@type\":\"WebPage\",\"@id\":\"https:\/\/www.osirgorakalwaria.pl\/kalendarz\/\",\"url\":\"https:\/\/www.osirgorakalwaria.pl\/kalendarz\/\",\"name\":\"Kalendarz - OSiR G\u00f3ra Kalwaria\",\"isPartOf\":{\"@id\":\"https:\/\/www.osirgorakalwaria.pl\/#website\"},\"datePublished\":\"2023-12-18T09:16:43+00:00\",\"dateModified\":\"2025-09-30T09:42:16+00:00\",\"breadcrumb\":{\"@id\":\"https:\/\/www.osirgorakalwaria.pl\/kalendarz\/#breadcrumb\"},\"inLanguage\":\"en-US\",\"potentialAction\":[{\"@type\":\"ReadAction\",\"target\":[\"https:\/\/www.osirgorakalwaria.pl\/kalendarz\/\"]}]},{\"@type\":\"BreadcrumbList\",\"@id\":\"https:\/\/www.osirgorakalwaria.pl\/kalendarz\/#breadcrumb\",\"itemListElement\":[{\"@type\":\"ListItem\",\"position\":1,\"name\":\"Strona g\u0142\u00f3wna\",\"item\":\"https:\/\/www.osirgorakalwaria.pl\/\"},{\"@type\":\"ListItem\",\"position\":2,\"name\":\"Kalendarz\"}]},{\"@type\":\"WebSite\",\"@id\":\"https:\/\/www.osirgorakalwaria.pl\/#website\",\"url\":\"https:\/\/www.osirgorakalwaria.pl\/\",\"name\":\"OSiR G\u00f3ra Kalwaria\",\"description\":\"\",\"alternateName\":\"O\u015brodek Sportu i Rekreacji w G\u00f3rze Kalwarii\",\"potentialAction\":[{\"@type\":\"SearchAction\",\"target\":{\"@type\":\"EntryPoint\",\"urlTemplate\":\"https:\/\/www.osirgorakalwaria.pl\/?s={search_term_string}\"},\"query-input\":{\"@type\":\"PropertyValueSpecification\",\"valueRequired\":true,\"valueName\":\"search_term_string\"}}],\"inLanguage\":\"en-US\"}]}<\/script>\n<!-- \/ Yoast SEO plugin. -->","yoast_head_json":{"title":"Kalendarz - OSiR G\u00f3ra Kalwaria","robots":{"index":"index","follow":"follow","max-snippet":"max-snippet:-1","max-image-preview":"max-image-preview:large","max-video-preview":"max-video-preview:-1"},"canonical":"https:\/\/www.osirgorakalwaria.pl\/en\/kalendarz\/","og_locale":"en_US","og_type":"article","og_title":"Kalendarz - OSiR G\u00f3ra Kalwaria","og_description":"Kalendarium wydarze\u0144 2025 Kalendarium wydarze\u0144 2025 Nazwa imprezy Termin Miejsce Organizator Noc Basenowa 18 pa\u017adziernika OSiR &#8211; basen OSIR Bieg [&hellip;]","og_url":"https:\/\/www.osirgorakalwaria.pl\/en\/kalendarz\/","og_site_name":"OSiR G\u00f3ra Kalwaria","article_publisher":"https:\/\/www.facebook.com\/p\/OSiR-G%c3%b3ra-Kalwaria-100060829345584\/?locale=pl_PL","article_modified_time":"2025-09-30T09:42:16+00:00","twitter_card":"summary_large_image","twitter_misc":{"Est. reading time":"1 minute"},"schema":{"@context":"https:\/\/schema.org","@graph":[{"@type":"WebPage","@id":"https:\/\/www.osirgorakalwaria.pl\/kalendarz\/","url":"https:\/\/www.osirgorakalwaria.pl\/kalendarz\/","name":"Kalendarz - OSiR G\u00f3ra Kalwaria","isPartOf":{"@id":"https:\/\/www.osirgorakalwaria.pl\/#website"},"datePublished":"2023-12-18T09:16:43+00:00","dateModified":"2025-09-30T09:42:16+00:00","breadcrumb":{"@id":"https:\/\/www.osirgorakalwaria.pl\/kalendarz\/#breadcrumb"},"inLanguage":"en-US","potentialAction":[{"@type":"ReadAction","target":["https:\/\/www.osirgorakalwaria.pl\/kalendarz\/"]}]},{"@type":"BreadcrumbList","@id":"https:\/\/www.osirgorakalwaria.pl\/kalendarz\/#breadcrumb","itemListElement":[{"@type":"ListItem","position":1,"name":"Strona g\u0142\u00f3wna","item":"https:\/\/www.osirgorakalwaria.pl\/"},{"@type":"ListItem","position":2,"name":"Kalendarz"}]},{"@type":"WebSite","@id":"https:\/\/www.osirgorakalwaria.pl\/#website","url":"https:\/\/www.osirgorakalwaria.pl\/","name":"OSiR G\u00f3ra Kalwaria","description":"","alternateName":"O\u015brodek Sportu i Rekreacji w G\u00f3rze Kalwarii","potentialAction":[{"@type":"SearchAction","target":{"@type":"EntryPoint","urlTemplate":"https:\/\/www.osirgorakalwaria.pl\/?s={search_term_string}"},"query-input":{"@type":"PropertyValueSpecification","valueRequired":true,"valueName":"search_term_string"}}],"inLanguage":"en-US"}]}},"_links":{"self":[{"href":"https:\/\/www.osirgorakalwaria.pl\/en\/wp-json\/wp\/v2\/pages\/1107","targetHints":{"allow":["GET"]}}],"collection":[{"href":"https:\/\/www.osirgorakalwaria.pl\/en\/wp-json\/wp\/v2\/pages"}],"about":[{"href":"https:\/\/www.osirgorakalwaria.pl\/en\/wp-json\/wp\/v2\/types\/page"}],"author":[{"embeddable":true,"href":"https:\/\/www.osirgorakalwaria.pl\/en\/wp-json\/wp\/v2\/users\/4"}],"replies":[{"embeddable":true,"href":"https:\/\/www.osirgorakalwaria.pl\/en\/wp-json\/wp\/v2\/comments?post=1107"}],"version-history":[{"count":11,"href":"https:\/\/www.osirgorakalwaria.pl\/en\/wp-json\/wp\/v2\/pages\/1107\/revisions"}],"predecessor-version":[{"id":2041,"href":"https:\/\/www.osirgorakalwaria.pl\/en\/wp-json\/wp\/v2\/pages\/1107\/revisions\/2041"}],"wp:attachment":[{"href":"https:\/\/www.osirgorakalwaria.pl\/en\/wp-json\/wp\/v2\/media?parent=1107"}],"curies":[{"name":"wp","href":"https:\/\/api.w.org\/{rel}","templated":true}]}}