{"id":1112,"date":"2023-12-18T10:19:02","date_gmt":"2023-12-18T09:19:02","guid":{"rendered":"https:\/\/osir.dev-stage.site\/?page_id=1112"},"modified":"2025-12-26T12:19:37","modified_gmt":"2025-12-26T11:19:37","slug":"kontakt","status":"publish","type":"page","link":"https:\/\/www.osirgorakalwaria.pl\/en\/kontakt\/","title":{"rendered":"Kontakt"},"content":{"rendered":"<p><strong>O\u015brodek Sportu i Rekreacji w G\u00f3rze Kalwarii<br><\/strong>ul. Pijarska 119<br>05-530 G\u00f3ra Kalwaria<br>NIP: 123 02 76 060<br>Regon: 001254599<\/p>\n\n\n\n<p>Recepcja:<br>tel: 22 727 48 61<br>22 727 48 71<br>fax: 22 727 48 81<\/p>\n\n\n\n<p><\/p>\n\n\n\n<p>Kierownik zespo\u0142u basenowego:<br>tel. 531 733 538<br>e-mail: kierownik@osirgorakalwaria.pl<\/p>\n\n\n\n<p>Organizator imprez sportowych<br>e-mail: organizator@osirgorakalwaria.pl<\/p>\n\n\n\n<p>Administracja<br>e-mail: kontakt@osirgorakalwaria.pl<\/p>\n\n\n\n<p>Konto bankowe OSIR G\u00f3ra Kalwaria do wp\u0142at za zaj\u0119cia sportowe oraz wp\u0142aty wpisowe na zawody\/turnieje:<br>Numer rachunku 30 8003 0003 2001 0008 1328 0004<br>Wp\u0142aty musz\u0105 mie\u0107 w tytule ZAWSZE imi\u0119 i nazwisko uczestnika zaj\u0119\u0107 oraz niezb\u0119dn\u0105 informacj\u0119<\/p>\n\n\n\n<ul class=\"wp-block-list\">\n<li>w przypadku zaj\u0119\u0107 sportowych: imi\u0119 , nazwisko i rodzaj zaj\u0119\u0107 np. Capoeira<\/li>\n\n\n\n<li>w przypadku wp\u0142at wpisowych: nazwa danych zawod\u00f3w\/turniej\u00f3w<\/li>\n<\/ul>\n\n\n\n<p><\/p>\n\n\n\n<p><strong>Informacja o przetwarzaniu danych osobowych<\/strong><\/p>\n\n\n\n<p>Administratorem Pani\/Pana danych osobowych jest O\u015brodek Sportu i Rekreacji w G\u00f3rze Kalwarii, ul. Pijarska 119, (05-530) G\u00f3ra Kalwaria, tel. (22) 727-48-61, fax. (22) 727-48-81, email: kontakt@osirgorakalwaria.pl.<br>W O\u015brodek Sportu i Rekreacji wyznaczony zosta\u0142 Inspektor Ochrony Danych, z kt\u00f3rym mo\u017cna skontaktowa\u0107 si\u0119 pod numerem adresem e-mail: iod@osirgorakalwaria.pl. lub poczty tradycyjnej przesy\u0142aj\u0105c na adres Administratora.<br>Dane s\u0105 przetwarzane w celach kontaktowych, w tym do udzielania informacji o imprezach i wydarzeniach dotycz\u0105cych organizowanych imprez kulturalnych, m.in. poprzez wysy\u0142k\u0119 newsletter\u00f3w OSIR. Powy\u017csze jest realizowane na podstawie prawnie uzasadnionego interesu, czyli zgodnie z art. 6 ust. 1 lit. f RODO. Dane mog\u0105 by\u0107 tak\u017ce przetwarzane, gdy jest to niezb\u0119dne do zawarcie lub wykonania umowy i wype\u0142nienia obowi\u0105zk\u00f3w prawnych ci\u0105\u017c\u0105cych na O\u015brodku Sportu i Rekreacji w G\u00f3rze Kalwarii, ul. Pijarska 119, czyli na podstawie art. 6 ust. 1 lit. b oraz lit. c RODO.<br>Dane mog\u0105 by\u0107 przekazywane podmiotom, z pomoc\u0105 kt\u00f3rych O\u015brodek Sportu i Rekreacji w G\u00f3rze Kalwarii realizuje wskazane cele, w tym podmiotom utrzymuj\u0105cym infrastruktur\u0119 IT. Podanie danych jest dobrowolne, a w relacjach umownych stanowi wym\u00f3g zawarcia i realizacji umowy.<br>Mo\u017cliwe jest zg\u0142oszenie sprzeciwu wobec przetwarzania danych, \u017c\u0105dania do nich dost\u0119pu, sprostowania, usuni\u0119cia, ograniczenia przetwarzania oraz przeniesienia. Dane przechowywane s\u0105 do wniesienia sprzeciwu, a w relacjach umownych \u2013 przez czas trwania umowy i po jej zako\u0144czeniu przez okres wynikaj\u0105cy z przepis\u00f3w o archiwizacji.<br>Ka\u017cdemu przys\u0142uguje prawo wniesienia skargi do Prezesa Urz\u0119du Ochrony Danych Osobowych.<\/p>\n\n\n\n<p>Czynno\u015b\u0107 przetwarzania: prowadzenie rejestru korespondencji (przyjmowanie korespondencji i udzielanie na ni\u0105 odpowiedzi).<\/p>\n\n\n\n<p>Inspektor Ochrony Danych Pani Iwona Obarzanek<br>kontakt za pomoc\u0105 poczty elektronicznej (adres: iod@osirgorakalwaria.pl)<br>lub poczty tradycyjnej przesy\u0142aj\u0105c na adres Administratora &#8211; O\u015brodek Sportu i Rekreacji<br>w G\u00f3rze Kalwarii, ul. Pijarska 119, (05-530) G\u00f3ra Kalwaria.<\/p>","protected":false},"excerpt":{"rendered":"<p>O\u015brodek Sportu i Rekreacji w G\u00f3rze Kalwariiul. Pijarska 11905-530 G\u00f3ra KalwariaNIP: 123 02 76 060Regon: 001254599 Recepcja:tel: 22 727 48 [&hellip;]<\/p>","protected":false},"author":4,"featured_media":0,"parent":0,"menu_order":0,"comment_status":"closed","ping_status":"closed","template":"page-templates\/full-width.php","meta":{"_acf_changed":false,"footnotes":""},"class_list":["post-1112","page","type-page","status-publish","hentry"],"acf":[],"yoast_head":"<!-- This site is optimized with the Yoast SEO plugin v25.4 - https:\/\/yoast.com\/wordpress\/plugins\/seo\/ -->\n<title>Kontakt - OSiR G\u00f3ra Kalwaria<\/title>\n<meta name=\"robots\" content=\"index, follow, max-snippet:-1, max-image-preview:large, max-video-preview:-1\" \/>\n<link rel=\"canonical\" href=\"https:\/\/www.osirgorakalwaria.pl\/en\/kontakt\/\" \/>\n<meta property=\"og:locale\" content=\"en_US\" \/>\n<meta property=\"og:type\" content=\"article\" \/>\n<meta property=\"og:title\" content=\"Kontakt - OSiR G\u00f3ra Kalwaria\" \/>\n<meta property=\"og:description\" content=\"O\u015brodek Sportu i Rekreacji w G\u00f3rze Kalwariiul. Pijarska 11905-530 G\u00f3ra KalwariaNIP: 123 02 76 060Regon: 001254599 Recepcja:tel: 22 727 48 [&hellip;]\" \/>\n<meta property=\"og:url\" content=\"https:\/\/www.osirgorakalwaria.pl\/en\/kontakt\/\" \/>\n<meta property=\"og:site_name\" content=\"OSiR G\u00f3ra Kalwaria\" \/>\n<meta property=\"article:publisher\" content=\"https:\/\/www.facebook.com\/p\/OSiR-G%c3%b3ra-Kalwaria-100060829345584\/?locale=pl_PL\" \/>\n<meta property=\"article:modified_time\" content=\"2025-12-26T11:19:37+00:00\" \/>\n<meta name=\"twitter:card\" content=\"summary_large_image\" \/>\n<meta name=\"twitter:label1\" content=\"Est. reading time\" \/>\n\t<meta name=\"twitter:data1\" content=\"3 minutes\" \/>\n<script type=\"application\/ld+json\" class=\"yoast-schema-graph\">{\"@context\":\"https:\/\/schema.org\",\"@graph\":[{\"@type\":\"WebPage\",\"@id\":\"https:\/\/www.osirgorakalwaria.pl\/kontakt\/\",\"url\":\"https:\/\/www.osirgorakalwaria.pl\/kontakt\/\",\"name\":\"Kontakt - OSiR G\u00f3ra Kalwaria\",\"isPartOf\":{\"@id\":\"https:\/\/www.osirgorakalwaria.pl\/#website\"},\"datePublished\":\"2023-12-18T09:19:02+00:00\",\"dateModified\":\"2025-12-26T11:19:37+00:00\",\"breadcrumb\":{\"@id\":\"https:\/\/www.osirgorakalwaria.pl\/kontakt\/#breadcrumb\"},\"inLanguage\":\"en-US\",\"potentialAction\":[{\"@type\":\"ReadAction\",\"target\":[\"https:\/\/www.osirgorakalwaria.pl\/kontakt\/\"]}]},{\"@type\":\"BreadcrumbList\",\"@id\":\"https:\/\/www.osirgorakalwaria.pl\/kontakt\/#breadcrumb\",\"itemListElement\":[{\"@type\":\"ListItem\",\"position\":1,\"name\":\"Strona g\u0142\u00f3wna\",\"item\":\"https:\/\/www.osirgorakalwaria.pl\/\"},{\"@type\":\"ListItem\",\"position\":2,\"name\":\"Kontakt\"}]},{\"@type\":\"WebSite\",\"@id\":\"https:\/\/www.osirgorakalwaria.pl\/#website\",\"url\":\"https:\/\/www.osirgorakalwaria.pl\/\",\"name\":\"OSiR G\u00f3ra Kalwaria\",\"description\":\"\",\"alternateName\":\"O\u015brodek Sportu i Rekreacji w G\u00f3rze Kalwarii\",\"potentialAction\":[{\"@type\":\"SearchAction\",\"target\":{\"@type\":\"EntryPoint\",\"urlTemplate\":\"https:\/\/www.osirgorakalwaria.pl\/?s={search_term_string}\"},\"query-input\":{\"@type\":\"PropertyValueSpecification\",\"valueRequired\":true,\"valueName\":\"search_term_string\"}}],\"inLanguage\":\"en-US\"}]}<\/script>\n<!-- \/ Yoast SEO plugin. -->","yoast_head_json":{"title":"Kontakt - OSiR G\u00f3ra Kalwaria","robots":{"index":"index","follow":"follow","max-snippet":"max-snippet:-1","max-image-preview":"max-image-preview:large","max-video-preview":"max-video-preview:-1"},"canonical":"https:\/\/www.osirgorakalwaria.pl\/en\/kontakt\/","og_locale":"en_US","og_type":"article","og_title":"Kontakt - OSiR G\u00f3ra Kalwaria","og_description":"O\u015brodek Sportu i Rekreacji w G\u00f3rze Kalwariiul. Pijarska 11905-530 G\u00f3ra KalwariaNIP: 123 02 76 060Regon: 001254599 Recepcja:tel: 22 727 48 [&hellip;]","og_url":"https:\/\/www.osirgorakalwaria.pl\/en\/kontakt\/","og_site_name":"OSiR G\u00f3ra Kalwaria","article_publisher":"https:\/\/www.facebook.com\/p\/OSiR-G%c3%b3ra-Kalwaria-100060829345584\/?locale=pl_PL","article_modified_time":"2025-12-26T11:19:37+00:00","twitter_card":"summary_large_image","twitter_misc":{"Est. reading time":"3 minutes"},"schema":{"@context":"https:\/\/schema.org","@graph":[{"@type":"WebPage","@id":"https:\/\/www.osirgorakalwaria.pl\/kontakt\/","url":"https:\/\/www.osirgorakalwaria.pl\/kontakt\/","name":"Kontakt - OSiR G\u00f3ra Kalwaria","isPartOf":{"@id":"https:\/\/www.osirgorakalwaria.pl\/#website"},"datePublished":"2023-12-18T09:19:02+00:00","dateModified":"2025-12-26T11:19:37+00:00","breadcrumb":{"@id":"https:\/\/www.osirgorakalwaria.pl\/kontakt\/#breadcrumb"},"inLanguage":"en-US","potentialAction":[{"@type":"ReadAction","target":["https:\/\/www.osirgorakalwaria.pl\/kontakt\/"]}]},{"@type":"BreadcrumbList","@id":"https:\/\/www.osirgorakalwaria.pl\/kontakt\/#breadcrumb","itemListElement":[{"@type":"ListItem","position":1,"name":"Strona g\u0142\u00f3wna","item":"https:\/\/www.osirgorakalwaria.pl\/"},{"@type":"ListItem","position":2,"name":"Kontakt"}]},{"@type":"WebSite","@id":"https:\/\/www.osirgorakalwaria.pl\/#website","url":"https:\/\/www.osirgorakalwaria.pl\/","name":"OSiR G\u00f3ra Kalwaria","description":"","alternateName":"O\u015brodek Sportu i Rekreacji w G\u00f3rze Kalwarii","potentialAction":[{"@type":"SearchAction","target":{"@type":"EntryPoint","urlTemplate":"https:\/\/www.osirgorakalwaria.pl\/?s={search_term_string}"},"query-input":{"@type":"PropertyValueSpecification","valueRequired":true,"valueName":"search_term_string"}}],"inLanguage":"en-US"}]}},"_links":{"self":[{"href":"https:\/\/www.osirgorakalwaria.pl\/en\/wp-json\/wp\/v2\/pages\/1112","targetHints":{"allow":["GET"]}}],"collection":[{"href":"https:\/\/www.osirgorakalwaria.pl\/en\/wp-json\/wp\/v2\/pages"}],"about":[{"href":"https:\/\/www.osirgorakalwaria.pl\/en\/wp-json\/wp\/v2\/types\/page"}],"author":[{"embeddable":true,"href":"https:\/\/www.osirgorakalwaria.pl\/en\/wp-json\/wp\/v2\/users\/4"}],"replies":[{"embeddable":true,"href":"https:\/\/www.osirgorakalwaria.pl\/en\/wp-json\/wp\/v2\/comments?post=1112"}],"version-history":[{"count":13,"href":"https:\/\/www.osirgorakalwaria.pl\/en\/wp-json\/wp\/v2\/pages\/1112\/revisions"}],"predecessor-version":[{"id":2125,"href":"https:\/\/www.osirgorakalwaria.pl\/en\/wp-json\/wp\/v2\/pages\/1112\/revisions\/2125"}],"wp:attachment":[{"href":"https:\/\/www.osirgorakalwaria.pl\/en\/wp-json\/wp\/v2\/media?parent=1112"}],"curies":[{"name":"wp","href":"https:\/\/api.w.org\/{rel}","templated":true}]}}