{"id":1115,"date":"2023-12-18T10:24:43","date_gmt":"2023-12-18T09:24:43","guid":{"rendered":"https:\/\/osir.dev-stage.site\/?page_id=1115"},"modified":"2023-12-21T21:45:47","modified_gmt":"2023-12-21T20:45:47","slug":"wydarzenie-3","status":"publish","type":"page","link":"https:\/\/www.osirgorakalwaria.pl\/en\/wydarzenie-3\/","title":{"rendered":"Wydarzenie 3"},"content":{"rendered":"<figure class=\"wp-block-image size-full\"><img loading=\"lazy\" decoding=\"async\" width=\"1409\" height=\"2000\" src=\"https:\/\/www.osirgorakalwaria.pl\/wp-content\/uploads\/2023\/12\/teksty_do_ulotki_dorosli_A5pdf.jpg\" alt=\"\" class=\"wp-image-1065\" srcset=\"https:\/\/www.osirgorakalwaria.pl\/wp-content\/uploads\/2023\/12\/teksty_do_ulotki_dorosli_A5pdf.jpg 1409w, https:\/\/www.osirgorakalwaria.pl\/wp-content\/uploads\/2023\/12\/teksty_do_ulotki_dorosli_A5pdf-211x300.jpg 211w, https:\/\/www.osirgorakalwaria.pl\/wp-content\/uploads\/2023\/12\/teksty_do_ulotki_dorosli_A5pdf-721x1024.jpg 721w, https:\/\/www.osirgorakalwaria.pl\/wp-content\/uploads\/2023\/12\/teksty_do_ulotki_dorosli_A5pdf-768x1090.jpg 768w, https:\/\/www.osirgorakalwaria.pl\/wp-content\/uploads\/2023\/12\/teksty_do_ulotki_dorosli_A5pdf-1082x1536.jpg 1082w\" sizes=\"auto, (max-width: 1409px) 100vw, 1409px\" \/><\/figure>\n\n\n\n<p><\/p>\n\n\n\n<p>Nullam eu sem sed urna vulputate facilisis vitae tincidunt quam. Sed sit amet est id justo rhoncus tincidunt id sed lectus. Fusce nec volutpat sapien, nec imperdiet ligula. Quisque euismod varius ligula ac ultricies. In eu ante tortor. Cras elementum mollis nisi, ut vestibulum metus imperdiet nec. Ut fringilla, purus ut sagittis faucibus, orci nisi imperdiet ex, eget faucibus nulla libero vel nisl. Fusce molestie luctus leo, vel efficitur urna dignissim in. Praesent dui sapien, pulvinar eget velit quis, porta efficitur ante. Integer venenatis ligula non nisl ornare scelerisque. Fusce vel libero feugiat, sagittis sem sed, pulvinar turpis. Ut molestie ut sem in tempor.<\/p>\n\n\n\n<p>Curabitur ullamcorper fringilla elementum. Morbi ut erat nisl. Phasellus dignissim interdum nunc, et ultrices lorem tempor nec. Aenean blandit enim in nisl varius, vulputate accumsan ligula interdum. Duis congue, dui nec aliquam mollis, ligula enim tincidunt erat, vel pulvinar nibh nunc quis risus. Aliquam mattis odio metus, sed sodales turpis varius in. Nam egestas felis et ligula fermentum, ac dignissim metus scelerisque.<\/p>","protected":false},"excerpt":{"rendered":"<p>Nullam eu sem sed urna vulputate facilisis vitae tincidunt quam. Sed sit amet est id justo rhoncus tincidunt id sed [&hellip;]<\/p>","protected":false},"author":4,"featured_media":0,"parent":0,"menu_order":0,"comment_status":"closed","ping_status":"closed","template":"page-templates\/pagebuilder.php","meta":{"_acf_changed":false,"footnotes":""},"class_list":["post-1115","page","type-page","status-publish","hentry"],"acf":[],"yoast_head":"<!-- This site is optimized with the Yoast SEO plugin v25.4 - https:\/\/yoast.com\/wordpress\/plugins\/seo\/ -->\n<title>Wydarzenie 3 - OSiR G\u00f3ra Kalwaria<\/title>\n<meta name=\"robots\" content=\"index, follow, max-snippet:-1, max-image-preview:large, max-video-preview:-1\" \/>\n<link rel=\"canonical\" href=\"https:\/\/www.osirgorakalwaria.pl\/en\/wydarzenie-3\/\" \/>\n<meta property=\"og:locale\" content=\"en_US\" \/>\n<meta property=\"og:type\" content=\"article\" \/>\n<meta property=\"og:title\" content=\"Wydarzenie 3 - OSiR G\u00f3ra Kalwaria\" \/>\n<meta property=\"og:description\" content=\"Nullam eu sem sed urna vulputate facilisis vitae tincidunt quam. Sed sit amet est id justo rhoncus tincidunt id sed [&hellip;]\" \/>\n<meta property=\"og:url\" content=\"https:\/\/www.osirgorakalwaria.pl\/en\/wydarzenie-3\/\" \/>\n<meta property=\"og:site_name\" content=\"OSiR G\u00f3ra Kalwaria\" \/>\n<meta property=\"article:publisher\" content=\"https:\/\/www.facebook.com\/p\/OSiR-G%c3%b3ra-Kalwaria-100060829345584\/?locale=pl_PL\" \/>\n<meta property=\"article:modified_time\" content=\"2023-12-21T20:45:47+00:00\" \/>\n<meta property=\"og:image\" content=\"https:\/\/www.osirgorakalwaria.pl\/wp-content\/uploads\/2023\/12\/teksty_do_ulotki_dorosli_A5pdf.jpg\" \/>\n<meta name=\"twitter:card\" content=\"summary_large_image\" \/>\n<meta name=\"twitter:label1\" content=\"Est. reading time\" \/>\n\t<meta name=\"twitter:data1\" content=\"1 minute\" \/>\n<script type=\"application\/ld+json\" class=\"yoast-schema-graph\">{\"@context\":\"https:\/\/schema.org\",\"@graph\":[{\"@type\":\"WebPage\",\"@id\":\"https:\/\/www.osirgorakalwaria.pl\/wydarzenie-3\/\",\"url\":\"https:\/\/www.osirgorakalwaria.pl\/wydarzenie-3\/\",\"name\":\"Wydarzenie 3 - OSiR G\u00f3ra Kalwaria\",\"isPartOf\":{\"@id\":\"https:\/\/www.osirgorakalwaria.pl\/#website\"},\"primaryImageOfPage\":{\"@id\":\"https:\/\/www.osirgorakalwaria.pl\/wydarzenie-3\/#primaryimage\"},\"image\":{\"@id\":\"https:\/\/www.osirgorakalwaria.pl\/wydarzenie-3\/#primaryimage\"},\"thumbnailUrl\":\"https:\/\/www.osirgorakalwaria.pl\/wp-content\/uploads\/2023\/12\/teksty_do_ulotki_dorosli_A5pdf.jpg\",\"datePublished\":\"2023-12-18T09:24:43+00:00\",\"dateModified\":\"2023-12-21T20:45:47+00:00\",\"breadcrumb\":{\"@id\":\"https:\/\/www.osirgorakalwaria.pl\/wydarzenie-3\/#breadcrumb\"},\"inLanguage\":\"en-US\",\"potentialAction\":[{\"@type\":\"ReadAction\",\"target\":[\"https:\/\/www.osirgorakalwaria.pl\/wydarzenie-3\/\"]}]},{\"@type\":\"ImageObject\",\"inLanguage\":\"en-US\",\"@id\":\"https:\/\/www.osirgorakalwaria.pl\/wydarzenie-3\/#primaryimage\",\"url\":\"https:\/\/www.osirgorakalwaria.pl\/wp-content\/uploads\/2023\/12\/teksty_do_ulotki_dorosli_A5pdf.jpg\",\"contentUrl\":\"https:\/\/www.osirgorakalwaria.pl\/wp-content\/uploads\/2023\/12\/teksty_do_ulotki_dorosli_A5pdf.jpg\"},{\"@type\":\"BreadcrumbList\",\"@id\":\"https:\/\/www.osirgorakalwaria.pl\/wydarzenie-3\/#breadcrumb\",\"itemListElement\":[{\"@type\":\"ListItem\",\"position\":1,\"name\":\"Strona g\u0142\u00f3wna\",\"item\":\"https:\/\/www.osirgorakalwaria.pl\/\"},{\"@type\":\"ListItem\",\"position\":2,\"name\":\"Wydarzenie 3\"}]},{\"@type\":\"WebSite\",\"@id\":\"https:\/\/www.osirgorakalwaria.pl\/#website\",\"url\":\"https:\/\/www.osirgorakalwaria.pl\/\",\"name\":\"OSiR G\u00f3ra Kalwaria\",\"description\":\"\",\"alternateName\":\"O\u015brodek Sportu i Rekreacji w G\u00f3rze Kalwarii\",\"potentialAction\":[{\"@type\":\"SearchAction\",\"target\":{\"@type\":\"EntryPoint\",\"urlTemplate\":\"https:\/\/www.osirgorakalwaria.pl\/?s={search_term_string}\"},\"query-input\":{\"@type\":\"PropertyValueSpecification\",\"valueRequired\":true,\"valueName\":\"search_term_string\"}}],\"inLanguage\":\"en-US\"}]}<\/script>\n<!-- \/ Yoast SEO plugin. -->","yoast_head_json":{"title":"Wydarzenie 3 - OSiR G\u00f3ra Kalwaria","robots":{"index":"index","follow":"follow","max-snippet":"max-snippet:-1","max-image-preview":"max-image-preview:large","max-video-preview":"max-video-preview:-1"},"canonical":"https:\/\/www.osirgorakalwaria.pl\/en\/wydarzenie-3\/","og_locale":"en_US","og_type":"article","og_title":"Wydarzenie 3 - OSiR G\u00f3ra Kalwaria","og_description":"Nullam eu sem sed urna vulputate facilisis vitae tincidunt quam. Sed sit amet est id justo rhoncus tincidunt id sed [&hellip;]","og_url":"https:\/\/www.osirgorakalwaria.pl\/en\/wydarzenie-3\/","og_site_name":"OSiR G\u00f3ra Kalwaria","article_publisher":"https:\/\/www.facebook.com\/p\/OSiR-G%c3%b3ra-Kalwaria-100060829345584\/?locale=pl_PL","article_modified_time":"2023-12-21T20:45:47+00:00","og_image":[{"url":"https:\/\/www.osirgorakalwaria.pl\/wp-content\/uploads\/2023\/12\/teksty_do_ulotki_dorosli_A5pdf.jpg","type":"","width":"","height":""}],"twitter_card":"summary_large_image","twitter_misc":{"Est. reading time":"1 minute"},"schema":{"@context":"https:\/\/schema.org","@graph":[{"@type":"WebPage","@id":"https:\/\/www.osirgorakalwaria.pl\/wydarzenie-3\/","url":"https:\/\/www.osirgorakalwaria.pl\/wydarzenie-3\/","name":"Wydarzenie 3 - OSiR G\u00f3ra Kalwaria","isPartOf":{"@id":"https:\/\/www.osirgorakalwaria.pl\/#website"},"primaryImageOfPage":{"@id":"https:\/\/www.osirgorakalwaria.pl\/wydarzenie-3\/#primaryimage"},"image":{"@id":"https:\/\/www.osirgorakalwaria.pl\/wydarzenie-3\/#primaryimage"},"thumbnailUrl":"https:\/\/www.osirgorakalwaria.pl\/wp-content\/uploads\/2023\/12\/teksty_do_ulotki_dorosli_A5pdf.jpg","datePublished":"2023-12-18T09:24:43+00:00","dateModified":"2023-12-21T20:45:47+00:00","breadcrumb":{"@id":"https:\/\/www.osirgorakalwaria.pl\/wydarzenie-3\/#breadcrumb"},"inLanguage":"en-US","potentialAction":[{"@type":"ReadAction","target":["https:\/\/www.osirgorakalwaria.pl\/wydarzenie-3\/"]}]},{"@type":"ImageObject","inLanguage":"en-US","@id":"https:\/\/www.osirgorakalwaria.pl\/wydarzenie-3\/#primaryimage","url":"https:\/\/www.osirgorakalwaria.pl\/wp-content\/uploads\/2023\/12\/teksty_do_ulotki_dorosli_A5pdf.jpg","contentUrl":"https:\/\/www.osirgorakalwaria.pl\/wp-content\/uploads\/2023\/12\/teksty_do_ulotki_dorosli_A5pdf.jpg"},{"@type":"BreadcrumbList","@id":"https:\/\/www.osirgorakalwaria.pl\/wydarzenie-3\/#breadcrumb","itemListElement":[{"@type":"ListItem","position":1,"name":"Strona g\u0142\u00f3wna","item":"https:\/\/www.osirgorakalwaria.pl\/"},{"@type":"ListItem","position":2,"name":"Wydarzenie 3"}]},{"@type":"WebSite","@id":"https:\/\/www.osirgorakalwaria.pl\/#website","url":"https:\/\/www.osirgorakalwaria.pl\/","name":"OSiR G\u00f3ra Kalwaria","description":"","alternateName":"O\u015brodek Sportu i Rekreacji w G\u00f3rze Kalwarii","potentialAction":[{"@type":"SearchAction","target":{"@type":"EntryPoint","urlTemplate":"https:\/\/www.osirgorakalwaria.pl\/?s={search_term_string}"},"query-input":{"@type":"PropertyValueSpecification","valueRequired":true,"valueName":"search_term_string"}}],"inLanguage":"en-US"}]}},"_links":{"self":[{"href":"https:\/\/www.osirgorakalwaria.pl\/en\/wp-json\/wp\/v2\/pages\/1115","targetHints":{"allow":["GET"]}}],"collection":[{"href":"https:\/\/www.osirgorakalwaria.pl\/en\/wp-json\/wp\/v2\/pages"}],"about":[{"href":"https:\/\/www.osirgorakalwaria.pl\/en\/wp-json\/wp\/v2\/types\/page"}],"author":[{"embeddable":true,"href":"https:\/\/www.osirgorakalwaria.pl\/en\/wp-json\/wp\/v2\/users\/4"}],"replies":[{"embeddable":true,"href":"https:\/\/www.osirgorakalwaria.pl\/en\/wp-json\/wp\/v2\/comments?post=1115"}],"version-history":[{"count":1,"href":"https:\/\/www.osirgorakalwaria.pl\/en\/wp-json\/wp\/v2\/pages\/1115\/revisions"}],"predecessor-version":[{"id":1120,"href":"https:\/\/www.osirgorakalwaria.pl\/en\/wp-json\/wp\/v2\/pages\/1115\/revisions\/1120"}],"wp:attachment":[{"href":"https:\/\/www.osirgorakalwaria.pl\/en\/wp-json\/wp\/v2\/media?parent=1115"}],"curies":[{"name":"wp","href":"https:\/\/api.w.org\/{rel}","templated":true}]}}