{"id":1125,"date":"2023-12-18T10:26:35","date_gmt":"2023-12-18T09:26:35","guid":{"rendered":"https:\/\/osir.dev-stage.site\/?page_id=1125"},"modified":"2023-12-21T21:45:03","modified_gmt":"2023-12-21T20:45:03","slug":"rodo","status":"publish","type":"page","link":"https:\/\/www.osirgorakalwaria.pl\/en\/rodo\/","title":{"rendered":"RODO"},"content":{"rendered":"<p><\/p>\n\n\n\n<p><\/p>\n\n\n\n<p><strong>Inspektor Ochrony Danych\u00a0 Pani\u00a0 Iwona Obarzanek<\/strong><\/p>\n\n\n\n<p>Kontakt za pomoc\u0105 poczty elektronicznej <a href=\"mailto:iod@mshm.pl\">iod@osirgorakalwaria.pl<\/a> lub poczty tradycyjnej:<\/p>\n\n\n\n<p>Inspektor ds. Ochrony Danych Osobowych &#8211; O\u015brodek Sportu i Rekreacji w G\u00f3rze Kalwarii, ul. Pijarska 119, (05-530) G\u00f3ra Kalwaria.<\/p>\n\n\n\n<p>Klauzule informacyjne do pobrania&nbsp;<mark style=\"background-color:rgba(0, 0, 0, 0)\" class=\"has-inline-color has-vivid-cyan-blue-color\"><a href=\"https:\/\/www.osirgorakalwaria.pl\/wp-content\/uploads\/2023\/12\/Klauzula_do.pdf\" data-type=\"link\" data-id=\"https:\/\/www.osirgorakalwaria.pl\/wp-content\/uploads\/2023\/12\/Klauzula_do.pdf\" target=\"_blank\" rel=\"noreferrer noopener\">tutaj<\/a><\/mark><\/p>\n\n\n\n<p>Klauzula informacyjna &#8222;Wizerunek zawodnik\u00f3w&#8221; do pobrania\u00a0<mark style=\"background-color:rgba(0, 0, 0, 0)\" class=\"has-inline-color has-vivid-cyan-blue-color\"><a href=\"https:\/\/www.osirgorakalwaria.pl\/wp-content\/uploads\/2023\/12\/KLAUZULA_INFORMACYJNA_WIZERUNEK_ZAWODNIKOW.pdf\" data-type=\"link\" data-id=\"https:\/\/www.osirgorakalwaria.pl\/wp-content\/uploads\/2023\/12\/KLAUZULA_INFORMACYJNA_WIZERUNEK_ZAWODNIKOW.pdf\" target=\"_blank\" rel=\"noreferrer noopener\">tutaj<\/a><\/mark><\/p>","protected":false},"excerpt":{"rendered":"<p>Inspektor Ochrony Danych\u00a0 Pani\u00a0 Iwona Obarzanek Kontakt za pomoc\u0105 poczty elektronicznej iod@osirgorakalwaria.pl lub poczty tradycyjnej: Inspektor ds. Ochrony Danych Osobowych [&hellip;]<\/p>","protected":false},"author":4,"featured_media":0,"parent":0,"menu_order":0,"comment_status":"closed","ping_status":"closed","template":"page-templates\/full-width.php","meta":{"_acf_changed":false,"footnotes":""},"class_list":["post-1125","page","type-page","status-publish","hentry"],"acf":[],"yoast_head":"<!-- This site is optimized with the Yoast SEO plugin v25.4 - https:\/\/yoast.com\/wordpress\/plugins\/seo\/ -->\n<title>RODO - OSiR G\u00f3ra Kalwaria<\/title>\n<meta name=\"robots\" content=\"index, follow, max-snippet:-1, max-image-preview:large, max-video-preview:-1\" \/>\n<link rel=\"canonical\" href=\"https:\/\/www.osirgorakalwaria.pl\/en\/rodo\/\" \/>\n<meta property=\"og:locale\" content=\"en_US\" \/>\n<meta property=\"og:type\" content=\"article\" \/>\n<meta property=\"og:title\" content=\"RODO - OSiR G\u00f3ra Kalwaria\" \/>\n<meta property=\"og:description\" content=\"Inspektor Ochrony Danych\u00a0 Pani\u00a0 Iwona Obarzanek Kontakt za pomoc\u0105 poczty elektronicznej iod@osirgorakalwaria.pl lub poczty tradycyjnej: Inspektor ds. Ochrony Danych Osobowych [&hellip;]\" \/>\n<meta property=\"og:url\" content=\"https:\/\/www.osirgorakalwaria.pl\/en\/rodo\/\" \/>\n<meta property=\"og:site_name\" content=\"OSiR G\u00f3ra Kalwaria\" \/>\n<meta property=\"article:publisher\" content=\"https:\/\/www.facebook.com\/p\/OSiR-G%c3%b3ra-Kalwaria-100060829345584\/?locale=pl_PL\" \/>\n<meta property=\"article:modified_time\" content=\"2023-12-21T20:45:03+00:00\" \/>\n<meta name=\"twitter:card\" content=\"summary_large_image\" \/>\n<script type=\"application\/ld+json\" class=\"yoast-schema-graph\">{\"@context\":\"https:\/\/schema.org\",\"@graph\":[{\"@type\":\"WebPage\",\"@id\":\"https:\/\/www.osirgorakalwaria.pl\/rodo\/\",\"url\":\"https:\/\/www.osirgorakalwaria.pl\/rodo\/\",\"name\":\"RODO - OSiR G\u00f3ra Kalwaria\",\"isPartOf\":{\"@id\":\"https:\/\/www.osirgorakalwaria.pl\/#website\"},\"datePublished\":\"2023-12-18T09:26:35+00:00\",\"dateModified\":\"2023-12-21T20:45:03+00:00\",\"breadcrumb\":{\"@id\":\"https:\/\/www.osirgorakalwaria.pl\/rodo\/#breadcrumb\"},\"inLanguage\":\"en-US\",\"potentialAction\":[{\"@type\":\"ReadAction\",\"target\":[\"https:\/\/www.osirgorakalwaria.pl\/rodo\/\"]}]},{\"@type\":\"BreadcrumbList\",\"@id\":\"https:\/\/www.osirgorakalwaria.pl\/rodo\/#breadcrumb\",\"itemListElement\":[{\"@type\":\"ListItem\",\"position\":1,\"name\":\"Strona g\u0142\u00f3wna\",\"item\":\"https:\/\/www.osirgorakalwaria.pl\/\"},{\"@type\":\"ListItem\",\"position\":2,\"name\":\"RODO\"}]},{\"@type\":\"WebSite\",\"@id\":\"https:\/\/www.osirgorakalwaria.pl\/#website\",\"url\":\"https:\/\/www.osirgorakalwaria.pl\/\",\"name\":\"OSiR G\u00f3ra Kalwaria\",\"description\":\"\",\"alternateName\":\"O\u015brodek Sportu i Rekreacji w G\u00f3rze Kalwarii\",\"potentialAction\":[{\"@type\":\"SearchAction\",\"target\":{\"@type\":\"EntryPoint\",\"urlTemplate\":\"https:\/\/www.osirgorakalwaria.pl\/?s={search_term_string}\"},\"query-input\":{\"@type\":\"PropertyValueSpecification\",\"valueRequired\":true,\"valueName\":\"search_term_string\"}}],\"inLanguage\":\"en-US\"}]}<\/script>\n<!-- \/ Yoast SEO plugin. -->","yoast_head_json":{"title":"RODO - OSiR G\u00f3ra Kalwaria","robots":{"index":"index","follow":"follow","max-snippet":"max-snippet:-1","max-image-preview":"max-image-preview:large","max-video-preview":"max-video-preview:-1"},"canonical":"https:\/\/www.osirgorakalwaria.pl\/en\/rodo\/","og_locale":"en_US","og_type":"article","og_title":"RODO - OSiR G\u00f3ra Kalwaria","og_description":"Inspektor Ochrony Danych\u00a0 Pani\u00a0 Iwona Obarzanek Kontakt za pomoc\u0105 poczty elektronicznej iod@osirgorakalwaria.pl lub poczty tradycyjnej: Inspektor ds. Ochrony Danych Osobowych [&hellip;]","og_url":"https:\/\/www.osirgorakalwaria.pl\/en\/rodo\/","og_site_name":"OSiR G\u00f3ra Kalwaria","article_publisher":"https:\/\/www.facebook.com\/p\/OSiR-G%c3%b3ra-Kalwaria-100060829345584\/?locale=pl_PL","article_modified_time":"2023-12-21T20:45:03+00:00","twitter_card":"summary_large_image","schema":{"@context":"https:\/\/schema.org","@graph":[{"@type":"WebPage","@id":"https:\/\/www.osirgorakalwaria.pl\/rodo\/","url":"https:\/\/www.osirgorakalwaria.pl\/rodo\/","name":"RODO - OSiR G\u00f3ra Kalwaria","isPartOf":{"@id":"https:\/\/www.osirgorakalwaria.pl\/#website"},"datePublished":"2023-12-18T09:26:35+00:00","dateModified":"2023-12-21T20:45:03+00:00","breadcrumb":{"@id":"https:\/\/www.osirgorakalwaria.pl\/rodo\/#breadcrumb"},"inLanguage":"en-US","potentialAction":[{"@type":"ReadAction","target":["https:\/\/www.osirgorakalwaria.pl\/rodo\/"]}]},{"@type":"BreadcrumbList","@id":"https:\/\/www.osirgorakalwaria.pl\/rodo\/#breadcrumb","itemListElement":[{"@type":"ListItem","position":1,"name":"Strona g\u0142\u00f3wna","item":"https:\/\/www.osirgorakalwaria.pl\/"},{"@type":"ListItem","position":2,"name":"RODO"}]},{"@type":"WebSite","@id":"https:\/\/www.osirgorakalwaria.pl\/#website","url":"https:\/\/www.osirgorakalwaria.pl\/","name":"OSiR G\u00f3ra Kalwaria","description":"","alternateName":"O\u015brodek Sportu i Rekreacji w G\u00f3rze Kalwarii","potentialAction":[{"@type":"SearchAction","target":{"@type":"EntryPoint","urlTemplate":"https:\/\/www.osirgorakalwaria.pl\/?s={search_term_string}"},"query-input":{"@type":"PropertyValueSpecification","valueRequired":true,"valueName":"search_term_string"}}],"inLanguage":"en-US"}]}},"_links":{"self":[{"href":"https:\/\/www.osirgorakalwaria.pl\/en\/wp-json\/wp\/v2\/pages\/1125","targetHints":{"allow":["GET"]}}],"collection":[{"href":"https:\/\/www.osirgorakalwaria.pl\/en\/wp-json\/wp\/v2\/pages"}],"about":[{"href":"https:\/\/www.osirgorakalwaria.pl\/en\/wp-json\/wp\/v2\/types\/page"}],"author":[{"embeddable":true,"href":"https:\/\/www.osirgorakalwaria.pl\/en\/wp-json\/wp\/v2\/users\/4"}],"replies":[{"embeddable":true,"href":"https:\/\/www.osirgorakalwaria.pl\/en\/wp-json\/wp\/v2\/comments?post=1125"}],"version-history":[{"count":4,"href":"https:\/\/www.osirgorakalwaria.pl\/en\/wp-json\/wp\/v2\/pages\/1125\/revisions"}],"predecessor-version":[{"id":1264,"href":"https:\/\/www.osirgorakalwaria.pl\/en\/wp-json\/wp\/v2\/pages\/1125\/revisions\/1264"}],"wp:attachment":[{"href":"https:\/\/www.osirgorakalwaria.pl\/en\/wp-json\/wp\/v2\/media?parent=1125"}],"curies":[{"name":"wp","href":"https:\/\/api.w.org\/{rel}","templated":true}]}}