{"id":1128,"date":"2023-12-18T10:27:11","date_gmt":"2023-12-18T09:27:11","guid":{"rendered":"https:\/\/osir.dev-stage.site\/?page_id=1128"},"modified":"2023-12-21T21:44:58","modified_gmt":"2023-12-21T20:44:58","slug":"polityka-prywatnosci","status":"publish","type":"page","link":"https:\/\/www.osirgorakalwaria.pl\/en\/polityka-prywatnosci\/","title":{"rendered":"Polityka prywatno\u015bci"},"content":{"rendered":"<p><\/p>\n\n\n\n<p>Od 25 maja 2018 r. w Polsce i w innych krajach Unii Europejskiej stosowane jest Og\u00f3lne Rozporz\u0105dzenie o Ochronie Danych (RODO). W zwi\u0105zku z tym pragniemy przekaza\u0107 kilka szczeg\u00f3\u0142\u00f3w na temat tego, w jaki spos\u00f3b O\u015brodek Sportu i Rekreacji w G\u00f3rze Kalwarii, ul. Pijarska 119 przetwarza dane osobowe.<\/p>\n\n\n\n<ol class=\"wp-block-list\">\n<li>Administratorem Pani\/Pana danych osobowych jest O\u015brodek Sportu i Rekreacji w G\u00f3rze Kalwarii, ul. Pijarska 119, (05-530) G\u00f3ra Kalwaria, tel. (22) 727-48-61, fax. (22) 727-48-81, email: kontakt@osirgorakalwaria.pl.<\/li>\n\n\n\n<li>W O\u015brodek Sportu i Rekreacji wyznaczony zosta\u0142 Inspektor Ochrony Danych, z kt\u00f3rym mo\u017cna skontaktowa\u0107 si\u0119 pod numerem adresem e-mail: iod@osirgorakalwaria.pl. lub poczty tradycyjnej przesy\u0142aj\u0105c na adres Administratora.<\/li>\n\n\n\n<li>Dane s\u0105 przetwarzane w celach kontaktowych, w tym do udzielania informacji o imprezach i wydarzeniach dotycz\u0105cych organizowanych imprez kulturalnych, m.in. poprzez wysy\u0142k\u0119 newsletter\u00f3w OSIR. Powy\u017csze jest realizowane na podstawie prawnie uzasadnionego interesu, czyli zgodnie z art. 6 ust. 1 lit. f RODO. Dane mog\u0105 by\u0107 tak\u017ce przetwarzane, gdy jest to<br>niezb\u0119dne do zawarcie lub wykonania umowy i wype\u0142nienia obowi\u0105zk\u00f3w prawnych ci\u0105\u017c\u0105cych na O\u015brodku Sportu i Rekreacji w G\u00f3rze Kalwarii, ul. Pijarska 119, czyli na podstawie art. 6 ust. 1 lit. b oraz lit. c RODO.<\/li>\n\n\n\n<li>Dane mog\u0105 by\u0107 przekazywane podmiotom, z pomoc\u0105 kt\u00f3rych O\u015brodek Sportu i Rekreacji w G\u00f3rze Kalwarii realizuje wskazane cele, w tym podmiotom utrzymuj\u0105cym infrastruktur\u0119 IT. Podanie danych jest dobrowolne, a w relacjach umownych stanowi wym\u00f3g zawarcia i realizacji umowy.<\/li>\n\n\n\n<li>Mo\u017cliwe jest zg\u0142oszenie sprzeciwu wobec przetwarzania danych, \u017c\u0105dania do nich dost\u0119pu, sprostowania, usuni\u0119cia, ograniczenia przetwarzania oraz przeniesienia. Dane przechowywane s\u0105 do wniesienia sprzeciwu, a w relacjach umownych \u2013 przez czas trwania umowy i po jej zako\u0144czeniu przez okres wynikaj\u0105cy z przepis\u00f3w o archiwizacji.<\/li>\n\n\n\n<li>Ka\u017cdemu przys\u0142uguje prawo wniesienia skargi do Prezesa Urz\u0119du Ochrony Danych Osobowych.<br>Inspektor Ochrony Danych Pani Iwona Obarzanek<br>kontakt si\u0119 za pomoc\u0105 poczty elektronicznej (adres: iod@ osirgorakalwaria.pl) lub poczty tradycyjnej. Adres Administratora &#8211; O\u015brodek Sportu i Rekreacji w G\u00f3rze Kalwarii, ul. Pijarska 119, (05-530) G\u00f3ra Kalwaria.<\/li>\n<\/ol>","protected":false},"excerpt":{"rendered":"<p>Od 25 maja 2018 r. w Polsce i w innych krajach Unii Europejskiej stosowane jest Og\u00f3lne Rozporz\u0105dzenie o Ochronie Danych [&hellip;]<\/p>","protected":false},"author":4,"featured_media":0,"parent":0,"menu_order":0,"comment_status":"closed","ping_status":"closed","template":"page-templates\/full-width.php","meta":{"_acf_changed":false,"footnotes":""},"class_list":["post-1128","page","type-page","status-publish","hentry"],"acf":[],"yoast_head":"<!-- This site is optimized with the Yoast SEO plugin v25.4 - https:\/\/yoast.com\/wordpress\/plugins\/seo\/ -->\n<title>Polityka prywatno\u015bci - OSiR G\u00f3ra Kalwaria<\/title>\n<meta name=\"robots\" content=\"index, follow, max-snippet:-1, max-image-preview:large, max-video-preview:-1\" \/>\n<link rel=\"canonical\" href=\"https:\/\/www.osirgorakalwaria.pl\/en\/polityka-prywatnosci\/\" \/>\n<meta property=\"og:locale\" content=\"en_US\" \/>\n<meta property=\"og:type\" content=\"article\" \/>\n<meta property=\"og:title\" content=\"Polityka prywatno\u015bci - OSiR G\u00f3ra Kalwaria\" \/>\n<meta property=\"og:description\" content=\"Od 25 maja 2018 r. w Polsce i w innych krajach Unii Europejskiej stosowane jest Og\u00f3lne Rozporz\u0105dzenie o Ochronie Danych [&hellip;]\" \/>\n<meta property=\"og:url\" content=\"https:\/\/www.osirgorakalwaria.pl\/en\/polityka-prywatnosci\/\" \/>\n<meta property=\"og:site_name\" content=\"OSiR G\u00f3ra Kalwaria\" \/>\n<meta property=\"article:publisher\" content=\"https:\/\/www.facebook.com\/p\/OSiR-G%c3%b3ra-Kalwaria-100060829345584\/?locale=pl_PL\" \/>\n<meta property=\"article:modified_time\" content=\"2023-12-21T20:44:58+00:00\" \/>\n<meta name=\"twitter:card\" content=\"summary_large_image\" \/>\n<meta name=\"twitter:label1\" content=\"Est. reading time\" \/>\n\t<meta name=\"twitter:data1\" content=\"2 minutes\" \/>\n<script type=\"application\/ld+json\" class=\"yoast-schema-graph\">{\"@context\":\"https:\/\/schema.org\",\"@graph\":[{\"@type\":\"WebPage\",\"@id\":\"https:\/\/www.osirgorakalwaria.pl\/polityka-prywatnosci\/\",\"url\":\"https:\/\/www.osirgorakalwaria.pl\/polityka-prywatnosci\/\",\"name\":\"Polityka prywatno\u015bci - OSiR G\u00f3ra Kalwaria\",\"isPartOf\":{\"@id\":\"https:\/\/www.osirgorakalwaria.pl\/#website\"},\"datePublished\":\"2023-12-18T09:27:11+00:00\",\"dateModified\":\"2023-12-21T20:44:58+00:00\",\"breadcrumb\":{\"@id\":\"https:\/\/www.osirgorakalwaria.pl\/polityka-prywatnosci\/#breadcrumb\"},\"inLanguage\":\"en-US\",\"potentialAction\":[{\"@type\":\"ReadAction\",\"target\":[\"https:\/\/www.osirgorakalwaria.pl\/polityka-prywatnosci\/\"]}]},{\"@type\":\"BreadcrumbList\",\"@id\":\"https:\/\/www.osirgorakalwaria.pl\/polityka-prywatnosci\/#breadcrumb\",\"itemListElement\":[{\"@type\":\"ListItem\",\"position\":1,\"name\":\"Strona g\u0142\u00f3wna\",\"item\":\"https:\/\/www.osirgorakalwaria.pl\/\"},{\"@type\":\"ListItem\",\"position\":2,\"name\":\"Polityka prywatno\u015bci\"}]},{\"@type\":\"WebSite\",\"@id\":\"https:\/\/www.osirgorakalwaria.pl\/#website\",\"url\":\"https:\/\/www.osirgorakalwaria.pl\/\",\"name\":\"OSiR G\u00f3ra Kalwaria\",\"description\":\"\",\"alternateName\":\"O\u015brodek Sportu i Rekreacji w G\u00f3rze Kalwarii\",\"potentialAction\":[{\"@type\":\"SearchAction\",\"target\":{\"@type\":\"EntryPoint\",\"urlTemplate\":\"https:\/\/www.osirgorakalwaria.pl\/?s={search_term_string}\"},\"query-input\":{\"@type\":\"PropertyValueSpecification\",\"valueRequired\":true,\"valueName\":\"search_term_string\"}}],\"inLanguage\":\"en-US\"}]}<\/script>\n<!-- \/ Yoast SEO plugin. -->","yoast_head_json":{"title":"Polityka prywatno\u015bci - OSiR G\u00f3ra Kalwaria","robots":{"index":"index","follow":"follow","max-snippet":"max-snippet:-1","max-image-preview":"max-image-preview:large","max-video-preview":"max-video-preview:-1"},"canonical":"https:\/\/www.osirgorakalwaria.pl\/en\/polityka-prywatnosci\/","og_locale":"en_US","og_type":"article","og_title":"Polityka prywatno\u015bci - OSiR G\u00f3ra Kalwaria","og_description":"Od 25 maja 2018 r. w Polsce i w innych krajach Unii Europejskiej stosowane jest Og\u00f3lne Rozporz\u0105dzenie o Ochronie Danych [&hellip;]","og_url":"https:\/\/www.osirgorakalwaria.pl\/en\/polityka-prywatnosci\/","og_site_name":"OSiR G\u00f3ra Kalwaria","article_publisher":"https:\/\/www.facebook.com\/p\/OSiR-G%c3%b3ra-Kalwaria-100060829345584\/?locale=pl_PL","article_modified_time":"2023-12-21T20:44:58+00:00","twitter_card":"summary_large_image","twitter_misc":{"Est. reading time":"2 minutes"},"schema":{"@context":"https:\/\/schema.org","@graph":[{"@type":"WebPage","@id":"https:\/\/www.osirgorakalwaria.pl\/polityka-prywatnosci\/","url":"https:\/\/www.osirgorakalwaria.pl\/polityka-prywatnosci\/","name":"Polityka prywatno\u015bci - OSiR G\u00f3ra Kalwaria","isPartOf":{"@id":"https:\/\/www.osirgorakalwaria.pl\/#website"},"datePublished":"2023-12-18T09:27:11+00:00","dateModified":"2023-12-21T20:44:58+00:00","breadcrumb":{"@id":"https:\/\/www.osirgorakalwaria.pl\/polityka-prywatnosci\/#breadcrumb"},"inLanguage":"en-US","potentialAction":[{"@type":"ReadAction","target":["https:\/\/www.osirgorakalwaria.pl\/polityka-prywatnosci\/"]}]},{"@type":"BreadcrumbList","@id":"https:\/\/www.osirgorakalwaria.pl\/polityka-prywatnosci\/#breadcrumb","itemListElement":[{"@type":"ListItem","position":1,"name":"Strona g\u0142\u00f3wna","item":"https:\/\/www.osirgorakalwaria.pl\/"},{"@type":"ListItem","position":2,"name":"Polityka prywatno\u015bci"}]},{"@type":"WebSite","@id":"https:\/\/www.osirgorakalwaria.pl\/#website","url":"https:\/\/www.osirgorakalwaria.pl\/","name":"OSiR G\u00f3ra Kalwaria","description":"","alternateName":"O\u015brodek Sportu i Rekreacji w G\u00f3rze Kalwarii","potentialAction":[{"@type":"SearchAction","target":{"@type":"EntryPoint","urlTemplate":"https:\/\/www.osirgorakalwaria.pl\/?s={search_term_string}"},"query-input":{"@type":"PropertyValueSpecification","valueRequired":true,"valueName":"search_term_string"}}],"inLanguage":"en-US"}]}},"_links":{"self":[{"href":"https:\/\/www.osirgorakalwaria.pl\/en\/wp-json\/wp\/v2\/pages\/1128","targetHints":{"allow":["GET"]}}],"collection":[{"href":"https:\/\/www.osirgorakalwaria.pl\/en\/wp-json\/wp\/v2\/pages"}],"about":[{"href":"https:\/\/www.osirgorakalwaria.pl\/en\/wp-json\/wp\/v2\/types\/page"}],"author":[{"embeddable":true,"href":"https:\/\/www.osirgorakalwaria.pl\/en\/wp-json\/wp\/v2\/users\/4"}],"replies":[{"embeddable":true,"href":"https:\/\/www.osirgorakalwaria.pl\/en\/wp-json\/wp\/v2\/comments?post=1128"}],"version-history":[{"count":3,"href":"https:\/\/www.osirgorakalwaria.pl\/en\/wp-json\/wp\/v2\/pages\/1128\/revisions"}],"predecessor-version":[{"id":1320,"href":"https:\/\/www.osirgorakalwaria.pl\/en\/wp-json\/wp\/v2\/pages\/1128\/revisions\/1320"}],"wp:attachment":[{"href":"https:\/\/www.osirgorakalwaria.pl\/en\/wp-json\/wp\/v2\/media?parent=1128"}],"curies":[{"name":"wp","href":"https:\/\/api.w.org\/{rel}","templated":true}]}}