{"id":1139,"date":"2023-12-18T10:41:12","date_gmt":"2023-12-18T09:41:12","guid":{"rendered":"https:\/\/osir.dev-stage.site\/?page_id=1139"},"modified":"2023-12-21T21:45:50","modified_gmt":"2023-12-21T20:45:50","slug":"wyniki-przetargow","status":"publish","type":"page","link":"https:\/\/www.osirgorakalwaria.pl\/en\/wyniki-przetargow\/","title":{"rendered":"Wyniki przetarg\u00f3w"},"content":{"rendered":"<p><strong>NUMER POST\u0118POWANIA: ZP 2\/2019<\/strong><\/p>\n\n\n\n<p><mark style=\"background-color:rgba(0, 0, 0, 0)\" class=\"has-inline-color has-vivid-cyan-blue-color\"><a href=\"https:\/\/www.osirgorakalwaria.pl\/wp-content\/uploads\/2023\/12\/uniewaznienie_przetargu_2_2019.pdf\" data-type=\"link\" data-id=\"https:\/\/www.osirgorakalwaria.pl\/wp-content\/uploads\/2023\/12\/uniewaznienie_przetargu_2_2019.pdf\">Informacja o uniewa\u017cnieniu post\u0119powania (PDF)<\/a><\/mark><\/p>\n\n\n\n<p><\/p>\n\n\n\n<p>   <\/p>\n\n\n\n<p>   <\/p>\n\n\n\n<p><strong>DOSTAWA ENERGII ELEKTRYCZNEJ DLA POTRZEB O\u015aRODKA SPORTU I REKREACJI W G\u00d3RZE KALWARII.<\/strong><br>G\u00f3ra Kalwaria: DOSTAWA ENERGII ELEKTRYCZNEJ DLA POTRZEB O\u015aRODKA SPORTU I REKREACJI W G\u00d3RZE KALWARII.<br>Numer og\u0142oszenia: 418054 &#8211; 2014; data zamieszczenia: 23.12.2014 r.<\/p>\n\n\n\n<p>OG\u0141OSZENIE O UDZIELENIU ZAM\u00d3WIENIA &#8211; Dostawy<\/p>\n\n\n\n<p>Zamieszczanie og\u0142oszenia: obowi\u0105zkowe.<\/p>\n\n\n\n<p>Og\u0142oszenie dotyczy: zam\u00f3wienia publicznego.<\/p>\n\n\n\n<p>Czy zam\u00f3wienie by\u0142o przedmiotem og\u0142oszenia w Biuletynie Zam\u00f3wie\u0144 Publicznych: tak, numer og\u0142oszenia w BZP: 368260 &#8211; 2014r.<\/p>\n\n\n\n<p>Czy w Biuletynie Zam\u00f3wie\u0144 Publicznych zosta\u0142o zamieszczone og\u0142oszenie o zmianie og\u0142oszenia: nie.<\/p>\n\n\n\n<p>SEKCJA I: ZAMAWIAJ\u0104CY<\/p>\n\n\n\n<p>I. 1) NAZWA I ADRES: O\u015brodek Sportu i Rekreacji, ul. Pijarska 119, 05-530 G\u00f3ra Kalwaria, woj. mazowieckie, tel. 22 7274861, faks 22 72 74 881.<\/p>\n\n\n\n<p>I. 2) RODZAJ ZAMAWIAJ\u0104CEGO: Administracja samorz\u0105dowa.<\/p>\n\n\n\n<p>SEKCJA II: PRZEDMIOT ZAM\u00d3WIENIA<\/p>\n\n\n\n<p>II.1) Nazwa nadana zam\u00f3wieniu przez zamawiaj\u0105cego: DOSTAWA ENERGII ELEKTRYCZNEJ DLA POTRZEB O\u015aRODKA SPORTU I REKREACJI W G\u00d3RZE KALWARII..<\/p>\n\n\n\n<p>II.2) Rodzaj zam\u00f3wienia: Dostawy.<\/p>\n\n\n\n<p>II.3) Okre\u015blenie przedmiotu zam\u00f3wienia: Przedmiotem niniejszego zam\u00f3wienia jest dostawa energii elektrycznej zgodnie z przepisami ustawy z dnia 10 kwietnia 1997 r. Prawo energetyczne (Dz. U. z 2012 r., poz. 1059 z p\u00f3\u017an. zm.) dla potrzeb O\u015brodka Sportu i Rekreacji w G\u00f3rze Kalwarii. Ca\u0142kowite szacunkowe zu\u017cycie energii [kWh] w zam\u00f3wieniu podstawowym okresie od 01.01.2015r. r. do 31.12.2015 r. wynosi 926,841 MWh. Zamawiaj\u0105cy przewiduje na podstawie art. 34 ust. 5 ustawy Prawo zam\u00f3wie\u0144 publicznych zgodnie z prawem opcji, dodatkowy zakres wykonywania dostawy energii elektrycznej polegaj\u0105cy na dostawie wolumenu o zwi\u0119kszonej ilo\u015bci MWh. Realizacja zakresu dostaw w zakresie przewidzianym prawem opcji uzale\u017cniona jest od bie\u017c\u0105cego zu\u017cycia energii elektrycznej &#8211; wp\u0142yw na to mog\u0105 mie\u0107 min. nowe inwestycje. Zamawiaj\u0105cy zobowi\u0105zuje si\u0119 do zawiadomienia Wykonawcy o terminie zako\u0144czenia realizacji przedmiotu niniejszej umowy w zakresie podstawowym i o konieczno\u015bci realizacji przedmiotu umowy o zakres przewidziany prawem opcji na 2 miesi\u0105ce przed dniem wyczerpania zakresu podstawowego przewidzianego niniejsz\u0105 umow\u0105, wraz z okre\u015bleniem czasu, w kt\u00f3rym realizowana b\u0119dzie cz\u0119\u015b\u0107 przedmiotu niniejszej umowy obj\u0119ta prawem opcji. W okresie realizacji zam\u00f3wienia z prawem opcji obowi\u0105zywa\u0142y b\u0119d\u0105 ceny jednostkowe jak dla zam\u00f3wienia podstawowego. Skorzystanie z prawa opcji nie wymaga zmiany warunk\u00f3w umowy, ani te\u017c zawarcia umowy na nowych warunkach. Wykonawca nie mo\u017ce domaga\u0107 si\u0119 dodatkowego wynagrodzenia lub odszkodowania, w przypadku gdy zamawiaj\u0105cy nie skorzysta z opcji przewidzianej w umowie lub skorzysta z niej tylko cz\u0119\u015bciowo. W przypadku zastosowania prawa opcji zu\u017cycie energii mo\u017ce zosta\u0107 zwi\u0119kszone o 300,000 MWh. Zakres rzeczowy przedmiotu zam\u00f3wienia obj\u0119tego niniejszym post\u0119powaniem okre\u015bla szczeg\u00f3\u0142owy opis przedmiotu zam\u00f3wienia (za\u0142\u0105cznik nr 1 do siwz) oraz projekt umowy (za\u0142\u0105cznik nr 6 do siwz) wraz z za\u0142\u0105cznikiem nr 1 (wykaz obiekt\u00f3w zamawiaj\u0105cego obj\u0119tych przedmiotem zam\u00f3wienia) i nr 2 (pe\u0142nomocnictwo), stanowi\u0105ce integraln\u0105 cz\u0119\u015b\u0107 niniejszej specyfikacji istotnych warunk\u00f3w zam\u00f3wienia\u2026<\/p>\n\n\n\n<p>II.4) Wsp\u00f3lny S\u0142ownik Zam\u00f3wie\u0144 (CPV): 09.00.00.00-3, 09.30.00.00-2.<\/p>\n\n\n\n<p>SEKCJA III: PROCEDURA<\/p>\n\n\n\n<p>III.1) TRYB UDZIELENIA ZAM\u00d3WIENIA: Przetarg nieograniczony<\/p>\n\n\n\n<p>III.2) INFORMACJE ADMINISTRACYJNE<\/p>\n\n\n\n<p>Zam\u00f3wienie dotyczy projektu\/programu finansowanego ze \u015brodk\u00f3w Unii Europejskiej: nie<\/p>\n\n\n\n<p>SEKCJA IV: UDZIELENIE ZAM\u00d3WIENIA<\/p>\n\n\n\n<p>IV.1) DATA UDZIELENIA ZAM\u00d3WIENIA: 21.11.2014.<\/p>\n\n\n\n<p>IV.2) LICZBA OTRZYMANYCH OFERT: 5.<\/p>\n\n\n\n<p>IV.3) LICZBA ODRZUCONYCH OFERT: 0.<\/p>\n\n\n\n<p>IV.4) NAZWA I ADRES WYKONAWCY, KT\u00d3REMU UDZIELONO ZAM\u00d3WIENIA:<\/p>\n\n\n\n<p>PKP Energetyka S.A. Pion Sprzeda\u017cy, ul. Ho\u017ca 63\/67, 00-681 Warszawa, kraj\/woj. mazowieckie.<br>IV.5) Szacunkowa warto\u015b\u0107 zam\u00f3wienia (bez VAT): 306710,25 PLN.<\/p>\n\n\n\n<p>IV.6) INFORMACJA O CENIE WYBRANEJ OFERTY ORAZ O OFERTACH Z NAJNI\u017bSZ\u0104 I NAJWY\u017bSZ\u0104 CEN\u0104<\/p>\n\n\n\n<p>Cena wybranej oferty: 346922,42<br>Oferta z najni\u017csz\u0105 cen\u0105: 346922,42 \/ Oferta z najwy\u017csz\u0105 cen\u0105: 366539,61<br>Waluta: PLN.<\/p>","protected":false},"excerpt":{"rendered":"<p>NUMER POST\u0118POWANIA: ZP 2\/2019 Informacja o uniewa\u017cnieniu post\u0119powania (PDF) DOSTAWA ENERGII ELEKTRYCZNEJ DLA POTRZEB O\u015aRODKA SPORTU I REKREACJI W G\u00d3RZE [&hellip;]<\/p>","protected":false},"author":4,"featured_media":0,"parent":0,"menu_order":0,"comment_status":"closed","ping_status":"closed","template":"page-templates\/full-width.php","meta":{"_acf_changed":false,"footnotes":""},"class_list":["post-1139","page","type-page","status-publish","hentry"],"acf":[],"yoast_head":"<!-- This site is optimized with the Yoast SEO plugin v25.4 - https:\/\/yoast.com\/wordpress\/plugins\/seo\/ -->\n<title>Wyniki przetarg\u00f3w - OSiR G\u00f3ra Kalwaria<\/title>\n<meta name=\"robots\" content=\"index, follow, max-snippet:-1, max-image-preview:large, max-video-preview:-1\" \/>\n<link rel=\"canonical\" href=\"https:\/\/www.osirgorakalwaria.pl\/en\/wyniki-przetargow\/\" \/>\n<meta property=\"og:locale\" content=\"en_US\" \/>\n<meta property=\"og:type\" content=\"article\" \/>\n<meta property=\"og:title\" content=\"Wyniki przetarg\u00f3w - OSiR G\u00f3ra Kalwaria\" \/>\n<meta property=\"og:description\" content=\"NUMER POST\u0118POWANIA: ZP 2\/2019 Informacja o uniewa\u017cnieniu post\u0119powania (PDF) DOSTAWA ENERGII ELEKTRYCZNEJ DLA POTRZEB O\u015aRODKA SPORTU I REKREACJI W G\u00d3RZE [&hellip;]\" \/>\n<meta property=\"og:url\" content=\"https:\/\/www.osirgorakalwaria.pl\/en\/wyniki-przetargow\/\" \/>\n<meta property=\"og:site_name\" content=\"OSiR G\u00f3ra Kalwaria\" \/>\n<meta property=\"article:publisher\" content=\"https:\/\/www.facebook.com\/p\/OSiR-G%c3%b3ra-Kalwaria-100060829345584\/?locale=pl_PL\" \/>\n<meta property=\"article:modified_time\" content=\"2023-12-21T20:45:50+00:00\" \/>\n<meta name=\"twitter:card\" content=\"summary_large_image\" \/>\n<meta name=\"twitter:label1\" content=\"Est. reading time\" \/>\n\t<meta name=\"twitter:data1\" content=\"3 minutes\" \/>\n<script type=\"application\/ld+json\" class=\"yoast-schema-graph\">{\"@context\":\"https:\/\/schema.org\",\"@graph\":[{\"@type\":\"WebPage\",\"@id\":\"https:\/\/www.osirgorakalwaria.pl\/wyniki-przetargow\/\",\"url\":\"https:\/\/www.osirgorakalwaria.pl\/wyniki-przetargow\/\",\"name\":\"Wyniki przetarg\u00f3w - OSiR G\u00f3ra Kalwaria\",\"isPartOf\":{\"@id\":\"https:\/\/www.osirgorakalwaria.pl\/#website\"},\"datePublished\":\"2023-12-18T09:41:12+00:00\",\"dateModified\":\"2023-12-21T20:45:50+00:00\",\"breadcrumb\":{\"@id\":\"https:\/\/www.osirgorakalwaria.pl\/wyniki-przetargow\/#breadcrumb\"},\"inLanguage\":\"en-US\",\"potentialAction\":[{\"@type\":\"ReadAction\",\"target\":[\"https:\/\/www.osirgorakalwaria.pl\/wyniki-przetargow\/\"]}]},{\"@type\":\"BreadcrumbList\",\"@id\":\"https:\/\/www.osirgorakalwaria.pl\/wyniki-przetargow\/#breadcrumb\",\"itemListElement\":[{\"@type\":\"ListItem\",\"position\":1,\"name\":\"Strona g\u0142\u00f3wna\",\"item\":\"https:\/\/www.osirgorakalwaria.pl\/\"},{\"@type\":\"ListItem\",\"position\":2,\"name\":\"Wyniki przetarg\u00f3w\"}]},{\"@type\":\"WebSite\",\"@id\":\"https:\/\/www.osirgorakalwaria.pl\/#website\",\"url\":\"https:\/\/www.osirgorakalwaria.pl\/\",\"name\":\"OSiR G\u00f3ra Kalwaria\",\"description\":\"\",\"alternateName\":\"O\u015brodek Sportu i Rekreacji w G\u00f3rze Kalwarii\",\"potentialAction\":[{\"@type\":\"SearchAction\",\"target\":{\"@type\":\"EntryPoint\",\"urlTemplate\":\"https:\/\/www.osirgorakalwaria.pl\/?s={search_term_string}\"},\"query-input\":{\"@type\":\"PropertyValueSpecification\",\"valueRequired\":true,\"valueName\":\"search_term_string\"}}],\"inLanguage\":\"en-US\"}]}<\/script>\n<!-- \/ Yoast SEO plugin. -->","yoast_head_json":{"title":"Wyniki przetarg\u00f3w - OSiR G\u00f3ra Kalwaria","robots":{"index":"index","follow":"follow","max-snippet":"max-snippet:-1","max-image-preview":"max-image-preview:large","max-video-preview":"max-video-preview:-1"},"canonical":"https:\/\/www.osirgorakalwaria.pl\/en\/wyniki-przetargow\/","og_locale":"en_US","og_type":"article","og_title":"Wyniki przetarg\u00f3w - OSiR G\u00f3ra Kalwaria","og_description":"NUMER POST\u0118POWANIA: ZP 2\/2019 Informacja o uniewa\u017cnieniu post\u0119powania (PDF) DOSTAWA ENERGII ELEKTRYCZNEJ DLA POTRZEB O\u015aRODKA SPORTU I REKREACJI W G\u00d3RZE [&hellip;]","og_url":"https:\/\/www.osirgorakalwaria.pl\/en\/wyniki-przetargow\/","og_site_name":"OSiR G\u00f3ra Kalwaria","article_publisher":"https:\/\/www.facebook.com\/p\/OSiR-G%c3%b3ra-Kalwaria-100060829345584\/?locale=pl_PL","article_modified_time":"2023-12-21T20:45:50+00:00","twitter_card":"summary_large_image","twitter_misc":{"Est. reading time":"3 minutes"},"schema":{"@context":"https:\/\/schema.org","@graph":[{"@type":"WebPage","@id":"https:\/\/www.osirgorakalwaria.pl\/wyniki-przetargow\/","url":"https:\/\/www.osirgorakalwaria.pl\/wyniki-przetargow\/","name":"Wyniki przetarg\u00f3w - OSiR G\u00f3ra Kalwaria","isPartOf":{"@id":"https:\/\/www.osirgorakalwaria.pl\/#website"},"datePublished":"2023-12-18T09:41:12+00:00","dateModified":"2023-12-21T20:45:50+00:00","breadcrumb":{"@id":"https:\/\/www.osirgorakalwaria.pl\/wyniki-przetargow\/#breadcrumb"},"inLanguage":"en-US","potentialAction":[{"@type":"ReadAction","target":["https:\/\/www.osirgorakalwaria.pl\/wyniki-przetargow\/"]}]},{"@type":"BreadcrumbList","@id":"https:\/\/www.osirgorakalwaria.pl\/wyniki-przetargow\/#breadcrumb","itemListElement":[{"@type":"ListItem","position":1,"name":"Strona g\u0142\u00f3wna","item":"https:\/\/www.osirgorakalwaria.pl\/"},{"@type":"ListItem","position":2,"name":"Wyniki przetarg\u00f3w"}]},{"@type":"WebSite","@id":"https:\/\/www.osirgorakalwaria.pl\/#website","url":"https:\/\/www.osirgorakalwaria.pl\/","name":"OSiR G\u00f3ra Kalwaria","description":"","alternateName":"O\u015brodek Sportu i Rekreacji w G\u00f3rze Kalwarii","potentialAction":[{"@type":"SearchAction","target":{"@type":"EntryPoint","urlTemplate":"https:\/\/www.osirgorakalwaria.pl\/?s={search_term_string}"},"query-input":{"@type":"PropertyValueSpecification","valueRequired":true,"valueName":"search_term_string"}}],"inLanguage":"en-US"}]}},"_links":{"self":[{"href":"https:\/\/www.osirgorakalwaria.pl\/en\/wp-json\/wp\/v2\/pages\/1139","targetHints":{"allow":["GET"]}}],"collection":[{"href":"https:\/\/www.osirgorakalwaria.pl\/en\/wp-json\/wp\/v2\/pages"}],"about":[{"href":"https:\/\/www.osirgorakalwaria.pl\/en\/wp-json\/wp\/v2\/types\/page"}],"author":[{"embeddable":true,"href":"https:\/\/www.osirgorakalwaria.pl\/en\/wp-json\/wp\/v2\/users\/4"}],"replies":[{"embeddable":true,"href":"https:\/\/www.osirgorakalwaria.pl\/en\/wp-json\/wp\/v2\/comments?post=1139"}],"version-history":[{"count":7,"href":"https:\/\/www.osirgorakalwaria.pl\/en\/wp-json\/wp\/v2\/pages\/1139\/revisions"}],"predecessor-version":[{"id":1252,"href":"https:\/\/www.osirgorakalwaria.pl\/en\/wp-json\/wp\/v2\/pages\/1139\/revisions\/1252"}],"wp:attachment":[{"href":"https:\/\/www.osirgorakalwaria.pl\/en\/wp-json\/wp\/v2\/media?parent=1139"}],"curies":[{"name":"wp","href":"https:\/\/api.w.org\/{rel}","templated":true}]}}