{"id":1265,"date":"2023-12-19T14:31:55","date_gmt":"2023-12-19T13:31:55","guid":{"rendered":"https:\/\/osir.dev-stage.site\/?page_id=1265"},"modified":"2024-08-24T09:21:45","modified_gmt":"2024-08-24T07:21:45","slug":"zapytania-ofertowe","status":"publish","type":"page","link":"https:\/\/www.osirgorakalwaria.pl\/en\/zapytania-ofertowe\/","title":{"rendered":"Zapytania ofertowe"},"content":{"rendered":"<p><\/p>\n\n\n\n<p><strong>Zapytanie ofertowe dotycz\u0105ce kompleksowej obs\u0142ugi lodowiska.<\/strong><\/p>\n\n\n\n<p>Tre\u015b\u0107 zapytania do pobrania <mark style=\"background-color:rgba(0, 0, 0, 0)\" class=\"has-inline-color has-vivid-cyan-blue-color\"><a href=\"https:\/\/www.osirgorakalwaria.pl\/wp-content\/uploads\/2024\/08\/20240823105623.pdf\">tutaj<\/a><\/mark><\/p>\n\n\n\n<p><strong>Zapytanie ofertowe dotycz\u0105ce organizacji i przeprowadzania warsztat\u00f3w oraz zaj\u0119\u0107 sportowych w formie p\u00f3\u0142kolonii.<\/strong><\/p>\n\n\n\n<p>Tre\u015b\u0107 zapytania do pobrania <mark style=\"background-color:rgba(0, 0, 0, 0)\" class=\"has-inline-color has-vivid-cyan-blue-color\"><a href=\"https:\/\/www.osirgorakalwaria.pl\/wp-content\/uploads\/2023\/12\/Zapytanie_polkolonie.pdf\" target=\"_blank\" rel=\"noreferrer noopener\">tutaj<\/a><\/mark><\/p>\n\n\n\n<p><\/p>\n\n\n\n<p><\/p>","protected":false},"excerpt":{"rendered":"<p>Zapytanie ofertowe dotycz\u0105ce kompleksowej obs\u0142ugi lodowiska. Tre\u015b\u0107 zapytania do pobrania tutaj Zapytanie ofertowe dotycz\u0105ce organizacji i przeprowadzania warsztat\u00f3w oraz zaj\u0119\u0107 [&hellip;]<\/p>","protected":false},"author":4,"featured_media":0,"parent":0,"menu_order":0,"comment_status":"closed","ping_status":"closed","template":"page-templates\/full-width.php","meta":{"_acf_changed":false,"footnotes":""},"class_list":["post-1265","page","type-page","status-publish","hentry"],"acf":[],"yoast_head":"<!-- This site is optimized with the Yoast SEO plugin v25.4 - https:\/\/yoast.com\/wordpress\/plugins\/seo\/ -->\n<title>Zapytania ofertowe - OSiR G\u00f3ra Kalwaria<\/title>\n<meta name=\"robots\" content=\"index, follow, max-snippet:-1, max-image-preview:large, max-video-preview:-1\" \/>\n<link rel=\"canonical\" href=\"https:\/\/www.osirgorakalwaria.pl\/en\/zapytania-ofertowe\/\" \/>\n<meta property=\"og:locale\" content=\"en_US\" \/>\n<meta property=\"og:type\" content=\"article\" \/>\n<meta property=\"og:title\" content=\"Zapytania ofertowe - OSiR G\u00f3ra Kalwaria\" \/>\n<meta property=\"og:description\" content=\"Zapytanie ofertowe dotycz\u0105ce kompleksowej obs\u0142ugi lodowiska. Tre\u015b\u0107 zapytania do pobrania tutaj Zapytanie ofertowe dotycz\u0105ce organizacji i przeprowadzania warsztat\u00f3w oraz zaj\u0119\u0107 [&hellip;]\" \/>\n<meta property=\"og:url\" content=\"https:\/\/www.osirgorakalwaria.pl\/en\/zapytania-ofertowe\/\" \/>\n<meta property=\"og:site_name\" content=\"OSiR G\u00f3ra Kalwaria\" \/>\n<meta property=\"article:publisher\" content=\"https:\/\/www.facebook.com\/p\/OSiR-G%c3%b3ra-Kalwaria-100060829345584\/?locale=pl_PL\" \/>\n<meta property=\"article:modified_time\" content=\"2024-08-24T07:21:45+00:00\" \/>\n<meta name=\"twitter:card\" content=\"summary_large_image\" \/>\n<script type=\"application\/ld+json\" class=\"yoast-schema-graph\">{\"@context\":\"https:\/\/schema.org\",\"@graph\":[{\"@type\":\"WebPage\",\"@id\":\"https:\/\/www.osirgorakalwaria.pl\/zapytania-ofertowe\/\",\"url\":\"https:\/\/www.osirgorakalwaria.pl\/zapytania-ofertowe\/\",\"name\":\"Zapytania ofertowe - OSiR G\u00f3ra Kalwaria\",\"isPartOf\":{\"@id\":\"https:\/\/www.osirgorakalwaria.pl\/#website\"},\"datePublished\":\"2023-12-19T13:31:55+00:00\",\"dateModified\":\"2024-08-24T07:21:45+00:00\",\"breadcrumb\":{\"@id\":\"https:\/\/www.osirgorakalwaria.pl\/zapytania-ofertowe\/#breadcrumb\"},\"inLanguage\":\"en-US\",\"potentialAction\":[{\"@type\":\"ReadAction\",\"target\":[\"https:\/\/www.osirgorakalwaria.pl\/zapytania-ofertowe\/\"]}]},{\"@type\":\"BreadcrumbList\",\"@id\":\"https:\/\/www.osirgorakalwaria.pl\/zapytania-ofertowe\/#breadcrumb\",\"itemListElement\":[{\"@type\":\"ListItem\",\"position\":1,\"name\":\"Strona g\u0142\u00f3wna\",\"item\":\"https:\/\/www.osirgorakalwaria.pl\/\"},{\"@type\":\"ListItem\",\"position\":2,\"name\":\"Zapytania ofertowe\"}]},{\"@type\":\"WebSite\",\"@id\":\"https:\/\/www.osirgorakalwaria.pl\/#website\",\"url\":\"https:\/\/www.osirgorakalwaria.pl\/\",\"name\":\"OSiR G\u00f3ra Kalwaria\",\"description\":\"\",\"alternateName\":\"O\u015brodek Sportu i Rekreacji w G\u00f3rze Kalwarii\",\"potentialAction\":[{\"@type\":\"SearchAction\",\"target\":{\"@type\":\"EntryPoint\",\"urlTemplate\":\"https:\/\/www.osirgorakalwaria.pl\/?s={search_term_string}\"},\"query-input\":{\"@type\":\"PropertyValueSpecification\",\"valueRequired\":true,\"valueName\":\"search_term_string\"}}],\"inLanguage\":\"en-US\"}]}<\/script>\n<!-- \/ Yoast SEO plugin. -->","yoast_head_json":{"title":"Zapytania ofertowe - OSiR G\u00f3ra Kalwaria","robots":{"index":"index","follow":"follow","max-snippet":"max-snippet:-1","max-image-preview":"max-image-preview:large","max-video-preview":"max-video-preview:-1"},"canonical":"https:\/\/www.osirgorakalwaria.pl\/en\/zapytania-ofertowe\/","og_locale":"en_US","og_type":"article","og_title":"Zapytania ofertowe - OSiR G\u00f3ra Kalwaria","og_description":"Zapytanie ofertowe dotycz\u0105ce kompleksowej obs\u0142ugi lodowiska. Tre\u015b\u0107 zapytania do pobrania tutaj Zapytanie ofertowe dotycz\u0105ce organizacji i przeprowadzania warsztat\u00f3w oraz zaj\u0119\u0107 [&hellip;]","og_url":"https:\/\/www.osirgorakalwaria.pl\/en\/zapytania-ofertowe\/","og_site_name":"OSiR G\u00f3ra Kalwaria","article_publisher":"https:\/\/www.facebook.com\/p\/OSiR-G%c3%b3ra-Kalwaria-100060829345584\/?locale=pl_PL","article_modified_time":"2024-08-24T07:21:45+00:00","twitter_card":"summary_large_image","schema":{"@context":"https:\/\/schema.org","@graph":[{"@type":"WebPage","@id":"https:\/\/www.osirgorakalwaria.pl\/zapytania-ofertowe\/","url":"https:\/\/www.osirgorakalwaria.pl\/zapytania-ofertowe\/","name":"Zapytania ofertowe - OSiR G\u00f3ra Kalwaria","isPartOf":{"@id":"https:\/\/www.osirgorakalwaria.pl\/#website"},"datePublished":"2023-12-19T13:31:55+00:00","dateModified":"2024-08-24T07:21:45+00:00","breadcrumb":{"@id":"https:\/\/www.osirgorakalwaria.pl\/zapytania-ofertowe\/#breadcrumb"},"inLanguage":"en-US","potentialAction":[{"@type":"ReadAction","target":["https:\/\/www.osirgorakalwaria.pl\/zapytania-ofertowe\/"]}]},{"@type":"BreadcrumbList","@id":"https:\/\/www.osirgorakalwaria.pl\/zapytania-ofertowe\/#breadcrumb","itemListElement":[{"@type":"ListItem","position":1,"name":"Strona g\u0142\u00f3wna","item":"https:\/\/www.osirgorakalwaria.pl\/"},{"@type":"ListItem","position":2,"name":"Zapytania ofertowe"}]},{"@type":"WebSite","@id":"https:\/\/www.osirgorakalwaria.pl\/#website","url":"https:\/\/www.osirgorakalwaria.pl\/","name":"OSiR G\u00f3ra Kalwaria","description":"","alternateName":"O\u015brodek Sportu i Rekreacji w G\u00f3rze Kalwarii","potentialAction":[{"@type":"SearchAction","target":{"@type":"EntryPoint","urlTemplate":"https:\/\/www.osirgorakalwaria.pl\/?s={search_term_string}"},"query-input":{"@type":"PropertyValueSpecification","valueRequired":true,"valueName":"search_term_string"}}],"inLanguage":"en-US"}]}},"_links":{"self":[{"href":"https:\/\/www.osirgorakalwaria.pl\/en\/wp-json\/wp\/v2\/pages\/1265","targetHints":{"allow":["GET"]}}],"collection":[{"href":"https:\/\/www.osirgorakalwaria.pl\/en\/wp-json\/wp\/v2\/pages"}],"about":[{"href":"https:\/\/www.osirgorakalwaria.pl\/en\/wp-json\/wp\/v2\/types\/page"}],"author":[{"embeddable":true,"href":"https:\/\/www.osirgorakalwaria.pl\/en\/wp-json\/wp\/v2\/users\/4"}],"replies":[{"embeddable":true,"href":"https:\/\/www.osirgorakalwaria.pl\/en\/wp-json\/wp\/v2\/comments?post=1265"}],"version-history":[{"count":6,"href":"https:\/\/www.osirgorakalwaria.pl\/en\/wp-json\/wp\/v2\/pages\/1265\/revisions"}],"predecessor-version":[{"id":1711,"href":"https:\/\/www.osirgorakalwaria.pl\/en\/wp-json\/wp\/v2\/pages\/1265\/revisions\/1711"}],"wp:attachment":[{"href":"https:\/\/www.osirgorakalwaria.pl\/en\/wp-json\/wp\/v2\/media?parent=1265"}],"curies":[{"name":"wp","href":"https:\/\/api.w.org\/{rel}","templated":true}]}}