{"id":1387,"date":"2023-12-21T21:13:56","date_gmt":"2023-12-21T20:13:56","guid":{"rendered":"https:\/\/osir.dev-stage.site\/?page_id=1387"},"modified":"2023-12-21T21:18:30","modified_gmt":"2023-12-21T20:18:30","slug":"obiekty","status":"publish","type":"page","link":"https:\/\/www.osirgorakalwaria.pl\/en\/obiekty\/","title":{"rendered":"Obiekty"},"content":{"rendered":"<div id=\"pl-1387\"  class=\"panel-layout\" ><div id=\"pg-1387-0\"  class=\"panel-grid panel-has-style\" ><div class=\"siteorigin-panels-stretch panel-row-style panel-row-style-for-1387-0\" data-stretch-type=\"full-stretched\" ><div id=\"pgc-1387-0-0\"  class=\"panel-grid-cell panel-grid-cell-empty\" ><\/div><\/div><\/div><div id=\"pg-1387-1\"  class=\"panel-grid panel-has-style\" ><div class=\"panel-row-style panel-row-style-for-1387-1\" ><div id=\"pgc-1387-1-0\"  class=\"panel-grid-cell\" ><div class=\"our-objects-column panel-cell-style panel-cell-style-for-1387-1-0\" ><div id=\"panel-1387-1-0-0\" class=\"so-panel widget widget_themegrill_flash_image tg-widget tg-image-widget panel-first-child\" data-index=\"0\" >\t<a href=\"\/en\/zespol-basenowy\/\"><img decoding=\"async\" src=\"https:\/\/www.osirgorakalwaria.pl\/wp-content\/uploads\/2023\/12\/baseny-1.png\" \/><\/a>\n<\/div><div id=\"panel-1387-1-0-1\" class=\"so-panel widget widget_themegrill_flash_heading tg-widget section-title-wrapper panel-last-child\" data-index=\"1\" ><div class=\"our-objects-title flash_inherit_color panel-widget-style panel-widget-style-for-1387-1-0-1\" >\t<h3 class=\"section-title\">Zesp\u00f3\u0142 basenowy<\/h3>\n<\/div><\/div><\/div><\/div><div id=\"pgc-1387-1-1\"  class=\"panel-grid-cell\" ><div class=\"our-objects-column panel-cell-style panel-cell-style-for-1387-1-1\" ><div id=\"panel-1387-1-1-0\" class=\"so-panel widget widget_themegrill_flash_image tg-widget tg-image-widget panel-first-child\" data-index=\"2\" >\t<a href=\"\/en\/hala\/\"><img decoding=\"async\" src=\"https:\/\/www.osirgorakalwaria.pl\/wp-content\/uploads\/2023\/12\/hala.png\" \/><\/a>\n<\/div><div id=\"panel-1387-1-1-1\" class=\"so-panel widget widget_themegrill_flash_heading tg-widget section-title-wrapper panel-last-child\" data-index=\"3\" ><div class=\"our-objects-title flash_inherit_color panel-widget-style panel-widget-style-for-1387-1-1-1\" >\t<h3 class=\"section-title\">Hala<\/h3>\n<\/div><\/div><\/div><\/div><div id=\"pgc-1387-1-2\"  class=\"panel-grid-cell\" ><div class=\"our-objects-column panel-cell-style panel-cell-style-for-1387-1-2\" ><div id=\"panel-1387-1-2-0\" class=\"so-panel widget widget_themegrill_flash_image tg-widget tg-image-widget panel-first-child\" data-index=\"4\" >\t<a href=\"\/en\/boiska-i-obiekty\/\"><img decoding=\"async\" src=\"https:\/\/www.osirgorakalwaria.pl\/wp-content\/uploads\/2023\/12\/stadion.png\" \/><\/a>\n<\/div><div id=\"panel-1387-1-2-1\" class=\"so-panel widget widget_themegrill_flash_heading tg-widget section-title-wrapper panel-last-child\" data-index=\"5\" ><div class=\"our-objects-title flash_inherit_color panel-widget-style panel-widget-style-for-1387-1-2-1\" >\t<h3 class=\"section-title\">Boiska i obiekty<\/h3>\n<\/div><\/div><\/div><\/div><\/div><\/div><div id=\"pg-1387-2\"  class=\"panel-grid panel-has-style\" ><div class=\"panel-row-style panel-row-style-for-1387-2\" ><div id=\"pgc-1387-2-0\"  class=\"panel-grid-cell panel-grid-cell-empty\" ><\/div><div id=\"pgc-1387-2-1\"  class=\"panel-grid-cell panel-grid-cell-empty panel-grid-cell-mobile-last\" ><\/div><div id=\"pgc-1387-2-2\"  class=\"panel-grid-cell panel-grid-cell-empty\" ><\/div><\/div><\/div><\/div>","protected":false},"excerpt":{"rendered":"<p>Zesp\u00f3\u0142 basenowy Hala Boiska i obiekty<\/p>","protected":false},"author":4,"featured_media":0,"parent":0,"menu_order":0,"comment_status":"closed","ping_status":"closed","template":"","meta":{"_acf_changed":false,"footnotes":""},"class_list":["post-1387","page","type-page","status-publish","hentry"],"acf":[],"yoast_head":"<!-- This site is optimized with the Yoast SEO plugin v25.4 - https:\/\/yoast.com\/wordpress\/plugins\/seo\/ -->\n<title>Obiekty - OSiR G\u00f3ra Kalwaria<\/title>\n<meta name=\"robots\" content=\"index, follow, max-snippet:-1, max-image-preview:large, max-video-preview:-1\" \/>\n<link rel=\"canonical\" href=\"https:\/\/www.osirgorakalwaria.pl\/en\/obiekty\/\" \/>\n<meta property=\"og:locale\" content=\"en_US\" \/>\n<meta property=\"og:type\" content=\"article\" \/>\n<meta property=\"og:title\" content=\"Obiekty - OSiR G\u00f3ra Kalwaria\" \/>\n<meta property=\"og:description\" content=\"Zesp\u00f3\u0142 basenowy Hala Boiska i obiekty\" \/>\n<meta property=\"og:url\" content=\"https:\/\/www.osirgorakalwaria.pl\/en\/obiekty\/\" \/>\n<meta property=\"og:site_name\" content=\"OSiR G\u00f3ra Kalwaria\" \/>\n<meta property=\"article:publisher\" content=\"https:\/\/www.facebook.com\/p\/OSiR-G%c3%b3ra-Kalwaria-100060829345584\/?locale=pl_PL\" \/>\n<meta property=\"article:modified_time\" content=\"2023-12-21T20:18:30+00:00\" \/>\n<meta name=\"twitter:card\" content=\"summary_large_image\" \/>\n<script type=\"application\/ld+json\" class=\"yoast-schema-graph\">{\"@context\":\"https:\/\/schema.org\",\"@graph\":[{\"@type\":\"WebPage\",\"@id\":\"https:\/\/www.osirgorakalwaria.pl\/obiekty\/\",\"url\":\"https:\/\/www.osirgorakalwaria.pl\/obiekty\/\",\"name\":\"Obiekty - OSiR G\u00f3ra Kalwaria\",\"isPartOf\":{\"@id\":\"https:\/\/www.osirgorakalwaria.pl\/#website\"},\"datePublished\":\"2023-12-21T20:13:56+00:00\",\"dateModified\":\"2023-12-21T20:18:30+00:00\",\"breadcrumb\":{\"@id\":\"https:\/\/www.osirgorakalwaria.pl\/obiekty\/#breadcrumb\"},\"inLanguage\":\"en-US\",\"potentialAction\":[{\"@type\":\"ReadAction\",\"target\":[\"https:\/\/www.osirgorakalwaria.pl\/obiekty\/\"]}]},{\"@type\":\"BreadcrumbList\",\"@id\":\"https:\/\/www.osirgorakalwaria.pl\/obiekty\/#breadcrumb\",\"itemListElement\":[{\"@type\":\"ListItem\",\"position\":1,\"name\":\"Strona g\u0142\u00f3wna\",\"item\":\"https:\/\/www.osirgorakalwaria.pl\/\"},{\"@type\":\"ListItem\",\"position\":2,\"name\":\"Obiekty\"}]},{\"@type\":\"WebSite\",\"@id\":\"https:\/\/www.osirgorakalwaria.pl\/#website\",\"url\":\"https:\/\/www.osirgorakalwaria.pl\/\",\"name\":\"OSiR G\u00f3ra Kalwaria\",\"description\":\"\",\"alternateName\":\"O\u015brodek Sportu i Rekreacji w G\u00f3rze Kalwarii\",\"potentialAction\":[{\"@type\":\"SearchAction\",\"target\":{\"@type\":\"EntryPoint\",\"urlTemplate\":\"https:\/\/www.osirgorakalwaria.pl\/?s={search_term_string}\"},\"query-input\":{\"@type\":\"PropertyValueSpecification\",\"valueRequired\":true,\"valueName\":\"search_term_string\"}}],\"inLanguage\":\"en-US\"}]}<\/script>\n<!-- \/ Yoast SEO plugin. -->","yoast_head_json":{"title":"Obiekty - OSiR G\u00f3ra Kalwaria","robots":{"index":"index","follow":"follow","max-snippet":"max-snippet:-1","max-image-preview":"max-image-preview:large","max-video-preview":"max-video-preview:-1"},"canonical":"https:\/\/www.osirgorakalwaria.pl\/en\/obiekty\/","og_locale":"en_US","og_type":"article","og_title":"Obiekty - OSiR G\u00f3ra Kalwaria","og_description":"Zesp\u00f3\u0142 basenowy Hala Boiska i obiekty","og_url":"https:\/\/www.osirgorakalwaria.pl\/en\/obiekty\/","og_site_name":"OSiR G\u00f3ra Kalwaria","article_publisher":"https:\/\/www.facebook.com\/p\/OSiR-G%c3%b3ra-Kalwaria-100060829345584\/?locale=pl_PL","article_modified_time":"2023-12-21T20:18:30+00:00","twitter_card":"summary_large_image","schema":{"@context":"https:\/\/schema.org","@graph":[{"@type":"WebPage","@id":"https:\/\/www.osirgorakalwaria.pl\/obiekty\/","url":"https:\/\/www.osirgorakalwaria.pl\/obiekty\/","name":"Obiekty - OSiR G\u00f3ra Kalwaria","isPartOf":{"@id":"https:\/\/www.osirgorakalwaria.pl\/#website"},"datePublished":"2023-12-21T20:13:56+00:00","dateModified":"2023-12-21T20:18:30+00:00","breadcrumb":{"@id":"https:\/\/www.osirgorakalwaria.pl\/obiekty\/#breadcrumb"},"inLanguage":"en-US","potentialAction":[{"@type":"ReadAction","target":["https:\/\/www.osirgorakalwaria.pl\/obiekty\/"]}]},{"@type":"BreadcrumbList","@id":"https:\/\/www.osirgorakalwaria.pl\/obiekty\/#breadcrumb","itemListElement":[{"@type":"ListItem","position":1,"name":"Strona g\u0142\u00f3wna","item":"https:\/\/www.osirgorakalwaria.pl\/"},{"@type":"ListItem","position":2,"name":"Obiekty"}]},{"@type":"WebSite","@id":"https:\/\/www.osirgorakalwaria.pl\/#website","url":"https:\/\/www.osirgorakalwaria.pl\/","name":"OSiR G\u00f3ra Kalwaria","description":"","alternateName":"O\u015brodek Sportu i Rekreacji w G\u00f3rze Kalwarii","potentialAction":[{"@type":"SearchAction","target":{"@type":"EntryPoint","urlTemplate":"https:\/\/www.osirgorakalwaria.pl\/?s={search_term_string}"},"query-input":{"@type":"PropertyValueSpecification","valueRequired":true,"valueName":"search_term_string"}}],"inLanguage":"en-US"}]}},"_links":{"self":[{"href":"https:\/\/www.osirgorakalwaria.pl\/en\/wp-json\/wp\/v2\/pages\/1387","targetHints":{"allow":["GET"]}}],"collection":[{"href":"https:\/\/www.osirgorakalwaria.pl\/en\/wp-json\/wp\/v2\/pages"}],"about":[{"href":"https:\/\/www.osirgorakalwaria.pl\/en\/wp-json\/wp\/v2\/types\/page"}],"author":[{"embeddable":true,"href":"https:\/\/www.osirgorakalwaria.pl\/en\/wp-json\/wp\/v2\/users\/4"}],"replies":[{"embeddable":true,"href":"https:\/\/www.osirgorakalwaria.pl\/en\/wp-json\/wp\/v2\/comments?post=1387"}],"version-history":[{"count":4,"href":"https:\/\/www.osirgorakalwaria.pl\/en\/wp-json\/wp\/v2\/pages\/1387\/revisions"}],"predecessor-version":[{"id":1392,"href":"https:\/\/www.osirgorakalwaria.pl\/en\/wp-json\/wp\/v2\/pages\/1387\/revisions\/1392"}],"wp:attachment":[{"href":"https:\/\/www.osirgorakalwaria.pl\/en\/wp-json\/wp\/v2\/media?parent=1387"}],"curies":[{"name":"wp","href":"https:\/\/api.w.org\/{rel}","templated":true}]}}