{"id":1892,"date":"2025-06-07T21:41:02","date_gmt":"2025-06-07T19:41:02","guid":{"rendered":"https:\/\/www.osirgorakalwaria.pl\/?page_id=1892"},"modified":"2025-10-02T17:13:43","modified_gmt":"2025-10-02T15:13:43","slug":"rezerwacje","status":"publish","type":"page","link":"https:\/\/www.osirgorakalwaria.pl\/en\/rezerwacje\/","title":{"rendered":"Rezerwacje"},"content":{"rendered":"<p><\/p>\n\n\n\n<p>Zapraszamy do rezerwacji wizyt w naszym OSiR!<\/p>\n\n\n\n<p><\/p>\n\n\n\n<p>UWAGA!!! Bilet grupowy jest przeznaczony dla 10 os\u00f3b. <\/p>\n\n\n\n<p><strong>UWAGA!!! <\/strong>Poni\u017cej harmonogram zaj\u0119to\u015bci boiska na basenie:<\/p>\n\n\n\n<p><strong>Poniedzialek: 16:00-20:00<\/strong><\/p>\n\n\n\n<p><strong>Wtorek: 17:00-20:00<\/strong><\/p>\n\n\n\n<p><strong>Sroda: 16:30-20:00<\/strong><\/p>\n\n\n\n<p><strong>Czwartek: 17:00-20:00<\/strong><\/p>\n\n\n\n<p><strong>Piatek: 16:00-19:30<\/strong><\/p>\n\n\n\n<p><strong>W tych dniach i godzinach boisko jest zaj\u0119te. <\/strong><\/p>\n\n\n\n<p><\/p>\n\n\n\n<p class=\"has-text-align-left\">\n<script>\n  if (typeof hasAmeliaEntitiesApiCall === 'undefined' && ('' === '' && '' !== '1')) {\n    var hasAmeliaEntitiesApiCall = true;\n  }\n  var ameliaShortcodeData = (typeof ameliaShortcodeData === 'undefined') ? [] : ameliaShortcodeData;\n  ameliaShortcodeData.push(\n    {\n      'hasApiCall': (typeof hasAmeliaEntitiesApiCall !== 'undefined') && hasAmeliaEntitiesApiCall,\n      'trigger': '',\n      'trigger_type': '',\n      'triggered_form': 'sbsNew',\n      'in_dialog': '',\n      'show': '',\n      'counter': '1000',\n      'category': '',\n      'service': '',\n      'employee': '',\n      'location': '',\n      'package': '',\n      'layout': '',\n    }\n  );\n\n  var ameliaShortcodeDataTriggered = (typeof ameliaShortcodeDataTriggered === 'undefined') ? [] : ameliaShortcodeDataTriggered;\n  if (ameliaShortcodeData[ameliaShortcodeData.length - 1].trigger !== '') {\n    if (ameliaShortcodeDataTriggered.filter(a => a.counter === ameliaShortcodeData[ameliaShortcodeData.length - 1].counter).length === 0) {\n      ameliaShortcodeDataTriggered.push(ameliaShortcodeData.pop());\n    } else {\n      ameliaShortcodeData.pop()\n    }\n  }\n  if (typeof hasAmeliaEntitiesApiCall !== 'undefined' && hasAmeliaEntitiesApiCall) {\n    hasAmeliaEntitiesApiCall = false;\n  }\n<\/script>\n\n<div\n  id=\"amelia-v2-booking-1000\"\n  class=\"amelia-v2-booking\"\n >\n    <step-form-wrapper><\/step-form-wrapper><\/div>\n<\/p>\n\n\n\n<p><\/p>\n\n\n\n<p><\/p>","protected":false},"excerpt":{"rendered":"<p>Zapraszamy do rezerwacji wizyt w naszym OSiR! UWAGA!!! Bilet grupowy jest przeznaczony dla 10 os\u00f3b. UWAGA!!! Poni\u017cej harmonogram zaj\u0119to\u015bci boiska [&hellip;]<\/p>","protected":false},"author":4,"featured_media":0,"parent":0,"menu_order":0,"comment_status":"closed","ping_status":"closed","template":"","meta":{"_acf_changed":false,"footnotes":""},"class_list":["post-1892","page","type-page","status-publish","hentry"],"acf":[],"yoast_head":"<!-- This site is optimized with the Yoast SEO plugin v25.4 - https:\/\/yoast.com\/wordpress\/plugins\/seo\/ -->\n<title>Rezerwacje - OSiR G\u00f3ra Kalwaria<\/title>\n<meta name=\"description\" content=\"Strzelnica na stadionie miejskim w G\u00f3rze Kalwarii. Bro\u0144 ostra i laserowa\" \/>\n<meta name=\"robots\" content=\"index, follow, max-snippet:-1, max-image-preview:large, max-video-preview:-1\" \/>\n<link rel=\"canonical\" href=\"https:\/\/www.osirgorakalwaria.pl\/en\/rezerwacje\/\" \/>\n<meta property=\"og:locale\" content=\"en_US\" \/>\n<meta property=\"og:type\" content=\"article\" \/>\n<meta property=\"og:title\" content=\"Rezerwacje - OSiR G\u00f3ra Kalwaria\" \/>\n<meta property=\"og:description\" content=\"Strzelnica na stadionie miejskim w G\u00f3rze Kalwarii. Bro\u0144 ostra i laserowa\" \/>\n<meta property=\"og:url\" content=\"https:\/\/www.osirgorakalwaria.pl\/en\/rezerwacje\/\" \/>\n<meta property=\"og:site_name\" content=\"OSiR G\u00f3ra Kalwaria\" \/>\n<meta property=\"article:publisher\" content=\"https:\/\/www.facebook.com\/p\/OSiR-G%c3%b3ra-Kalwaria-100060829345584\/?locale=pl_PL\" \/>\n<meta property=\"article:modified_time\" content=\"2025-10-02T15:13:43+00:00\" \/>\n<meta name=\"twitter:card\" content=\"summary_large_image\" \/>\n<meta name=\"twitter:label1\" content=\"Est. reading time\" \/>\n\t<meta name=\"twitter:data1\" content=\"1 minute\" \/>\n<script type=\"application\/ld+json\" class=\"yoast-schema-graph\">{\"@context\":\"https:\/\/schema.org\",\"@graph\":[{\"@type\":\"WebPage\",\"@id\":\"https:\/\/www.osirgorakalwaria.pl\/rezerwacje\/\",\"url\":\"https:\/\/www.osirgorakalwaria.pl\/rezerwacje\/\",\"name\":\"Rezerwacje - OSiR G\u00f3ra Kalwaria\",\"isPartOf\":{\"@id\":\"https:\/\/www.osirgorakalwaria.pl\/#website\"},\"datePublished\":\"2025-06-07T19:41:02+00:00\",\"dateModified\":\"2025-10-02T15:13:43+00:00\",\"description\":\"Strzelnica na stadionie miejskim w G\u00f3rze Kalwarii. Bro\u0144 ostra i laserowa\",\"breadcrumb\":{\"@id\":\"https:\/\/www.osirgorakalwaria.pl\/rezerwacje\/#breadcrumb\"},\"inLanguage\":\"en-US\",\"potentialAction\":[{\"@type\":\"ReadAction\",\"target\":[\"https:\/\/www.osirgorakalwaria.pl\/rezerwacje\/\"]}]},{\"@type\":\"BreadcrumbList\",\"@id\":\"https:\/\/www.osirgorakalwaria.pl\/rezerwacje\/#breadcrumb\",\"itemListElement\":[{\"@type\":\"ListItem\",\"position\":1,\"name\":\"Strona g\u0142\u00f3wna\",\"item\":\"https:\/\/www.osirgorakalwaria.pl\/\"},{\"@type\":\"ListItem\",\"position\":2,\"name\":\"Rezerwacje\"}]},{\"@type\":\"WebSite\",\"@id\":\"https:\/\/www.osirgorakalwaria.pl\/#website\",\"url\":\"https:\/\/www.osirgorakalwaria.pl\/\",\"name\":\"OSiR G\u00f3ra Kalwaria\",\"description\":\"\",\"alternateName\":\"O\u015brodek Sportu i Rekreacji w G\u00f3rze Kalwarii\",\"potentialAction\":[{\"@type\":\"SearchAction\",\"target\":{\"@type\":\"EntryPoint\",\"urlTemplate\":\"https:\/\/www.osirgorakalwaria.pl\/?s={search_term_string}\"},\"query-input\":{\"@type\":\"PropertyValueSpecification\",\"valueRequired\":true,\"valueName\":\"search_term_string\"}}],\"inLanguage\":\"en-US\"}]}<\/script>\n<!-- \/ Yoast SEO plugin. -->","yoast_head_json":{"title":"Rezerwacje - OSiR G\u00f3ra Kalwaria","description":"Strzelnica na stadionie miejskim w G\u00f3rze Kalwarii. Bro\u0144 ostra i laserowa","robots":{"index":"index","follow":"follow","max-snippet":"max-snippet:-1","max-image-preview":"max-image-preview:large","max-video-preview":"max-video-preview:-1"},"canonical":"https:\/\/www.osirgorakalwaria.pl\/en\/rezerwacje\/","og_locale":"en_US","og_type":"article","og_title":"Rezerwacje - OSiR G\u00f3ra Kalwaria","og_description":"Strzelnica na stadionie miejskim w G\u00f3rze Kalwarii. Bro\u0144 ostra i laserowa","og_url":"https:\/\/www.osirgorakalwaria.pl\/en\/rezerwacje\/","og_site_name":"OSiR G\u00f3ra Kalwaria","article_publisher":"https:\/\/www.facebook.com\/p\/OSiR-G%c3%b3ra-Kalwaria-100060829345584\/?locale=pl_PL","article_modified_time":"2025-10-02T15:13:43+00:00","twitter_card":"summary_large_image","twitter_misc":{"Est. reading time":"1 minute"},"schema":{"@context":"https:\/\/schema.org","@graph":[{"@type":"WebPage","@id":"https:\/\/www.osirgorakalwaria.pl\/rezerwacje\/","url":"https:\/\/www.osirgorakalwaria.pl\/rezerwacje\/","name":"Rezerwacje - OSiR G\u00f3ra Kalwaria","isPartOf":{"@id":"https:\/\/www.osirgorakalwaria.pl\/#website"},"datePublished":"2025-06-07T19:41:02+00:00","dateModified":"2025-10-02T15:13:43+00:00","description":"Strzelnica na stadionie miejskim w G\u00f3rze Kalwarii. Bro\u0144 ostra i laserowa","breadcrumb":{"@id":"https:\/\/www.osirgorakalwaria.pl\/rezerwacje\/#breadcrumb"},"inLanguage":"en-US","potentialAction":[{"@type":"ReadAction","target":["https:\/\/www.osirgorakalwaria.pl\/rezerwacje\/"]}]},{"@type":"BreadcrumbList","@id":"https:\/\/www.osirgorakalwaria.pl\/rezerwacje\/#breadcrumb","itemListElement":[{"@type":"ListItem","position":1,"name":"Strona g\u0142\u00f3wna","item":"https:\/\/www.osirgorakalwaria.pl\/"},{"@type":"ListItem","position":2,"name":"Rezerwacje"}]},{"@type":"WebSite","@id":"https:\/\/www.osirgorakalwaria.pl\/#website","url":"https:\/\/www.osirgorakalwaria.pl\/","name":"OSiR G\u00f3ra Kalwaria","description":"","alternateName":"O\u015brodek Sportu i Rekreacji w G\u00f3rze Kalwarii","potentialAction":[{"@type":"SearchAction","target":{"@type":"EntryPoint","urlTemplate":"https:\/\/www.osirgorakalwaria.pl\/?s={search_term_string}"},"query-input":{"@type":"PropertyValueSpecification","valueRequired":true,"valueName":"search_term_string"}}],"inLanguage":"en-US"}]}},"_links":{"self":[{"href":"https:\/\/www.osirgorakalwaria.pl\/en\/wp-json\/wp\/v2\/pages\/1892","targetHints":{"allow":["GET"]}}],"collection":[{"href":"https:\/\/www.osirgorakalwaria.pl\/en\/wp-json\/wp\/v2\/pages"}],"about":[{"href":"https:\/\/www.osirgorakalwaria.pl\/en\/wp-json\/wp\/v2\/types\/page"}],"author":[{"embeddable":true,"href":"https:\/\/www.osirgorakalwaria.pl\/en\/wp-json\/wp\/v2\/users\/4"}],"replies":[{"embeddable":true,"href":"https:\/\/www.osirgorakalwaria.pl\/en\/wp-json\/wp\/v2\/comments?post=1892"}],"version-history":[{"count":16,"href":"https:\/\/www.osirgorakalwaria.pl\/en\/wp-json\/wp\/v2\/pages\/1892\/revisions"}],"predecessor-version":[{"id":2048,"href":"https:\/\/www.osirgorakalwaria.pl\/en\/wp-json\/wp\/v2\/pages\/1892\/revisions\/2048"}],"wp:attachment":[{"href":"https:\/\/www.osirgorakalwaria.pl\/en\/wp-json\/wp\/v2\/media?parent=1892"}],"curies":[{"name":"wp","href":"https:\/\/api.w.org\/{rel}","templated":true}]}}