{"id":2012,"date":"2025-09-09T11:03:34","date_gmt":"2025-09-09T09:03:34","guid":{"rendered":"https:\/\/www.osirgorakalwaria.pl\/?page_id=2012"},"modified":"2025-12-12T15:17:42","modified_gmt":"2025-12-12T14:17:42","slug":"regulaminy","status":"publish","type":"page","link":"https:\/\/www.osirgorakalwaria.pl\/en\/regulaminy\/","title":{"rendered":"Regulaminy"},"content":{"rendered":"<p><a href=\"https:\/\/www.osirgorakalwaria.pl\/wp-content\/uploads\/2025\/12\/1_REGULAMIN-HALA-BASENOWA_ZALACZNIK-6.docx\">Regulamin hali basenowej<\/a><\/p>\n\n\n\n<p><a href=\"https:\/\/www.osirgorakalwaria.pl\/wp-content\/uploads\/2025\/12\/1_REGULAMIN-PLACU-ZABAW.docx\">Regulamin placu zabaw<\/a><\/p>\n\n\n\n<p><a href=\"https:\/\/www.osirgorakalwaria.pl\/wp-content\/uploads\/2025\/12\/1_REGULAMIN-SZATNI_ZALACZNIK-1.docx\">Regulamin Szatni<\/a><\/p>\n\n\n\n<p><a href=\"https:\/\/www.osirgorakalwaria.pl\/wp-content\/uploads\/2025\/12\/2_REGULAMIN-BOISK-DO-SIATKOWKI-PLAZOWEJ.docx\">Regulamin boisk do siatk\u00f3wki pla\u017cowej<\/a><\/p>\n\n\n\n<p><a href=\"https:\/\/www.osirgorakalwaria.pl\/wp-content\/uploads\/2025\/12\/2_REGULAMIN-SAUNY_ZALACZNIK-7.docx\">Regulamin sauny<\/a><\/p>\n\n\n\n<p><a href=\"https:\/\/www.osirgorakalwaria.pl\/wp-content\/uploads\/2025\/12\/2_REGULAMIN-SZAFEK-DEPOZYTOWYCH_ZALACZNIK-2.docx\">Regulamin szafek depozytowych<\/a><\/p>\n\n\n\n<p><a href=\"https:\/\/www.osirgorakalwaria.pl\/wp-content\/uploads\/2025\/12\/3_REGULAMIN-BOISKO-Orlik-basen.docx\">Regulamin boisko orlik<\/a><\/p>\n\n\n\n<p><a href=\"https:\/\/www.osirgorakalwaria.pl\/wp-content\/uploads\/2025\/12\/3_REGULAMIN-HOL_ZALACZNIK-3.docx\">Regulamin hol<\/a><\/p>\n\n\n\n<p><a href=\"https:\/\/www.osirgorakalwaria.pl\/wp-content\/uploads\/2025\/12\/3_REGULAMIN-WANIEN-Z-HYDROMASAZEM_ZALACZNIK-8.docx\">Regulamin wanien z hydromasa\u017cem<\/a><\/p>\n\n\n\n<p><a href=\"https:\/\/www.osirgorakalwaria.pl\/wp-content\/uploads\/2025\/12\/4_REGULAMIN-SILOWNIA-WEWNETRZNA_ZALACZNIK-4.docx\">Regulamin si\u0142ownia wewn\u0119trzna<\/a><\/p>\n\n\n\n<p><a href=\"https:\/\/www.osirgorakalwaria.pl\/wp-content\/uploads\/2025\/12\/4_REGULAMIN-SILOWNIA-ZEWNETRZNA.docx\">Regulamin si\u0142ownia zewn\u0119trzna<\/a><\/p>\n\n\n\n<p><a href=\"https:\/\/www.osirgorakalwaria.pl\/wp-content\/uploads\/2025\/12\/4_REGULAMIN-ZJEZDZALNI-DLA-DZIECI-SLONIK_ZALACZNIK-9.docx\">Regulamin zje\u017cd\u017calni dla dzieci<\/a><\/p>\n\n\n\n<p><a href=\"https:\/\/www.osirgorakalwaria.pl\/wp-content\/uploads\/2025\/12\/5_REGULAMIN-SALKI-GIMNASTYCZNEJ_ZALACZNIK-5.docx\">Regulamin salki gimnastycznej<\/a><\/p>\n\n\n\n<p><a href=\"https:\/\/www.osirgorakalwaria.pl\/wp-content\/uploads\/2025\/12\/5_REGULAMIN-SKATEPARK.docx\">Regulamin skatepark<\/a><\/p>\n\n\n\n<p><a href=\"https:\/\/www.osirgorakalwaria.pl\/wp-content\/uploads\/2025\/12\/5_REGULAMIN-ZJEZDZALNI-RYNNOWEJ_ZALACZNIK-10.docx\">Regulamin zje\u017cd\u017calni rynnowej<\/a><\/p>\n\n\n\n<p><a href=\"https:\/\/www.osirgorakalwaria.pl\/wp-content\/uploads\/2025\/12\/6_REGULAMIN-PUMPTRUCK.docx\">Regulamin pumptruck<\/a><\/p>\n\n\n\n<p><a href=\"https:\/\/www.osirgorakalwaria.pl\/wp-content\/uploads\/2025\/12\/6_REGULAMIN-SZTUCZNEJ-RZEKI_ZALACZNIK-11.docx\">Regulamin sztucznej rzeki<\/a><\/p>\n\n\n\n<p><a href=\"https:\/\/www.osirgorakalwaria.pl\/wp-content\/uploads\/2025\/12\/7_REGULAMIN-BOISKA-STREETBALL.docx\">Regulamin boiska streetball<\/a><\/p>\n\n\n\n<p><a href=\"https:\/\/www.osirgorakalwaria.pl\/wp-content\/uploads\/2025\/12\/8_REGULAMIN-STADIONU-MIEJSKIEGO-W-GORZE-KALWARII.docx\">Regulamin stadionu miejskiego<\/a><\/p>\n\n\n\n<p><a href=\"https:\/\/www.osirgorakalwaria.pl\/wp-content\/uploads\/2025\/12\/9_REGULAMIN-STADIONU-W-BANIOSZE.docx\">Regulamin stadionu w Baniosze<\/a><\/p>\n\n\n\n<p><a href=\"https:\/\/www.osirgorakalwaria.pl\/wp-content\/uploads\/2025\/12\/10_REGULAMIN-BOISKO-ORLIK-BANIOCHA.docx\">Regulamin boisko orlik Baniocha<\/a><\/p>\n\n\n\n<p><a href=\"https:\/\/www.osirgorakalwaria.pl\/wp-content\/uploads\/2025\/12\/11_REGULAMIN-BOISKO-ORLIK-GORA-KALWARIA.docx\">Regulamin boisko orlik G\u00f3ra Kalwaria<\/a><\/p>\n\n\n\n<p><a href=\"https:\/\/www.osirgorakalwaria.pl\/wp-content\/uploads\/2025\/12\/12_REGULAMIN-HALA-SPORTOWA.docx\">Regulamin hala sportowa<\/a><\/p>","protected":false},"excerpt":{"rendered":"<p>Regulamin hali basenowej Regulamin placu zabaw Regulamin Szatni Regulamin boisk do siatk\u00f3wki pla\u017cowej Regulamin sauny Regulamin szafek depozytowych Regulamin boisko [&hellip;]<\/p>","protected":false},"author":4,"featured_media":0,"parent":0,"menu_order":0,"comment_status":"closed","ping_status":"closed","template":"","meta":{"_acf_changed":false,"footnotes":""},"class_list":["post-2012","page","type-page","status-publish","hentry"],"acf":[],"yoast_head":"<!-- This site is optimized with the Yoast SEO plugin v25.4 - https:\/\/yoast.com\/wordpress\/plugins\/seo\/ -->\n<title>Regulaminy - OSiR G\u00f3ra Kalwaria<\/title>\n<meta name=\"robots\" content=\"index, follow, max-snippet:-1, max-image-preview:large, max-video-preview:-1\" \/>\n<link rel=\"canonical\" href=\"https:\/\/www.osirgorakalwaria.pl\/en\/regulaminy\/\" \/>\n<meta property=\"og:locale\" content=\"en_US\" \/>\n<meta property=\"og:type\" content=\"article\" \/>\n<meta property=\"og:title\" content=\"Regulaminy - OSiR G\u00f3ra Kalwaria\" \/>\n<meta property=\"og:description\" content=\"Regulamin hali basenowej Regulamin placu zabaw Regulamin Szatni Regulamin boisk do siatk\u00f3wki pla\u017cowej Regulamin sauny Regulamin szafek depozytowych Regulamin boisko [&hellip;]\" \/>\n<meta property=\"og:url\" content=\"https:\/\/www.osirgorakalwaria.pl\/en\/regulaminy\/\" \/>\n<meta property=\"og:site_name\" content=\"OSiR G\u00f3ra Kalwaria\" \/>\n<meta property=\"article:publisher\" content=\"https:\/\/www.facebook.com\/p\/OSiR-G%c3%b3ra-Kalwaria-100060829345584\/?locale=pl_PL\" \/>\n<meta property=\"article:modified_time\" content=\"2025-12-12T14:17:42+00:00\" \/>\n<meta name=\"twitter:card\" content=\"summary_large_image\" \/>\n<meta name=\"twitter:label1\" content=\"Est. reading time\" \/>\n\t<meta name=\"twitter:data1\" content=\"1 minute\" \/>\n<script type=\"application\/ld+json\" class=\"yoast-schema-graph\">{\"@context\":\"https:\/\/schema.org\",\"@graph\":[{\"@type\":\"WebPage\",\"@id\":\"https:\/\/www.osirgorakalwaria.pl\/regulaminy\/\",\"url\":\"https:\/\/www.osirgorakalwaria.pl\/regulaminy\/\",\"name\":\"Regulaminy - OSiR G\u00f3ra Kalwaria\",\"isPartOf\":{\"@id\":\"https:\/\/www.osirgorakalwaria.pl\/#website\"},\"datePublished\":\"2025-09-09T09:03:34+00:00\",\"dateModified\":\"2025-12-12T14:17:42+00:00\",\"breadcrumb\":{\"@id\":\"https:\/\/www.osirgorakalwaria.pl\/regulaminy\/#breadcrumb\"},\"inLanguage\":\"en-US\",\"potentialAction\":[{\"@type\":\"ReadAction\",\"target\":[\"https:\/\/www.osirgorakalwaria.pl\/regulaminy\/\"]}]},{\"@type\":\"BreadcrumbList\",\"@id\":\"https:\/\/www.osirgorakalwaria.pl\/regulaminy\/#breadcrumb\",\"itemListElement\":[{\"@type\":\"ListItem\",\"position\":1,\"name\":\"Strona g\u0142\u00f3wna\",\"item\":\"https:\/\/www.osirgorakalwaria.pl\/\"},{\"@type\":\"ListItem\",\"position\":2,\"name\":\"Regulaminy\"}]},{\"@type\":\"WebSite\",\"@id\":\"https:\/\/www.osirgorakalwaria.pl\/#website\",\"url\":\"https:\/\/www.osirgorakalwaria.pl\/\",\"name\":\"OSiR G\u00f3ra Kalwaria\",\"description\":\"\",\"alternateName\":\"O\u015brodek Sportu i Rekreacji w G\u00f3rze Kalwarii\",\"potentialAction\":[{\"@type\":\"SearchAction\",\"target\":{\"@type\":\"EntryPoint\",\"urlTemplate\":\"https:\/\/www.osirgorakalwaria.pl\/?s={search_term_string}\"},\"query-input\":{\"@type\":\"PropertyValueSpecification\",\"valueRequired\":true,\"valueName\":\"search_term_string\"}}],\"inLanguage\":\"en-US\"}]}<\/script>\n<!-- \/ Yoast SEO plugin. -->","yoast_head_json":{"title":"Regulaminy - OSiR G\u00f3ra Kalwaria","robots":{"index":"index","follow":"follow","max-snippet":"max-snippet:-1","max-image-preview":"max-image-preview:large","max-video-preview":"max-video-preview:-1"},"canonical":"https:\/\/www.osirgorakalwaria.pl\/en\/regulaminy\/","og_locale":"en_US","og_type":"article","og_title":"Regulaminy - OSiR G\u00f3ra Kalwaria","og_description":"Regulamin hali basenowej Regulamin placu zabaw Regulamin Szatni Regulamin boisk do siatk\u00f3wki pla\u017cowej Regulamin sauny Regulamin szafek depozytowych Regulamin boisko [&hellip;]","og_url":"https:\/\/www.osirgorakalwaria.pl\/en\/regulaminy\/","og_site_name":"OSiR G\u00f3ra Kalwaria","article_publisher":"https:\/\/www.facebook.com\/p\/OSiR-G%c3%b3ra-Kalwaria-100060829345584\/?locale=pl_PL","article_modified_time":"2025-12-12T14:17:42+00:00","twitter_card":"summary_large_image","twitter_misc":{"Est. reading time":"1 minute"},"schema":{"@context":"https:\/\/schema.org","@graph":[{"@type":"WebPage","@id":"https:\/\/www.osirgorakalwaria.pl\/regulaminy\/","url":"https:\/\/www.osirgorakalwaria.pl\/regulaminy\/","name":"Regulaminy - OSiR G\u00f3ra Kalwaria","isPartOf":{"@id":"https:\/\/www.osirgorakalwaria.pl\/#website"},"datePublished":"2025-09-09T09:03:34+00:00","dateModified":"2025-12-12T14:17:42+00:00","breadcrumb":{"@id":"https:\/\/www.osirgorakalwaria.pl\/regulaminy\/#breadcrumb"},"inLanguage":"en-US","potentialAction":[{"@type":"ReadAction","target":["https:\/\/www.osirgorakalwaria.pl\/regulaminy\/"]}]},{"@type":"BreadcrumbList","@id":"https:\/\/www.osirgorakalwaria.pl\/regulaminy\/#breadcrumb","itemListElement":[{"@type":"ListItem","position":1,"name":"Strona g\u0142\u00f3wna","item":"https:\/\/www.osirgorakalwaria.pl\/"},{"@type":"ListItem","position":2,"name":"Regulaminy"}]},{"@type":"WebSite","@id":"https:\/\/www.osirgorakalwaria.pl\/#website","url":"https:\/\/www.osirgorakalwaria.pl\/","name":"OSiR G\u00f3ra Kalwaria","description":"","alternateName":"O\u015brodek Sportu i Rekreacji w G\u00f3rze Kalwarii","potentialAction":[{"@type":"SearchAction","target":{"@type":"EntryPoint","urlTemplate":"https:\/\/www.osirgorakalwaria.pl\/?s={search_term_string}"},"query-input":{"@type":"PropertyValueSpecification","valueRequired":true,"valueName":"search_term_string"}}],"inLanguage":"en-US"}]}},"_links":{"self":[{"href":"https:\/\/www.osirgorakalwaria.pl\/en\/wp-json\/wp\/v2\/pages\/2012","targetHints":{"allow":["GET"]}}],"collection":[{"href":"https:\/\/www.osirgorakalwaria.pl\/en\/wp-json\/wp\/v2\/pages"}],"about":[{"href":"https:\/\/www.osirgorakalwaria.pl\/en\/wp-json\/wp\/v2\/types\/page"}],"author":[{"embeddable":true,"href":"https:\/\/www.osirgorakalwaria.pl\/en\/wp-json\/wp\/v2\/users\/4"}],"replies":[{"embeddable":true,"href":"https:\/\/www.osirgorakalwaria.pl\/en\/wp-json\/wp\/v2\/comments?post=2012"}],"version-history":[{"count":7,"href":"https:\/\/www.osirgorakalwaria.pl\/en\/wp-json\/wp\/v2\/pages\/2012\/revisions"}],"predecessor-version":[{"id":2114,"href":"https:\/\/www.osirgorakalwaria.pl\/en\/wp-json\/wp\/v2\/pages\/2012\/revisions\/2114"}],"wp:attachment":[{"href":"https:\/\/www.osirgorakalwaria.pl\/en\/wp-json\/wp\/v2\/media?parent=2012"}],"curies":[{"name":"wp","href":"https:\/\/api.w.org\/{rel}","templated":true}]}}