{"id":894,"date":"2023-12-17T21:22:27","date_gmt":"2023-12-17T20:22:27","guid":{"rendered":"https:\/\/flash.lndo.site\/?page_id=894"},"modified":"2025-11-13T15:46:52","modified_gmt":"2025-11-13T14:46:52","slug":"o-nas","status":"publish","type":"page","link":"https:\/\/www.osirgorakalwaria.pl\/en\/o-nas\/","title":{"rendered":"O nas"},"content":{"rendered":"<p><\/p>\n\n\n\n<p>O\u015brodek Sportu i Rekreacji jest jednostk\u0105 bud\u017cetow\u0105, nad kt\u00f3r\u0105 nadz\u00f3r organizacyjny, merytoryczny i finansowy sprawuje Burmistrz. <\/p>\n\n\n\n<p>Siedzib\u0105 O\u015brodka Sportu i Rekreacji jest G\u00f3ra Kalwaria ul. Pijarska 119, a terenem dzia\u0142ania obszar Gminy G\u00f3ra Kalwaria. <\/p>\n\n\n\n<p>O\u015brodek aktywizuje sportowo mieszka\u0144c\u00f3w gminy G\u00f3ra Kalwaria poprzez organizacj\u0119 wydarze\u0144 sportowych, prowadzenie w\u0142asnych sekcji sportowych, organizacj\u0119 m\u0142odzie\u017cowych igrzysk a tak\u017ce popularyzuje aktywno\u015b\u0107 i rekreacj\u0119. <\/p>\n\n\n\n<p>Misj\u0105 O\u015brodka Sportu i Rekreacji jest zaspokajanie potrzeb spo\u0142ecze\u0144stwa w szeroko rozumianym zakresie \u017cycia sportowo-rekreacyjnego oraz kulturalnego.<\/p>\n\n\n\n<p><strong>Podstawowe zadania O\u015brodka:<\/strong><\/p>\n\n\n\n<ol class=\"wp-block-list\">\n<li>Administrowanie obiektami i terenami rekreacyjno-sportowymi.<\/li>\n\n\n\n<li>Zabezpieczenie w\u0142a\u015bciwej eksploatacji i konserwacji urz\u0105dze\u0144 sportowo \u2013 rekreacyjnych.<\/li>\n\n\n\n<li>Organizacja zaj\u0119\u0107, zawod\u00f3w, masowych imprez sportowo \u2013 rekreacyjnych w oparciu o funkcjonuj\u0105c\u0105 baz\u0119 sportow\u0105.<\/li>\n\n\n\n<li>Przygotowanie obiekt\u00f3w do imprez sportowych.<\/li>\n\n\n\n<li>Udost\u0119pnianie bazy sportowo-rekreacyjnej dla sekcji sportowych.<\/li>\n\n\n\n<li>Wsp\u00f3\u0142praca ze stowarzyszeniami kultury fizycznej, plac\u00f3wkami o\u015bwiatowymi oraz innymi instytucjami w zakresie zapewnienia prawid\u0142owej realizacji procesu wychowania fizycznego, uprawiania sportu i rekreacji ruchowej, propagowanie zdrowego stylu \u017cycia.<\/li>\n\n\n\n<li>Wsp\u00f3\u0142praca z klubami sportowymi dzia\u0142aj\u0105cymi na terenie gminy.<\/li>\n\n\n\n<li>Prowadzenie dzia\u0142alno\u015bci s\u0142u\u017c\u0105cej upowszechnianiu kultury fizycznej.<\/li>\n\n\n\n<li>Opracowywanie program\u00f3w rozwoju, ustalanie zasad organizacji, propagowanie i koordynowanie dzia\u0142alno\u015bci w zakresie profilaktyki zdrowotnej przez ruch oraz sport.<\/li>\n\n\n\n<li>Tworzenie warunk\u00f3w uczestnictwa w \u017cyciu sportowo-rekreacyjnym osobom niepe\u0142nosprawnym.<\/li>\n\n\n\n<li>Prowadzenie dzia\u0142alno\u015bci profilaktyczno-wychowawczej w zakresie rekreacji i kultury fizycznej dla dzieci i m\u0142odzie\u017cy, a w szczeg\u00f3lno\u015bci ze \u015brodowisk zagro\u017conych uzale\u017cnieniami.<\/li>\n\n\n\n<li>Sprawowanie nadzoru nad pozalekcyjn\u0105 dzia\u0142alno\u015bci\u0105 sportowo \u2014 rekreacyjn\u0105 w szko\u0142ach.<\/li>\n\n\n\n<li>Organizowanie i prowadzenie obowi\u0105zkowej nauki p\u0142ywania dla uczni\u00f3w szk\u00f3\u0142 podstawowych.<\/li>\n\n\n\n<li>Realizowanie zawod\u00f3w sportowych w ramach Mazowieckich Igrzysk M\u0142odzie\u017cy Szkolnej.<\/li>\n\n\n\n<li>Wsp\u00f3\u0142praca z Referatem Inwestycji w zakresie prowadzenia inwestycji sportowych.<\/li>\n\n\n\n<li>Archiwizowanie dokumentacji.<\/li>\n\n\n\n<li>Wykonywanie innych zada\u0144 zleconych przez Burmistrza.<\/li>\n<\/ol>\n\n\n\n<p>Statut prawny do pobranian <a href=\"https:\/\/www.osirgorakalwaria.pl\/wp-content\/uploads\/2024\/11\/statut.pdf\">TUTAJ<\/a><\/p>\n\n\n\n<p><\/p>","protected":false},"excerpt":{"rendered":"<p>O\u015brodek Sportu i Rekreacji jest jednostk\u0105 bud\u017cetow\u0105, nad kt\u00f3r\u0105 nadz\u00f3r organizacyjny, merytoryczny i finansowy sprawuje Burmistrz. Siedzib\u0105 O\u015brodka Sportu i [&hellip;]<\/p>","protected":false},"author":4,"featured_media":0,"parent":0,"menu_order":0,"comment_status":"closed","ping_status":"closed","template":"page-templates\/full-width.php","meta":{"_acf_changed":false,"footnotes":""},"class_list":["post-894","page","type-page","status-publish","hentry"],"acf":[],"yoast_head":"<!-- This site is optimized with the Yoast SEO plugin v25.4 - https:\/\/yoast.com\/wordpress\/plugins\/seo\/ -->\n<title>O nas - OSiR G\u00f3ra Kalwaria<\/title>\n<meta name=\"robots\" content=\"index, follow, max-snippet:-1, max-image-preview:large, max-video-preview:-1\" \/>\n<link rel=\"canonical\" href=\"https:\/\/www.osirgorakalwaria.pl\/en\/o-nas\/\" \/>\n<meta property=\"og:locale\" content=\"en_US\" \/>\n<meta property=\"og:type\" content=\"article\" \/>\n<meta property=\"og:title\" content=\"O nas - OSiR G\u00f3ra Kalwaria\" \/>\n<meta property=\"og:description\" content=\"O\u015brodek Sportu i Rekreacji jest jednostk\u0105 bud\u017cetow\u0105, nad kt\u00f3r\u0105 nadz\u00f3r organizacyjny, merytoryczny i finansowy sprawuje Burmistrz. Siedzib\u0105 O\u015brodka Sportu i [&hellip;]\" \/>\n<meta property=\"og:url\" content=\"https:\/\/www.osirgorakalwaria.pl\/en\/o-nas\/\" \/>\n<meta property=\"og:site_name\" content=\"OSiR G\u00f3ra Kalwaria\" \/>\n<meta property=\"article:publisher\" content=\"https:\/\/www.facebook.com\/p\/OSiR-G%c3%b3ra-Kalwaria-100060829345584\/?locale=pl_PL\" \/>\n<meta property=\"article:modified_time\" content=\"2025-11-13T14:46:52+00:00\" \/>\n<meta name=\"twitter:card\" content=\"summary_large_image\" \/>\n<meta name=\"twitter:label1\" content=\"Est. reading time\" \/>\n\t<meta name=\"twitter:data1\" content=\"2 minutes\" \/>\n<script type=\"application\/ld+json\" class=\"yoast-schema-graph\">{\"@context\":\"https:\/\/schema.org\",\"@graph\":[{\"@type\":\"WebPage\",\"@id\":\"https:\/\/www.osirgorakalwaria.pl\/o-nas\/\",\"url\":\"https:\/\/www.osirgorakalwaria.pl\/o-nas\/\",\"name\":\"O nas - OSiR G\u00f3ra Kalwaria\",\"isPartOf\":{\"@id\":\"https:\/\/www.osirgorakalwaria.pl\/#website\"},\"datePublished\":\"2023-12-17T20:22:27+00:00\",\"dateModified\":\"2025-11-13T14:46:52+00:00\",\"breadcrumb\":{\"@id\":\"https:\/\/www.osirgorakalwaria.pl\/o-nas\/#breadcrumb\"},\"inLanguage\":\"en-US\",\"potentialAction\":[{\"@type\":\"ReadAction\",\"target\":[\"https:\/\/www.osirgorakalwaria.pl\/o-nas\/\"]}]},{\"@type\":\"BreadcrumbList\",\"@id\":\"https:\/\/www.osirgorakalwaria.pl\/o-nas\/#breadcrumb\",\"itemListElement\":[{\"@type\":\"ListItem\",\"position\":1,\"name\":\"Strona g\u0142\u00f3wna\",\"item\":\"https:\/\/www.osirgorakalwaria.pl\/\"},{\"@type\":\"ListItem\",\"position\":2,\"name\":\"O nas\"}]},{\"@type\":\"WebSite\",\"@id\":\"https:\/\/www.osirgorakalwaria.pl\/#website\",\"url\":\"https:\/\/www.osirgorakalwaria.pl\/\",\"name\":\"OSiR G\u00f3ra Kalwaria\",\"description\":\"\",\"alternateName\":\"O\u015brodek Sportu i Rekreacji w G\u00f3rze Kalwarii\",\"potentialAction\":[{\"@type\":\"SearchAction\",\"target\":{\"@type\":\"EntryPoint\",\"urlTemplate\":\"https:\/\/www.osirgorakalwaria.pl\/?s={search_term_string}\"},\"query-input\":{\"@type\":\"PropertyValueSpecification\",\"valueRequired\":true,\"valueName\":\"search_term_string\"}}],\"inLanguage\":\"en-US\"}]}<\/script>\n<!-- \/ Yoast SEO plugin. -->","yoast_head_json":{"title":"O nas - OSiR G\u00f3ra Kalwaria","robots":{"index":"index","follow":"follow","max-snippet":"max-snippet:-1","max-image-preview":"max-image-preview:large","max-video-preview":"max-video-preview:-1"},"canonical":"https:\/\/www.osirgorakalwaria.pl\/en\/o-nas\/","og_locale":"en_US","og_type":"article","og_title":"O nas - OSiR G\u00f3ra Kalwaria","og_description":"O\u015brodek Sportu i Rekreacji jest jednostk\u0105 bud\u017cetow\u0105, nad kt\u00f3r\u0105 nadz\u00f3r organizacyjny, merytoryczny i finansowy sprawuje Burmistrz. Siedzib\u0105 O\u015brodka Sportu i [&hellip;]","og_url":"https:\/\/www.osirgorakalwaria.pl\/en\/o-nas\/","og_site_name":"OSiR G\u00f3ra Kalwaria","article_publisher":"https:\/\/www.facebook.com\/p\/OSiR-G%c3%b3ra-Kalwaria-100060829345584\/?locale=pl_PL","article_modified_time":"2025-11-13T14:46:52+00:00","twitter_card":"summary_large_image","twitter_misc":{"Est. reading time":"2 minutes"},"schema":{"@context":"https:\/\/schema.org","@graph":[{"@type":"WebPage","@id":"https:\/\/www.osirgorakalwaria.pl\/o-nas\/","url":"https:\/\/www.osirgorakalwaria.pl\/o-nas\/","name":"O nas - OSiR G\u00f3ra Kalwaria","isPartOf":{"@id":"https:\/\/www.osirgorakalwaria.pl\/#website"},"datePublished":"2023-12-17T20:22:27+00:00","dateModified":"2025-11-13T14:46:52+00:00","breadcrumb":{"@id":"https:\/\/www.osirgorakalwaria.pl\/o-nas\/#breadcrumb"},"inLanguage":"en-US","potentialAction":[{"@type":"ReadAction","target":["https:\/\/www.osirgorakalwaria.pl\/o-nas\/"]}]},{"@type":"BreadcrumbList","@id":"https:\/\/www.osirgorakalwaria.pl\/o-nas\/#breadcrumb","itemListElement":[{"@type":"ListItem","position":1,"name":"Strona g\u0142\u00f3wna","item":"https:\/\/www.osirgorakalwaria.pl\/"},{"@type":"ListItem","position":2,"name":"O nas"}]},{"@type":"WebSite","@id":"https:\/\/www.osirgorakalwaria.pl\/#website","url":"https:\/\/www.osirgorakalwaria.pl\/","name":"OSiR G\u00f3ra Kalwaria","description":"","alternateName":"O\u015brodek Sportu i Rekreacji w G\u00f3rze Kalwarii","potentialAction":[{"@type":"SearchAction","target":{"@type":"EntryPoint","urlTemplate":"https:\/\/www.osirgorakalwaria.pl\/?s={search_term_string}"},"query-input":{"@type":"PropertyValueSpecification","valueRequired":true,"valueName":"search_term_string"}}],"inLanguage":"en-US"}]}},"_links":{"self":[{"href":"https:\/\/www.osirgorakalwaria.pl\/en\/wp-json\/wp\/v2\/pages\/894","targetHints":{"allow":["GET"]}}],"collection":[{"href":"https:\/\/www.osirgorakalwaria.pl\/en\/wp-json\/wp\/v2\/pages"}],"about":[{"href":"https:\/\/www.osirgorakalwaria.pl\/en\/wp-json\/wp\/v2\/types\/page"}],"author":[{"embeddable":true,"href":"https:\/\/www.osirgorakalwaria.pl\/en\/wp-json\/wp\/v2\/users\/4"}],"replies":[{"embeddable":true,"href":"https:\/\/www.osirgorakalwaria.pl\/en\/wp-json\/wp\/v2\/comments?post=894"}],"version-history":[{"count":8,"href":"https:\/\/www.osirgorakalwaria.pl\/en\/wp-json\/wp\/v2\/pages\/894\/revisions"}],"predecessor-version":[{"id":2075,"href":"https:\/\/www.osirgorakalwaria.pl\/en\/wp-json\/wp\/v2\/pages\/894\/revisions\/2075"}],"wp:attachment":[{"href":"https:\/\/www.osirgorakalwaria.pl\/en\/wp-json\/wp\/v2\/media?parent=894"}],"curies":[{"name":"wp","href":"https:\/\/api.w.org\/{rel}","templated":true}]}}